{"id":1868,"date":"2022-08-16T20:47:48","date_gmt":"2022-08-16T18:47:48","guid":{"rendered":"https:\/\/nova.depoles.com\/trgovina\/filter-vrecka-abs8000proulf\/"},"modified":"2025-12-17T23:21:24","modified_gmt":"2025-12-17T22:21:24","slug":"filter-vrecka-abs8000proulf","status":"publish","type":"product","link":"https:\/\/www.depoles.com\/hr\/trgovina\/filter-vrecka-abs8000proulf\/","title":{"rendered":"Filter vre\u0107ica ABS8000PROULF"},"content":{"rendered":"<p><strong>Tehni\u010dni podatki<\/strong><\/p>\n<table>\n<tbody>\n<tr>\n<td><strong>Bruto te\u017ea (kg)<\/strong><\/td>\n<td>2,67<\/td>\n<\/tr>\n<tr>\n<td><strong>Neto te\u017ea (kg)<\/strong><\/td>\n<td>2,57<\/td>\n<\/tr>\n<tr>\n<td><strong>\u0160irina embala\u017ee (mm)<\/strong><\/td>\n<td>0<\/td>\n<\/tr>\n<tr>\n<td><strong>Dol\u017eina embala\u017ee (mm)<\/strong><\/td>\n<td>0<\/td>\n<\/tr>\n<tr>\n<td><strong>Vi\u0161ina embala\u017ee (mm)<\/strong><\/td>\n<td>0<\/td>\n<\/tr>\n<\/tbody>\n<\/table>\n","protected":false},"excerpt":{"rendered":"<p>Tehni\u010dni podatki Bruto te\u017ea (kg) 2,67 Neto te\u017ea (kg) 2,57 \u0160irina embala\u017ee (mm) 0 Dol\u017eina embala\u017ee (mm) 0 Vi\u0161ina embala\u017ee (mm) 0<\/p>\n","protected":false},"featured_media":1869,"template":"","meta":[],"product_brand":[],"product_cat":[1035,1012],"product_tag":[],"class_list":{"0":"post-1868","1":"product","2":"type-product","3":"status-publish","4":"has-post-thumbnail","6":"product_cat-sesalci","7":"product_cat-stroji-za-les","9":"first","10":"instock","11":"shipping-taxable","12":"purchasable","13":"product-type-simple"},"_links":{"self":[{"href":"https:\/\/www.depoles.com\/hr\/wp-json\/wp\/v2\/product\/1868","targetHints":{"allow":["GET"]}}],"collection":[{"href":"https:\/\/www.depoles.com\/hr\/wp-json\/wp\/v2\/product"}],"about":[{"href":"https:\/\/www.depoles.com\/hr\/wp-json\/wp\/v2\/types\/product"}],"wp:featuredmedia":[{"embeddable":true,"href":"https:\/\/www.depoles.com\/hr\/wp-json\/wp\/v2\/media\/1869"}],"wp:attachment":[{"href":"https:\/\/www.depoles.com\/hr\/wp-json\/wp\/v2\/media?parent=1868"}],"wp:term":[{"taxonomy":"product_brand","embeddable":true,"href":"https:\/\/www.depoles.com\/hr\/wp-json\/wp\/v2\/product_brand?post=1868"},{"taxonomy":"product_cat","embeddable":true,"href":"https:\/\/www.depoles.com\/hr\/wp-json\/wp\/v2\/product_cat?post=1868"},{"taxonomy":"product_tag","embeddable":true,"href":"https:\/\/www.depoles.com\/hr\/wp-json\/wp\/v2\/product_tag?post=1868"}],"curies":[{"name":"wp","href":"https:\/\/api.w.org\/{rel}","templated":true}]}}