{"id":1878,"date":"2022-08-16T20:47:38","date_gmt":"2022-08-16T18:47:38","guid":{"rendered":"https:\/\/nova.depoles.com\/trgovina\/pnevmatska-pritisna-greda-pdb3200\/"},"modified":"2025-12-17T14:51:39","modified_gmt":"2025-12-17T13:51:39","slug":"pnevmatska-pritisna-greda-pdb3200","status":"publish","type":"product","link":"https:\/\/www.depoles.com\/hr\/trgovina\/pnevmatska-pritisna-greda-pdb3200\/","title":{"rendered":"PNEUMATSKA PRITISNA GREDA PDB3200"},"content":{"rendered":"<p><strong>Tehni\u010dni podatki:<\/strong><\/p>\n<ul>\n<li><strong>Dimenzije (v mm):<\/strong> 3180 x 330<\/li>\n<li><strong>Te\u017ea:<\/strong>\n<ul>\n<li>Bruto te\u017ea: 48 kg<\/li>\n<li>Neto te\u017ea: 46 kg<\/li>\n<\/ul>\n<\/li>\n<li><strong>Embala\u017ea (v mm):<\/strong>\n<ul>\n<li>\u0160irina: 270<\/li>\n<li>Dol\u017eina: 3330<\/li>\n<li>Vi\u0161ina: 180<\/li>\n<\/ul>\n<\/li>\n<li><strong>Splo\u0161ni podatki:<\/strong>\n<ul>\n<li>EAN koda: 9120058379031<\/li>\n<\/ul>\n<\/li>\n<\/ul>\n","protected":false},"excerpt":{"rendered":"<h3><\/h3>\n<ul>\n<li>maks. vpenjalna dol\u017eina = 2970 mm<\/li>\n<li>2 lo\u010dena krmiljena tla\u010dna \u017earka<\/li>\n<li>maks. vi\u0161ina vpenjanja = 120 mm<\/li>\n<li>maks. gib cilindra = 100 mm<\/li>\n<li>4 valji s pritiskom vpenjanja 200 N vsak<\/li>\n<li>potreben delovni tlak 6 barov<\/li>\n<\/ul>\n","protected":false},"featured_media":1879,"template":"","meta":[],"product_brand":[],"product_cat":[1025,1012],"product_tag":[],"class_list":{"0":"post-1878","1":"product","2":"type-product","3":"status-publish","4":"has-post-thumbnail","6":"product_cat-formatne-zage","7":"product_cat-stroji-za-les","9":"first","10":"instock","11":"shipping-taxable","12":"purchasable","13":"product-type-simple"},"_links":{"self":[{"href":"https:\/\/www.depoles.com\/hr\/wp-json\/wp\/v2\/product\/1878","targetHints":{"allow":["GET"]}}],"collection":[{"href":"https:\/\/www.depoles.com\/hr\/wp-json\/wp\/v2\/product"}],"about":[{"href":"https:\/\/www.depoles.com\/hr\/wp-json\/wp\/v2\/types\/product"}],"wp:featuredmedia":[{"embeddable":true,"href":"https:\/\/www.depoles.com\/hr\/wp-json\/wp\/v2\/media\/1879"}],"wp:attachment":[{"href":"https:\/\/www.depoles.com\/hr\/wp-json\/wp\/v2\/media?parent=1878"}],"wp:term":[{"taxonomy":"product_brand","embeddable":true,"href":"https:\/\/www.depoles.com\/hr\/wp-json\/wp\/v2\/product_brand?post=1878"},{"taxonomy":"product_cat","embeddable":true,"href":"https:\/\/www.depoles.com\/hr\/wp-json\/wp\/v2\/product_cat?post=1878"},{"taxonomy":"product_tag","embeddable":true,"href":"https:\/\/www.depoles.com\/hr\/wp-json\/wp\/v2\/product_tag?post=1878"}],"curies":[{"name":"wp","href":"https:\/\/api.w.org\/{rel}","templated":true}]}}