{"id":1881,"date":"2022-08-16T20:47:35","date_gmt":"2022-08-16T18:47:35","guid":{"rendered":"https:\/\/nova.depoles.com\/trgovina\/panelna-zaga-fks400vf32gold_400\/"},"modified":"2026-02-12T13:38:48","modified_gmt":"2026-02-12T12:38:48","slug":"panelna-zaga-fks400vf32gold_400","status":"publish","type":"product","link":"https:\/\/www.depoles.com\/hr\/trgovina\/panelna-zaga-fks400vf32gold_400\/","title":{"rendered":"FORMATNA PILA FKS400VF32GOLD 3 OSI"},"content":{"rendered":"<p><strong>Tehni\u010dni podatki<\/strong><\/p>\n<ul>\n<li><strong>Podatki o motorju<\/strong>\n<ul>\n<li>Mo\u010d motorja S1: 4000 W (750 W)<\/li>\n<li>Napetost: 400 V \/ 50 Hz<\/li>\n<\/ul>\n<\/li>\n<li><strong>Dimenzije<\/strong>\n<ul>\n<li>Vi\u0161ina mize: 860 mm<\/li>\n<li>Drsna miza: 3200 x 400 mm<\/li>\n<li>Izvle\u010dna miza: 1320 x 660 mm<\/li>\n<li>Sesalni priklju\u010dek: 120 mm<\/li>\n<li>Skupne dimenzije: 3420 x 3670 (+1070) x 1815 mm<\/li>\n<\/ul>\n<\/li>\n<li><strong>Rezanje<\/strong>\n<ul>\n<li>Maksimalna vi\u0161ina reza pri 90\u00b0: 130 mm<\/li>\n<li>Maksimalna vi\u0161ina reza pri 45\u00b0: 80 mm<\/li>\n<li>Maksimalna \u0161irina reza ob vzporedni ograji: 1260 mm<\/li>\n<\/ul>\n<\/li>\n<li><strong>Kro\u017ene \u017eage<\/strong>\n<ul>\n<li>Premer \u017eaginega lista: 350 &#8211; 400 mm (\/30)<\/li>\n<li>Hitrost \u017eaginega lista: 5200 \/ 5700 min\u207b\u00b9<\/li>\n<li>Premer \u017eaginega lista za narezovanje: \u00d8120 x 20 mm<\/li>\n<li>Mo\u010d motorja za narezovalno enoto: 750 W<\/li>\n<li>Hitrost narezovalne enote: 6000 min\u207b\u00b9<\/li>\n<li>Uglovna nastavljivost \u017eaginega lista: 0-45\u00b0<\/li>\n<\/ul>\n<\/li>\n<li><strong>Te\u017ea<\/strong>\n<ul>\n<li>Bruto te\u017ea: 1100 kg<\/li>\n<li>Netto te\u017ea: 865 kg<\/li>\n<\/ul>\n<\/li>\n<li><strong>Embal\u017ea\u017ea<\/strong>\n<ul>\n<li>\u0160irina embala\u017ee: 2360 mm<\/li>\n<li>Dol\u017eina embala\u017ee: 3280 mm<\/li>\n<li>Vi\u0161ina embala\u017ee: 1320 mm<\/li>\n<\/ul>\n<\/li>\n<li><strong>Splo\u0161ni podatki<\/strong>\n<ul>\n<li>EAN koda: 9120058379109<\/li>\n<\/ul>\n<\/li>\n<\/ul>\n","protected":false},"excerpt":{"rendered":"<h3>NC 3 axe vodena formatna \u017eaga<\/h3>\n<ul>\n<li>trdna zasnova z pozicioniranjem odporne ograje preko elektromotorja (vnos na zaslonu) z visoko natan\u010dnostjo.<\/li>\n<li>z veliko aluminijasto drsno mizo in mizo z izvle\u010dkom, idealno za obdelavo velikih obdelovancev, kot tudi za rezanje velikih, te\u017ekih plo\u0161\u010d.<\/li>\n<li>Delovna miza iz litega \u017eeleza (910 x 550 mm) vklj. mizni podalj\u0161ek (910 x 790 mm) in mizni podalj\u0161ek (1000 x 535 mm) iz masivne jeklene konstrukcije<\/li>\n<li>vklju\u010dno z zapisovalnikom z lastnim motorjem in ro\u010dno nastavitvijo vi\u0161ine in strani<\/li>\n<li>elektri\u010dno nagibni \u017eagin list 0\u00b0-45\u00b0 (preko zaslona)<\/li>\n<li>elektri\u010dna nastavitev vi\u0161ine lista glavne \u017eage (preko zaslona)<\/li>\n<li>start-stop \u017eage mo\u017een v 3 delovnih polo\u017eajih<\/li>\n<\/ul>\n<p><strong>Vklju\u010deno v dobavo:<\/strong> stroj z zaslonom, dr\u017ealo, majhno zajeralno ograjo, brez glavnega in rezilnega lista \u017eage.<\/p>\n","protected":false},"featured_media":1882,"template":"","meta":[],"product_brand":[],"product_cat":[1025,1012],"product_tag":[377,632,918],"class_list":{"0":"post-1881","1":"product","2":"type-product","3":"status-publish","4":"has-post-thumbnail","6":"product_cat-formatne-zage","7":"product_cat-stroji-za-les","8":"product_tag-formatna","9":"product_tag-pila","10":"product_tag-zaga","12":"first","13":"instock","14":"shipping-taxable","15":"purchasable","16":"product-type-simple"},"_links":{"self":[{"href":"https:\/\/www.depoles.com\/hr\/wp-json\/wp\/v2\/product\/1881","targetHints":{"allow":["GET"]}}],"collection":[{"href":"https:\/\/www.depoles.com\/hr\/wp-json\/wp\/v2\/product"}],"about":[{"href":"https:\/\/www.depoles.com\/hr\/wp-json\/wp\/v2\/types\/product"}],"wp:featuredmedia":[{"embeddable":true,"href":"https:\/\/www.depoles.com\/hr\/wp-json\/wp\/v2\/media\/1882"}],"wp:attachment":[{"href":"https:\/\/www.depoles.com\/hr\/wp-json\/wp\/v2\/media?parent=1881"}],"wp:term":[{"taxonomy":"product_brand","embeddable":true,"href":"https:\/\/www.depoles.com\/hr\/wp-json\/wp\/v2\/product_brand?post=1881"},{"taxonomy":"product_cat","embeddable":true,"href":"https:\/\/www.depoles.com\/hr\/wp-json\/wp\/v2\/product_cat?post=1881"},{"taxonomy":"product_tag","embeddable":true,"href":"https:\/\/www.depoles.com\/hr\/wp-json\/wp\/v2\/product_tag?post=1881"}],"curies":[{"name":"wp","href":"https:\/\/api.w.org\/{rel}","templated":true}]}}