{"id":1892,"date":"2022-08-16T20:47:33","date_gmt":"2022-08-16T18:47:33","guid":{"rendered":"https:\/\/nova.depoles.com\/trgovina\/set-podaljskov-za-mizarsko-zago-ts400zal_400v\/"},"modified":"2025-12-17T23:21:44","modified_gmt":"2025-12-17T22:21:44","slug":"set-podaljskov-za-mizarsko-zago-ts400zal_400v","status":"publish","type":"product","link":"https:\/\/www.depoles.com\/hr\/trgovina\/set-podaljskov-za-mizarsko-zago-ts400zal_400v\/","title":{"rendered":"Set nastavaka za stolnu pilu TS400ZAL_400V"},"content":{"rendered":"<p><strong>Tehni\u010dni podatki<\/strong><\/p>\n<ul>\n<li><strong>Dimenzije (mm):<\/strong> 3600 x 1400 x 1180<\/li>\n<li><strong>Te\u017ea:<\/strong>\n<ul>\n<li>neto te\u017ea: 60 kg<\/li>\n<li>bruto te\u017ea: 63 kg<\/li>\n<\/ul>\n<\/li>\n<li><strong>Embala\u017ea (mm):<\/strong>\n<ul>\n<li>vi\u0161ina: 300<\/li>\n<li>\u0161irina: 620<\/li>\n<li>dol\u017eina: 1520<\/li>\n<\/ul>\n<\/li>\n<li><strong>Splo\u0161ni podatki:<\/strong>\n<ul>\n<li>EAN koda: 9120039902326<\/li>\n<\/ul>\n<\/li>\n<\/ul>\n","protected":false},"excerpt":{"rendered":"<h3> Poudarki <\/h3>\n<ul>\n<li> Preizkusna tabela zmagovalcev \u017eaga test-vergleiche.com <\/li>\n<li> za\u010detni model z odli\u010dnim razmerjem med ceno in uspe\u0161nostjo <\/li>\n<li> zelo robustna in stabilna miza iz litega \u017eeleza vklj. raz\u0161iritvena tabela <\/li>\n<li> uporabniku prijazna, gladka in natan\u010dna nastavitev vi\u0161ine in kota z ro\u010dnim kolesom <\/li>\n<li> odtrgati ograjo <\/li>\n<\/ul>\n<p> <strong>Vsebina izdelka:<\/strong> rezilo HM \u017eage 200 mm, okrasna ograja, ograja, riving no\u017e, drsnik, varnostni pokrov <\/p><\/p>\n","protected":false},"featured_media":1893,"template":"","meta":[],"product_brand":[],"product_cat":[1028,1012],"product_tag":[],"class_list":{"0":"post-1892","1":"product","2":"type-product","3":"status-publish","4":"has-post-thumbnail","6":"product_cat-mizne-zage","7":"product_cat-stroji-za-les","9":"first","10":"instock","11":"shipping-taxable","12":"purchasable","13":"product-type-simple"},"_links":{"self":[{"href":"https:\/\/www.depoles.com\/hr\/wp-json\/wp\/v2\/product\/1892","targetHints":{"allow":["GET"]}}],"collection":[{"href":"https:\/\/www.depoles.com\/hr\/wp-json\/wp\/v2\/product"}],"about":[{"href":"https:\/\/www.depoles.com\/hr\/wp-json\/wp\/v2\/types\/product"}],"wp:featuredmedia":[{"embeddable":true,"href":"https:\/\/www.depoles.com\/hr\/wp-json\/wp\/v2\/media\/1893"}],"wp:attachment":[{"href":"https:\/\/www.depoles.com\/hr\/wp-json\/wp\/v2\/media?parent=1892"}],"wp:term":[{"taxonomy":"product_brand","embeddable":true,"href":"https:\/\/www.depoles.com\/hr\/wp-json\/wp\/v2\/product_brand?post=1892"},{"taxonomy":"product_cat","embeddable":true,"href":"https:\/\/www.depoles.com\/hr\/wp-json\/wp\/v2\/product_cat?post=1892"},{"taxonomy":"product_tag","embeddable":true,"href":"https:\/\/www.depoles.com\/hr\/wp-json\/wp\/v2\/product_tag?post=1892"}],"curies":[{"name":"wp","href":"https:\/\/api.w.org\/{rel}","templated":true}]}}