{"id":1894,"date":"2022-08-16T20:47:32","date_gmt":"2022-08-16T18:47:32","guid":{"rendered":"https:\/\/nova.depoles.com\/trgovina\/komplet-brusilnih-plosc-z-jezkom-1xk60-3xk80-3xk100-3xk120-stk203set\/"},"modified":"2025-12-17T23:21:48","modified_gmt":"2025-12-17T22:21:48","slug":"komplet-brusilnih-plosc-z-jezkom-1xk60-3xk80-3xk100-3xk120-stk203set","status":"publish","type":"product","link":"https:\/\/www.depoles.com\/hr\/trgovina\/komplet-brusilnih-plosc-z-jezkom-1xk60-3xk80-3xk100-3xk120-stk203set\/","title":{"rendered":"Set brusnih plo\u010dica s \u010di\u010dkom 1xK60 3xK80 3xK100 3xK120 STK203SET"},"content":{"rendered":"<p><strong>Specifikacije izdelka:<\/strong><\/p>\n<table>\n<tbody>\n<tr>\n<th colspan=\"2\">Te\u017ea<\/th>\n<\/tr>\n<tr>\n<td>Bruto te\u017ea (kg)<\/td>\n<td>0,20<\/td>\n<\/tr>\n<tr>\n<td>Netto te\u017ea (kg)<\/td>\n<td>0,10<\/td>\n<\/tr>\n<tr>\n<th colspan=\"2\">Embala\u017ea<\/th>\n<\/tr>\n<tr>\n<td>\u0160irina embala\u017ee (mm)<\/td>\n<td>915<\/td>\n<\/tr>\n<tr>\n<td>Dol\u017eina embala\u017ee (mm)<\/td>\n<td>100<\/td>\n<\/tr>\n<tr>\n<td>Vi\u0161ina embala\u017ee (mm)<\/td>\n<td>10<\/td>\n<\/tr>\n<tr>\n<th colspan=\"2\">Splo\u0161ni podatki<\/th>\n<\/tr>\n<tr>\n<td>EAN koda<\/td>\n<td>9120058377341<\/td>\n<\/tr>\n<\/tbody>\n<\/table>\n","protected":false},"excerpt":{"rendered":"<p>Specifikacije izdelka: Te\u017ea Bruto te\u017ea (kg) 0,20 Netto te\u017ea (kg) 0,10 Embala\u017ea \u0160irina embala\u017ee (mm) 915 Dol\u017eina embala\u017ee (mm) 100 Vi\u0161ina embala\u017ee (mm) 10 Splo\u0161ni podatki EAN koda 9120058377341<\/p>\n","protected":false},"featured_media":1895,"template":"","meta":[],"product_brand":[],"product_cat":[1023,1012],"product_tag":[],"class_list":{"0":"post-1894","1":"product","2":"type-product","3":"status-publish","4":"has-post-thumbnail","6":"product_cat-brusilke","7":"product_cat-stroji-za-les","9":"first","10":"instock","11":"shipping-taxable","12":"purchasable","13":"product-type-simple"},"_links":{"self":[{"href":"https:\/\/www.depoles.com\/hr\/wp-json\/wp\/v2\/product\/1894","targetHints":{"allow":["GET"]}}],"collection":[{"href":"https:\/\/www.depoles.com\/hr\/wp-json\/wp\/v2\/product"}],"about":[{"href":"https:\/\/www.depoles.com\/hr\/wp-json\/wp\/v2\/types\/product"}],"wp:featuredmedia":[{"embeddable":true,"href":"https:\/\/www.depoles.com\/hr\/wp-json\/wp\/v2\/media\/1895"}],"wp:attachment":[{"href":"https:\/\/www.depoles.com\/hr\/wp-json\/wp\/v2\/media?parent=1894"}],"wp:term":[{"taxonomy":"product_brand","embeddable":true,"href":"https:\/\/www.depoles.com\/hr\/wp-json\/wp\/v2\/product_brand?post=1894"},{"taxonomy":"product_cat","embeddable":true,"href":"https:\/\/www.depoles.com\/hr\/wp-json\/wp\/v2\/product_cat?post=1894"},{"taxonomy":"product_tag","embeddable":true,"href":"https:\/\/www.depoles.com\/hr\/wp-json\/wp\/v2\/product_tag?post=1894"}],"curies":[{"name":"wp","href":"https:\/\/api.w.org\/{rel}","templated":true}]}}