{"id":1896,"date":"2022-08-16T20:47:31","date_gmt":"2022-08-16T18:47:31","guid":{"rendered":"https:\/\/nova.depoles.com\/trgovina\/brusilni-disk-z-jezkom-o203xk80-stk203k80\/"},"modified":"2025-12-17T23:21:51","modified_gmt":"2025-12-17T22:21:51","slug":"brusilni-disk-z-jezkom-o203xk80-stk203k80","status":"publish","type":"product","link":"https:\/\/www.depoles.com\/hr\/trgovina\/brusilni-disk-z-jezkom-o203xk80-stk203k80\/","title":{"rendered":"Brusni disk s je\u017eom \u00d8203xK80 STK203K80"},"content":{"rendered":"<p><strong>Tehni\u010dni podatki<\/strong><\/p>\n<ul>\n<li><strong>Te\u017ea<\/strong>\n<ul>\n<li>Bruto te\u017ea: 0,20 kg<\/li>\n<li>Netto te\u017ea: 0,10 kg<\/li>\n<\/ul>\n<\/li>\n<li><strong>Embala\u017ea<\/strong>\n<ul>\n<li>\u0160irina embala\u017ee: 915 mm<\/li>\n<li>Dol\u017eina embala\u017ee: 100 mm<\/li>\n<li>Vi\u0161ina embala\u017ee: 10 mm<\/li>\n<\/ul>\n<\/li>\n<li><strong>Splo\u0161ni podatki<\/strong>\n<ul>\n<li>EAN koda: 9120058377303<\/li>\n<\/ul>\n<\/li>\n<\/ul>\n","protected":false},"excerpt":{"rendered":"<p>Tehni\u010dni podatki Te\u017ea Bruto te\u017ea: 0,20 kg Netto te\u017ea: 0,10 kg Embala\u017ea \u0160irina embala\u017ee: 915 mm Dol\u017eina embala\u017ee: 100 mm Vi\u0161ina embala\u017ee: 10 mm Splo\u0161ni podatki EAN koda: 9120058377303<\/p>\n","protected":false},"featured_media":1897,"template":"","meta":[],"product_brand":[],"product_cat":[1023,1012],"product_tag":[],"class_list":{"0":"post-1896","1":"product","2":"type-product","3":"status-publish","4":"has-post-thumbnail","6":"product_cat-brusilke","7":"product_cat-stroji-za-les","9":"first","10":"instock","11":"shipping-taxable","12":"purchasable","13":"product-type-simple"},"_links":{"self":[{"href":"https:\/\/www.depoles.com\/hr\/wp-json\/wp\/v2\/product\/1896","targetHints":{"allow":["GET"]}}],"collection":[{"href":"https:\/\/www.depoles.com\/hr\/wp-json\/wp\/v2\/product"}],"about":[{"href":"https:\/\/www.depoles.com\/hr\/wp-json\/wp\/v2\/types\/product"}],"wp:featuredmedia":[{"embeddable":true,"href":"https:\/\/www.depoles.com\/hr\/wp-json\/wp\/v2\/media\/1897"}],"wp:attachment":[{"href":"https:\/\/www.depoles.com\/hr\/wp-json\/wp\/v2\/media?parent=1896"}],"wp:term":[{"taxonomy":"product_brand","embeddable":true,"href":"https:\/\/www.depoles.com\/hr\/wp-json\/wp\/v2\/product_brand?post=1896"},{"taxonomy":"product_cat","embeddable":true,"href":"https:\/\/www.depoles.com\/hr\/wp-json\/wp\/v2\/product_cat?post=1896"},{"taxonomy":"product_tag","embeddable":true,"href":"https:\/\/www.depoles.com\/hr\/wp-json\/wp\/v2\/product_tag?post=1896"}],"curies":[{"name":"wp","href":"https:\/\/api.w.org\/{rel}","templated":true}]}}