{"id":1912,"date":"2022-08-16T20:47:24","date_gmt":"2022-08-16T18:47:24","guid":{"rendered":"https:\/\/nova.depoles.com\/trgovina\/vpenjalna-glava-6-mm-fs160lspz6\/"},"modified":"2025-12-17T23:22:25","modified_gmt":"2025-12-17T22:22:25","slug":"vpenjalna-glava-6-mm-fs160lspz6","status":"publish","type":"product","link":"https:\/\/www.depoles.com\/hr\/trgovina\/vpenjalna-glava-6-mm-fs160lspz6\/","title":{"rendered":"Stezna glava 6 mm FS160LSPZ6"},"content":{"rendered":"<p><strong>Tehni\u010dni podatki<\/strong><\/p>\n<table>\n<tbody>\n<tr>\n<td><strong>Te\u017ea<\/strong><\/td>\n<td><\/td>\n<\/tr>\n<tr>\n<td>Bruto te\u017ea<\/td>\n<td>0,10 kg<\/td>\n<\/tr>\n<tr>\n<td>Neto te\u017ea<\/td>\n<td>0,08 kg<\/td>\n<\/tr>\n<tr>\n<td><strong>Embala\u017ea<\/strong><\/td>\n<td><\/td>\n<\/tr>\n<tr>\n<td>\u0160irina embala\u017ee<\/td>\n<td>40 mm<\/td>\n<\/tr>\n<tr>\n<td>Dol\u017eina embala\u017ee<\/td>\n<td>50 mm<\/td>\n<\/tr>\n<tr>\n<td>Vi\u0161ina embala\u017ee<\/td>\n<td>50 mm<\/td>\n<\/tr>\n<\/tbody>\n<\/table>\n","protected":false},"excerpt":{"rendered":"<p>Tehni\u010dni podatki Te\u017ea Bruto te\u017ea 0,10 kg Neto te\u017ea 0,08 kg Embala\u017ea \u0160irina embala\u017ee 40 mm Dol\u017eina embala\u017ee 50 mm Vi\u0161ina embala\u017ee 50 mm<\/p>\n","protected":false},"featured_media":1913,"template":"","meta":[],"product_brand":[],"product_cat":[1032,1012],"product_tag":[],"class_list":{"0":"post-1912","1":"product","2":"type-product","3":"status-publish","4":"has-post-thumbnail","6":"product_cat-rezkarji-glodalice","7":"product_cat-stroji-za-les","9":"first","10":"instock","11":"shipping-taxable","12":"purchasable","13":"product-type-simple"},"_links":{"self":[{"href":"https:\/\/www.depoles.com\/hr\/wp-json\/wp\/v2\/product\/1912","targetHints":{"allow":["GET"]}}],"collection":[{"href":"https:\/\/www.depoles.com\/hr\/wp-json\/wp\/v2\/product"}],"about":[{"href":"https:\/\/www.depoles.com\/hr\/wp-json\/wp\/v2\/types\/product"}],"wp:featuredmedia":[{"embeddable":true,"href":"https:\/\/www.depoles.com\/hr\/wp-json\/wp\/v2\/media\/1913"}],"wp:attachment":[{"href":"https:\/\/www.depoles.com\/hr\/wp-json\/wp\/v2\/media?parent=1912"}],"wp:term":[{"taxonomy":"product_brand","embeddable":true,"href":"https:\/\/www.depoles.com\/hr\/wp-json\/wp\/v2\/product_brand?post=1912"},{"taxonomy":"product_cat","embeddable":true,"href":"https:\/\/www.depoles.com\/hr\/wp-json\/wp\/v2\/product_cat?post=1912"},{"taxonomy":"product_tag","embeddable":true,"href":"https:\/\/www.depoles.com\/hr\/wp-json\/wp\/v2\/product_tag?post=1912"}],"curies":[{"name":"wp","href":"https:\/\/api.w.org\/{rel}","templated":true}]}}