{"id":1916,"date":"2022-08-16T20:46:56","date_gmt":"2022-08-16T18:46:56","guid":{"rendered":"https:\/\/nova.depoles.com\/trgovina\/rezkar-mizni-tfm610v_230v\/"},"modified":"2026-02-12T13:46:55","modified_gmt":"2026-02-12T12:46:55","slug":"rezkar-mizni-tfm610v_230v","status":"publish","type":"product","link":"https:\/\/www.depoles.com\/hr\/trgovina\/rezkar-mizni-tfm610v_230v\/","title":{"rendered":"STOLNI GLODALICA TFM610V_230V"},"content":{"rendered":"<p><strong>Tehni\u010dna specifikacija<\/strong><\/p>\n<ul>\n<li><strong>Podatki o motorju<\/strong>\n<ul>\n<li>Moc motorja S1: 1500 W<\/li>\n<li>Napetost: 230V \/ 50Hz<\/li>\n<li>Dol\u017eina kabla: 2 m<\/li>\n<\/ul>\n<\/li>\n<li><strong>Dimenzije<\/strong>\n<ul>\n<li>Velikost mize: 610 x 360 mm<\/li>\n<li>Vi\u0161ina mize: 310 mm<\/li>\n<li>Podalj\u0161ek mize: 210 x 360 mm<\/li>\n<li>Skupne dimenzije: 1035 x 690 x 555 mm<\/li>\n<li>Sesalni priklju\u010dek: \u00d8 100 mm<\/li>\n<\/ul>\n<\/li>\n<li><strong>Tehni\u010dni podatki<\/strong>\n<ul>\n<li>Hitrost vretena za rezkanje: 11.500 &#8211; 24.000 min\u207b\u00b9<\/li>\n<li>Hod vretena: 0 &#8211; 40 mm<\/li>\n<li>Odprtina mize: 32 \/ 47 \/ 55 mm<\/li>\n<li>Maksimalni premer orodja pod mizo: 50 mm<\/li>\n<li>Maksimalni premer orodja nad mizo: 50 mm<\/li>\n<\/ul>\n<\/li>\n<li><strong>Raven zvoka in vibracije<\/strong>\n<ul>\n<li>Raven zvo\u010dne mo\u010di: 89 dB(A)<\/li>\n<li>Raven zvo\u010dnega tlaka: 102 dB(A)<\/li>\n<\/ul>\n<\/li>\n<li><strong>Te\u017ea<\/strong>\n<ul>\n<li>Bruto te\u017ea: 23 kg<\/li>\n<li>Netto te\u017ea: 21 kg<\/li>\n<\/ul>\n<\/li>\n<li><strong>Embala\u017ea<\/strong>\n<ul>\n<li>\u0160irina embala\u017ee: 535 mm<\/li>\n<li>Dol\u017eina embala\u017ee: 670 mm<\/li>\n<li>Vi\u0161ina embala\u017ee: 390 mm<\/li>\n<\/ul>\n<\/li>\n<li><strong>Splo\u0161ni podatki<\/strong>\n<ul>\n<li>EAN koda: 9120058378010<\/li>\n<\/ul>\n<\/li>\n<\/ul>\n","protected":false},"excerpt":{"rendered":"<h3>MIZNI REZKAR TFM 610<\/h3>\n<p><span style=\"color: #339966\"><strong>NA ZALOGI\/TUDI NA OBROKE\/LEANPAY<\/strong><\/span><\/p>\n<ul>\n<li>Namizni rezkar v kompaktni izvedbi kot nala\u0161\u010d za doma\u010de mojstre<\/li>\n<li>Obmo\u010dje hitrosti nastavljivo od 11500-24000min-1 (6 stopenj)<\/li>\n<li>Nastavljiva vi\u0161ina vretena od 0-40 mm (vklju\u010dno z indikatorjem)<\/li>\n<li>Zmogljiv motor<\/li>\n<li>vklju\u010deni razli\u010dni serijski dodatki<\/li>\n<\/ul>\n<p><strong>Vklju\u010deno v dobavo:<\/strong> nastavek za \u00f86, \u00f88 in 12 mm, 2-kratna podalj\u0161ka mize (za obe strani), manometer, rezkar \/ vodilo iz aluminija, drsni les<\/p>\n","protected":false},"featured_media":1917,"template":"","meta":[],"product_brand":[],"product_cat":[1032,1012],"product_tag":[],"class_list":{"0":"post-1916","1":"product","2":"type-product","3":"status-publish","4":"has-post-thumbnail","6":"product_cat-rezkarji-glodalice","7":"product_cat-stroji-za-les","9":"first","10":"instock","11":"shipping-taxable","12":"purchasable","13":"product-type-simple"},"_links":{"self":[{"href":"https:\/\/www.depoles.com\/hr\/wp-json\/wp\/v2\/product\/1916","targetHints":{"allow":["GET"]}}],"collection":[{"href":"https:\/\/www.depoles.com\/hr\/wp-json\/wp\/v2\/product"}],"about":[{"href":"https:\/\/www.depoles.com\/hr\/wp-json\/wp\/v2\/types\/product"}],"wp:featuredmedia":[{"embeddable":true,"href":"https:\/\/www.depoles.com\/hr\/wp-json\/wp\/v2\/media\/1917"}],"wp:attachment":[{"href":"https:\/\/www.depoles.com\/hr\/wp-json\/wp\/v2\/media?parent=1916"}],"wp:term":[{"taxonomy":"product_brand","embeddable":true,"href":"https:\/\/www.depoles.com\/hr\/wp-json\/wp\/v2\/product_brand?post=1916"},{"taxonomy":"product_cat","embeddable":true,"href":"https:\/\/www.depoles.com\/hr\/wp-json\/wp\/v2\/product_cat?post=1916"},{"taxonomy":"product_tag","embeddable":true,"href":"https:\/\/www.depoles.com\/hr\/wp-json\/wp\/v2\/product_tag?post=1916"}],"curies":[{"name":"wp","href":"https:\/\/api.w.org\/{rel}","templated":true}]}}