{"id":1937,"date":"2022-08-16T14:00:40","date_gmt":"2022-08-16T12:00:40","guid":{"rendered":"https:\/\/nova.depoles.com\/trgovina\/formatna-zaga-fz-400-m-robland\/"},"modified":"2022-08-16T14:00:40","modified_gmt":"2022-08-16T12:00:40","slug":"formatna-zaga-fz-400-m-robland","status":"publish","type":"product","link":"https:\/\/www.depoles.com\/hr\/trgovina\/formatna-zaga-fz-400-m-robland\/","title":{"rendered":"FORMATNA PILA FZ 400 M ROBLAND"},"content":{"rendered":"","protected":false},"excerpt":{"rendered":"<ul>\n<li>stroj namenjen za najzahtevnej\u0161ega uporabnika za obrt in industrijo<\/li>\n<li>ro\u010dni dvig spust in nagib \u017eagalnega agregata (OPCIJA : ELEKTRO)<\/li>\n<li>VRHUNSKI alu formatni voz 3500 x 355 mm<\/li>\n<li>glavni motor 6,6Ks \/opcija 7,5Ks\/400V<\/li>\n<li class=\"p1\">Hitrost vrtenja glavne \u017eage 4000 obr\/mo\u017enost 3000 \/ 4000 \/ 5000<\/li>\n<li class=\"p1\">Premer \u017eage 400 mm<\/li>\n<li>predrezilo 120 mm\/1Ks (opcija)<\/li>\n<li class=\"p1\">\u0160irina reza paralelno Z3 1200 mm<\/li>\n<li class=\"p1\">Dol\u017eina pre\u010dnega vodila izvle\u010dno 1565 mm (teleskopsko do 2550 mm)+2 omejilca<\/li>\n<li class=\"p1\">Priklop\u00a0 za odsesavanje prahu 100 mm v okvirju + 60 mm na \u017eagi \/ 100 mm z zgornjim \u0161\u010ditom<\/li>\n<\/ul>\n<p>Za dodatne opcije strojev ROBLAND zahtevajte pismeno ponudbo na mail: <a href=\"mailto:info@depoles.com\">info@depoles.com<\/a><\/p>\n<p>OPCIJE: motorji 230V -MONOFAZ, elektro pomiki, X1 NC voden stroj , kapa na drogu<\/p>\n<ul>\n<li>za ostale informacije po\u0161l\u010djite povpra\u0161evanje na mail: <a href=\"mailto:info@depoles.com\">info@depoles.com<\/a><\/li>\n<\/ul>\n<p><a href=\"https:\/\/robland.com\/wp-content\/uploads\/2022\/07\/Z-EN-LR.pdf\" target=\"_blank\" rel=\"noopener\"><strong>PDF bro\u0161ura<\/strong><\/a><\/p>\n","protected":false},"featured_media":1938,"template":"","meta":[],"product_brand":[],"product_cat":[1025,1012],"product_tag":[314,377,387,632,712,908,918],"class_list":{"0":"post-1937","1":"product","2":"type-product","3":"status-publish","4":"has-post-thumbnail","6":"product_cat-formatne-zage","7":"product_cat-stroji-za-les","8":"product_tag-depoles","9":"product_tag-formatna","10":"product_tag-fz400m","11":"product_tag-pila","12":"product_tag-robland","13":"product_tag-z400","14":"product_tag-zaga","16":"first","17":"onbackorder","18":"shipping-taxable","19":"product-type-simple"},"_links":{"self":[{"href":"https:\/\/www.depoles.com\/hr\/wp-json\/wp\/v2\/product\/1937","targetHints":{"allow":["GET"]}}],"collection":[{"href":"https:\/\/www.depoles.com\/hr\/wp-json\/wp\/v2\/product"}],"about":[{"href":"https:\/\/www.depoles.com\/hr\/wp-json\/wp\/v2\/types\/product"}],"wp:featuredmedia":[{"embeddable":true,"href":"https:\/\/www.depoles.com\/hr\/wp-json\/wp\/v2\/media\/1938"}],"wp:attachment":[{"href":"https:\/\/www.depoles.com\/hr\/wp-json\/wp\/v2\/media?parent=1937"}],"wp:term":[{"taxonomy":"product_brand","embeddable":true,"href":"https:\/\/www.depoles.com\/hr\/wp-json\/wp\/v2\/product_brand?post=1937"},{"taxonomy":"product_cat","embeddable":true,"href":"https:\/\/www.depoles.com\/hr\/wp-json\/wp\/v2\/product_cat?post=1937"},{"taxonomy":"product_tag","embeddable":true,"href":"https:\/\/www.depoles.com\/hr\/wp-json\/wp\/v2\/product_tag?post=1937"}],"curies":[{"name":"wp","href":"https:\/\/api.w.org\/{rel}","templated":true}]}}