{"id":1957,"date":"2021-11-02T12:50:30","date_gmt":"2021-11-02T11:50:30","guid":{"rendered":"https:\/\/nova.depoles.com\/trgovina\/komplet-rezervnih-delov-10000621\/"},"modified":"2025-12-17T23:22:35","modified_gmt":"2025-12-17T22:22:35","slug":"komplet-rezervnih-delov-10000621","status":"publish","type":"product","link":"https:\/\/www.depoles.com\/hr\/trgovina\/komplet-rezervnih-delov-10000621\/","title":{"rendered":"Komplet rezervnih dijelova 10000621"},"content":{"rendered":"<p><strong>Specifikacije izdelka:<\/strong><\/p>\n<table>\n<tbody>\n<tr>\n<th colspan=\"2\">Te\u017ea<\/th>\n<\/tr>\n<tr>\n<td>Bruto te\u017ea (kg)<\/td>\n<td>5<\/td>\n<\/tr>\n<tr>\n<td>Netto te\u017ea (kg)<\/td>\n<td>4,50<\/td>\n<\/tr>\n<tr>\n<th colspan=\"2\">Embala\u017ea<\/th>\n<\/tr>\n<tr>\n<td>\u0160irina embala\u017ee (mm)<\/td>\n<td>0<\/td>\n<\/tr>\n<tr>\n<td>Dol\u017eina embala\u017ee (mm)<\/td>\n<td>0<\/td>\n<\/tr>\n<tr>\n<td>Vi\u0161ina embala\u017ee (mm)<\/td>\n<td>0<\/td>\n<\/tr>\n<tr>\n<th colspan=\"2\">Splo\u0161ni podatki<\/th>\n<\/tr>\n<tr>\n<td>EAN koda<\/td>\n<td>9120058370205<\/td>\n<\/tr>\n<\/tbody>\n<\/table>\n","protected":false},"excerpt":{"rendered":"<h3>Poudarki<\/h3>\n<p><p> <strong>Komplet rezervnih delov, ki vsebuje<\/strong><\/p>\n<ul>\n<li> 1 x \u0161oba iz aluminijevega oksida velikosti 4<\/li>\n<li> 1 x \u0161oba iz aluminijevega oksida velikosti 5<\/li>\n<li> 1 x \u0161oba iz aluminijevega oksida velikosti 6<\/li>\n<li> 1 x zati\u010d \u00d8 1,6 mm<\/li>\n<li> 1 x zati\u010d \u00d8 2,0 mm<\/li>\n<li> 1 x zati\u010d \u00d8 2,4 mm<\/li>\n<li> 1 x telo kle\u0161\u010de \u00d8 3,2 mm<\/li>\n<li> zadnja kapa-kratka<\/li>\n<li> zadnja kapa &#8211; dolga<\/li>\n<\/ul>\n","protected":false},"featured_media":1958,"template":"","meta":[],"product_brand":[],"product_cat":[1043,1053],"product_tag":[],"class_list":{"0":"post-1957","1":"product","2":"type-product","3":"status-publish","4":"has-post-thumbnail","6":"product_cat-stroji-za-kovine","7":"product_cat-varilni-aparati-in-oprema","9":"first","10":"instock","11":"shipping-taxable","12":"purchasable","13":"product-type-simple"},"_links":{"self":[{"href":"https:\/\/www.depoles.com\/hr\/wp-json\/wp\/v2\/product\/1957","targetHints":{"allow":["GET"]}}],"collection":[{"href":"https:\/\/www.depoles.com\/hr\/wp-json\/wp\/v2\/product"}],"about":[{"href":"https:\/\/www.depoles.com\/hr\/wp-json\/wp\/v2\/types\/product"}],"wp:featuredmedia":[{"embeddable":true,"href":"https:\/\/www.depoles.com\/hr\/wp-json\/wp\/v2\/media\/1958"}],"wp:attachment":[{"href":"https:\/\/www.depoles.com\/hr\/wp-json\/wp\/v2\/media?parent=1957"}],"wp:term":[{"taxonomy":"product_brand","embeddable":true,"href":"https:\/\/www.depoles.com\/hr\/wp-json\/wp\/v2\/product_brand?post=1957"},{"taxonomy":"product_cat","embeddable":true,"href":"https:\/\/www.depoles.com\/hr\/wp-json\/wp\/v2\/product_cat?post=1957"},{"taxonomy":"product_tag","embeddable":true,"href":"https:\/\/www.depoles.com\/hr\/wp-json\/wp\/v2\/product_tag?post=1957"}],"curies":[{"name":"wp","href":"https:\/\/api.w.org\/{rel}","templated":true}]}}