{"id":1959,"date":"2021-11-02T12:50:27","date_gmt":"2021-11-02T11:50:27","guid":{"rendered":"https:\/\/nova.depoles.com\/trgovina\/cevni-upogib-rbm1500\/"},"modified":"2026-03-26T09:18:43","modified_gmt":"2026-03-26T08:18:43","slug":"cevni-upogib-rbm1500","status":"publish","type":"product","link":"https:\/\/www.depoles.com\/hr\/trgovina\/cevni-upogib-rbm1500\/","title":{"rendered":"Cijevni savija\u010d RBM1500"},"content":{"rendered":"<p><strong>Specifikacije izdelka<\/strong><\/p>\n<ul>\n<li><strong>Dimenzije (mm):<\/strong> 490 x 330 x 330<\/li>\n<li><strong>Obdelava plo\u010devine:<\/strong>\n<ul>\n<li>Najve\u010dji premer okroglega jekla (mm): 38<\/li>\n<li>Najve\u010dja velikost kvadratnega jekla (mm): 40 x 40<\/li>\n<li>Najve\u010dja debelina profiliranega materiala (mm): 2<\/li>\n<li>Najve\u010dji kot upogibanja: 0-360\u00b0<\/li>\n<\/ul>\n<\/li>\n<li><strong>Te\u017ea (kg):<\/strong>\n<ul>\n<li>Bruto te\u017ea: 30<\/li>\n<li>Netto te\u017ea: 28<\/li>\n<\/ul>\n<\/li>\n<li><strong>Pakiranje (mm):<\/strong>\n<ul>\n<li>\u0160irina: 285<\/li>\n<li>Dol\u017eina: 560<\/li>\n<li>Vi\u0161ina: 410<\/li>\n<\/ul>\n<\/li>\n<li><strong>Splo\u0161ni podatki:<\/strong> EAN koda: 9120058378676<\/li>\n<\/ul>\n","protected":false},"excerpt":{"rendered":"<h3>Opis izdelka<\/h3>\n<p>Naprava za upogibanje okroglih cevi z najve\u010djim premerom 38 mm in kvadratnih cevi do 40 mm, debeline stene do 2 mm (mehko jeklo). Opremljena je z dolgo ro\u010dno ro\u010dico za enostavno upravljanje ter \u0161tirimi razli\u010dnimi delovnimi polo\u017eaji za prilagojen upogibni polmer. Robustna jeklena konstrukcija omogo\u010da dolgo\u017eivost, na voljo pa so tudi luknje za pritrditev na delovno mizo.<\/p>\n<ul>\n<li>Upogibanje okroglih in kvadratnih cevi<\/li>\n<li>Dolga ro\u010dna ro\u010dica za enostavno upravljanje<\/li>\n<li>\u0160tirje delovni polo\u017eaji za prilagojen upogibni polmer<\/li>\n<li>Robustna jeklena konstrukcija<\/li>\n<li>Luknje za pritrditev na delovno mizo<\/li>\n<\/ul>\n<p><strong>Dostava vklju\u010duje:<\/strong> zgornji in spodnji valj (1 komplet za okrogle cevi in 1 komplet za kvadratne cevi) ter ro\u010daj.<\/p>\n","protected":false},"featured_media":1960,"template":"","meta":[],"product_brand":[],"product_cat":[1043,1051],"product_tag":[],"class_list":{"0":"post-1959","1":"product","2":"type-product","3":"status-publish","4":"has-post-thumbnail","6":"product_cat-stroji-za-kovine","7":"product_cat-upogibni-krivilni-stroji","9":"first","10":"instock","11":"shipping-taxable","12":"purchasable","13":"product-type-simple"},"_links":{"self":[{"href":"https:\/\/www.depoles.com\/hr\/wp-json\/wp\/v2\/product\/1959","targetHints":{"allow":["GET"]}}],"collection":[{"href":"https:\/\/www.depoles.com\/hr\/wp-json\/wp\/v2\/product"}],"about":[{"href":"https:\/\/www.depoles.com\/hr\/wp-json\/wp\/v2\/types\/product"}],"wp:featuredmedia":[{"embeddable":true,"href":"https:\/\/www.depoles.com\/hr\/wp-json\/wp\/v2\/media\/1960"}],"wp:attachment":[{"href":"https:\/\/www.depoles.com\/hr\/wp-json\/wp\/v2\/media?parent=1959"}],"wp:term":[{"taxonomy":"product_brand","embeddable":true,"href":"https:\/\/www.depoles.com\/hr\/wp-json\/wp\/v2\/product_brand?post=1959"},{"taxonomy":"product_cat","embeddable":true,"href":"https:\/\/www.depoles.com\/hr\/wp-json\/wp\/v2\/product_cat?post=1959"},{"taxonomy":"product_tag","embeddable":true,"href":"https:\/\/www.depoles.com\/hr\/wp-json\/wp\/v2\/product_tag?post=1959"}],"curies":[{"name":"wp","href":"https:\/\/api.w.org\/{rel}","templated":true}]}}