{"id":1972,"date":"2021-11-02T12:50:14","date_gmt":"2021-11-02T11:50:14","guid":{"rendered":"https:\/\/nova.depoles.com\/trgovina\/polirna-plosca-mehka-bela-150x25x16mm-dsm150psf\/"},"modified":"2026-02-12T13:47:30","modified_gmt":"2026-02-12T12:47:30","slug":"polirna-plosca-mehka-bela-150x25x16mm-dsm150psf","status":"publish","type":"product","link":"https:\/\/www.depoles.com\/hr\/trgovina\/polirna-plosca-mehka-bela-150x25x16mm-dsm150psf\/","title":{"rendered":"Polirna plo\u010da mekana\/bijela 150x25x16mm DSM150PSF"},"content":{"rendered":"<p><strong>Tehni\u010dni podatki<\/strong><\/p>\n<ul>\n<li><strong>Te\u017ea:<\/strong>\n<ul>\n<li>Neto te\u017ea: 0,30 kg<\/li>\n<li>Bruto te\u017ea: 0,50 kg<\/li>\n<\/ul>\n<\/li>\n<li><strong>Embala\u017ea:<\/strong>\n<ul>\n<li>Vi\u0161ina embala\u017ee: 0 mm<\/li>\n<li>\u0160irina embala\u017ee: 0 mm<\/li>\n<li>Dol\u017eina embala\u017ee: 0 mm<\/li>\n<\/ul>\n<\/li>\n<li><strong>Splo\u0161ni podatki:<\/strong>\n<ul>\n<li>EAN koda: 9120058374340<\/li>\n<\/ul>\n<\/li>\n<\/ul>\n","protected":false},"excerpt":{"rendered":"<p>Tehni\u010dni podatki Te\u017ea: Neto te\u017ea: 0,30 kg Bruto te\u017ea: 0,50 kg Embala\u017ea: Vi\u0161ina embala\u017ee: 0 mm \u0160irina embala\u017ee: 0 mm Dol\u017eina embala\u017ee: 0 mm Splo\u0161ni podatki: EAN koda: 9120058374340<\/p>\n","protected":false},"featured_media":1973,"template":"","meta":[],"product_brand":[],"product_cat":[1066,1062],"product_tag":[],"class_list":{"0":"post-1972","1":"product","2":"type-product","3":"status-publish","4":"has-post-thumbnail","6":"product_cat-brusilniki-poliranje-brusenje","7":"product_cat-oprema-za-delavnice-delovne-mize-ponki","9":"first","10":"instock","11":"shipping-taxable","12":"purchasable","13":"product-type-simple"},"_links":{"self":[{"href":"https:\/\/www.depoles.com\/hr\/wp-json\/wp\/v2\/product\/1972","targetHints":{"allow":["GET"]}}],"collection":[{"href":"https:\/\/www.depoles.com\/hr\/wp-json\/wp\/v2\/product"}],"about":[{"href":"https:\/\/www.depoles.com\/hr\/wp-json\/wp\/v2\/types\/product"}],"wp:featuredmedia":[{"embeddable":true,"href":"https:\/\/www.depoles.com\/hr\/wp-json\/wp\/v2\/media\/1973"}],"wp:attachment":[{"href":"https:\/\/www.depoles.com\/hr\/wp-json\/wp\/v2\/media?parent=1972"}],"wp:term":[{"taxonomy":"product_brand","embeddable":true,"href":"https:\/\/www.depoles.com\/hr\/wp-json\/wp\/v2\/product_brand?post=1972"},{"taxonomy":"product_cat","embeddable":true,"href":"https:\/\/www.depoles.com\/hr\/wp-json\/wp\/v2\/product_cat?post=1972"},{"taxonomy":"product_tag","embeddable":true,"href":"https:\/\/www.depoles.com\/hr\/wp-json\/wp\/v2\/product_tag?post=1972"}],"curies":[{"name":"wp","href":"https:\/\/api.w.org\/{rel}","templated":true}]}}