{"id":1974,"date":"2021-11-02T12:50:12","date_gmt":"2021-11-02T11:50:12","guid":{"rendered":"https:\/\/nova.depoles.com\/trgovina\/vpenjalna-vpenjalna-glava-8mm-uws3spz8\/"},"modified":"2025-12-17T23:22:38","modified_gmt":"2025-12-17T22:22:38","slug":"vpenjalna-vpenjalna-glava-8mm-uws3spz8","status":"publish","type":"product","link":"https:\/\/www.depoles.com\/hr\/trgovina\/vpenjalna-vpenjalna-glava-8mm-uws3spz8\/","title":{"rendered":"Stezna glava za stezanje 8mm UWS3SPZ8"},"content":{"rendered":"<p><strong>Tehni\u010dni podatki:<\/strong><\/p>\n<ul>\n<li><strong>Te\u017ea:<\/strong>\n<ul>\n<li>Netto te\u017ea: 0,35 kg<\/li>\n<li>Bruto te\u017ea: 0,40 kg<\/li>\n<\/ul>\n<\/li>\n<li><strong>Embala\u017ea:<\/strong>\n<ul>\n<li>Vi\u0161ina embala\u017ee: 40 mm<\/li>\n<li>\u0160irina embala\u017ee: 40 mm<\/li>\n<li>Dol\u017eina embala\u017ee: 55 mm<\/li>\n<\/ul>\n<\/li>\n<\/ul>\n","protected":false},"excerpt":{"rendered":"<p>Tehni\u010dni podatki: Te\u017ea: Netto te\u017ea: 0,35 kg Bruto te\u017ea: 0,40 kg Embala\u017ea: Vi\u0161ina embala\u017ee: 40 mm \u0160irina embala\u017ee: 40 mm Dol\u017eina embala\u017ee: 55 mm<\/p>\n","protected":false},"featured_media":1975,"template":"","meta":[],"product_brand":[],"product_cat":[1066,1062],"product_tag":[],"class_list":{"0":"post-1974","1":"product","2":"type-product","3":"status-publish","4":"has-post-thumbnail","6":"product_cat-brusilniki-poliranje-brusenje","7":"product_cat-oprema-za-delavnice-delovne-mize-ponki","9":"first","10":"instock","11":"shipping-taxable","12":"purchasable","13":"product-type-simple"},"_links":{"self":[{"href":"https:\/\/www.depoles.com\/hr\/wp-json\/wp\/v2\/product\/1974","targetHints":{"allow":["GET"]}}],"collection":[{"href":"https:\/\/www.depoles.com\/hr\/wp-json\/wp\/v2\/product"}],"about":[{"href":"https:\/\/www.depoles.com\/hr\/wp-json\/wp\/v2\/types\/product"}],"wp:featuredmedia":[{"embeddable":true,"href":"https:\/\/www.depoles.com\/hr\/wp-json\/wp\/v2\/media\/1975"}],"wp:attachment":[{"href":"https:\/\/www.depoles.com\/hr\/wp-json\/wp\/v2\/media?parent=1974"}],"wp:term":[{"taxonomy":"product_brand","embeddable":true,"href":"https:\/\/www.depoles.com\/hr\/wp-json\/wp\/v2\/product_brand?post=1974"},{"taxonomy":"product_cat","embeddable":true,"href":"https:\/\/www.depoles.com\/hr\/wp-json\/wp\/v2\/product_cat?post=1974"},{"taxonomy":"product_tag","embeddable":true,"href":"https:\/\/www.depoles.com\/hr\/wp-json\/wp\/v2\/product_tag?post=1974"}],"curies":[{"name":"wp","href":"https:\/\/api.w.org\/{rel}","templated":true}]}}