{"id":1982,"date":"2021-11-02T12:50:07","date_gmt":"2021-11-02T11:50:07","guid":{"rendered":"https:\/\/nova.depoles.com\/trgovina\/vpenjalna-vpenjalna-glava-12-mm-uws3spz12\/"},"modified":"2025-12-17T23:22:54","modified_gmt":"2025-12-17T22:22:54","slug":"vpenjalna-vpenjalna-glava-12-mm-uws3spz12","status":"publish","type":"product","link":"https:\/\/www.depoles.com\/hr\/trgovina\/vpenjalna-vpenjalna-glava-12-mm-uws3spz12\/","title":{"rendered":"Stezna glava za stezanje 12 mm UWS3SPZ12"},"content":{"rendered":"<p><strong>Tehni\u010dni podatki:<\/strong><\/p>\n<table>\n<tbody>\n<tr>\n<td><strong>Te\u017ea (neto)<\/strong><\/td>\n<td>0,35 kg<\/td>\n<\/tr>\n<tr>\n<td><strong>Te\u017ea (bruto)<\/strong><\/td>\n<td>0,40 kg<\/td>\n<\/tr>\n<tr>\n<td><strong>Vi\u0161ina embala\u017ee<\/strong><\/td>\n<td>40 mm<\/td>\n<\/tr>\n<tr>\n<td><strong>\u0160irina embala\u017ee<\/strong><\/td>\n<td>40 mm<\/td>\n<\/tr>\n<tr>\n<td><strong>Dol\u017eina embala\u017ee<\/strong><\/td>\n<td>55 mm<\/td>\n<\/tr>\n<\/tbody>\n<\/table>\n","protected":false},"excerpt":{"rendered":"<p>Tehni\u010dni podatki: Te\u017ea (neto) 0,35 kg Te\u017ea (bruto) 0,40 kg Vi\u0161ina embala\u017ee 40 mm \u0160irina embala\u017ee 40 mm Dol\u017eina embala\u017ee 55 mm<\/p>\n","protected":false},"featured_media":1983,"template":"","meta":[],"product_brand":[],"product_cat":[1066,1062],"product_tag":[],"class_list":{"0":"post-1982","1":"product","2":"type-product","3":"status-publish","4":"has-post-thumbnail","6":"product_cat-brusilniki-poliranje-brusenje","7":"product_cat-oprema-za-delavnice-delovne-mize-ponki","9":"first","10":"instock","11":"shipping-taxable","12":"purchasable","13":"product-type-simple"},"_links":{"self":[{"href":"https:\/\/www.depoles.com\/hr\/wp-json\/wp\/v2\/product\/1982","targetHints":{"allow":["GET"]}}],"collection":[{"href":"https:\/\/www.depoles.com\/hr\/wp-json\/wp\/v2\/product"}],"about":[{"href":"https:\/\/www.depoles.com\/hr\/wp-json\/wp\/v2\/types\/product"}],"wp:featuredmedia":[{"embeddable":true,"href":"https:\/\/www.depoles.com\/hr\/wp-json\/wp\/v2\/media\/1983"}],"wp:attachment":[{"href":"https:\/\/www.depoles.com\/hr\/wp-json\/wp\/v2\/media?parent=1982"}],"wp:term":[{"taxonomy":"product_brand","embeddable":true,"href":"https:\/\/www.depoles.com\/hr\/wp-json\/wp\/v2\/product_brand?post=1982"},{"taxonomy":"product_cat","embeddable":true,"href":"https:\/\/www.depoles.com\/hr\/wp-json\/wp\/v2\/product_cat?post=1982"},{"taxonomy":"product_tag","embeddable":true,"href":"https:\/\/www.depoles.com\/hr\/wp-json\/wp\/v2\/product_tag?post=1982"}],"curies":[{"name":"wp","href":"https:\/\/api.w.org\/{rel}","templated":true}]}}