{"id":1988,"date":"2021-11-02T12:50:00","date_gmt":"2021-11-02T11:50:00","guid":{"rendered":"https:\/\/nova.depoles.com\/trgovina\/vecnamenski-silnik-msg2021_230v\/"},"modified":"2025-12-17T23:23:10","modified_gmt":"2025-12-17T22:23:10","slug":"vecnamenski-silnik-msg2021_230v","status":"publish","type":"product","link":"https:\/\/www.depoles.com\/hr\/trgovina\/vecnamenski-silnik-msg2021_230v\/","title":{"rendered":"Vi\u0161enamjenski o\u0161tra\u010d MSG2021_230V"},"content":{"rendered":"<p><strong>Tehni\u010dna specifikacija:<\/strong><\/p>\n<ul>\n<li><strong>Podatki o motorju:<\/strong>\n<ul>\n<li>Mo\u010d motorja S1: 200 W<\/li>\n<li>Napetost: 230 V \/ 50 Hz<\/li>\n<li>Hitrost: 5600 \/ (21000) (6) min\u207b\u00b9<\/li>\n<li>Razred naprave: II<\/li>\n<\/ul>\n<\/li>\n<li><strong>Dimenzije:<\/strong>\n<ul>\n<li>Skupne dimenzije: 330 x 200 x 172 mm<\/li>\n<\/ul>\n<\/li>\n<li><strong>Raven hrupa in vibracije:<\/strong>\n<ul>\n<li>Raven zvo\u010dne mo\u010di: 81 dB(A)<\/li>\n<li>Raven zvo\u010dnega tlaka: 70 dB(A)<\/li>\n<\/ul>\n<\/li>\n<li><strong>Te\u017ea:<\/strong>\n<ul>\n<li>Bruto te\u017ea: 3 kg<\/li>\n<li>Netto te\u017ea: 2,40 kg<\/li>\n<\/ul>\n<\/li>\n<li><strong>Pakiranje:<\/strong>\n<ul>\n<li>\u0160irina pakiranja: 265 mm<\/li>\n<li>Dol\u017eina pakiranja: 341 mm<\/li>\n<li>Vi\u0161ina pakiranja: 167 mm<\/li>\n<\/ul>\n<\/li>\n<li><strong>Splo\u0161ni podatki:<\/strong>\n<ul>\n<li>EAN koda: 9120058378799<\/li>\n<\/ul>\n<\/li>\n<\/ul>\n","protected":false},"excerpt":{"rendered":"<h3>Poudarki<\/h3>\n<ul>\n<li> Ve\u010dnamenski \u0161ilnik z 2 predhodno name\u0161\u010denima brusilnima kolesoma\n<ul>\n<li> Diamantno brusilno kolo za ostrenje svedrov, dlet in drugih materialov z visoko trdoto<\/li>\n<li> Korundno brusilno kolo za ostrenje no\u017eev, \u0161karij in osi<\/li>\n<li> namesto korundnega brusilnega kolesa se lahko uporabijo polirna kolesa, ki so prav tako vklju\u010dena v obseg dobave<\/li>\n<\/ul>\n<\/li>\n<li> rezalna kolesa \/ brusilni valji \/ bobni iz filca se lahko montirajo s gibljivo gredjo in z brusilnimi adapterji, ki so vklju\u010deni v obseg dobave (veri\u017ena \u017eaga \/ \u0161karje za \u017eivo mejo)\n<ul>\n<li> Motorne \u017eage<\/li>\n<li> \u0161karje za \u017eivo mejo<\/li>\n<li> orodja in rezila je mogo\u010de ponovno nabrusiti<\/li>\n<li> ali pa se lahko izvajajo razli\u010dni postopki bru\u0161enja (graviranje, rezanje,&#8230;).<\/li>\n<\/ul>\n<\/li>\n<li> Sveder \/ poliranje \/ \u0161karjasti no\u017e \/ sekira \/ klop za dleto za dve fiksni brusilni gredi zagotavljata enostavno upravljanje<\/li>\n<li> Izberete lahko 6 stopenj hitrosti za fleksibilno (do 21000 min-1) in brusilno\/polirno plo\u0161\u010do (do 5600 min-1)<\/li>\n<\/ul>\n<p> <strong>Vklju\u010deno v dobavo:<\/strong> Diamantno brusilno kolo \u00d851 x \u00d810 x 7,5 mm; Korundno brusilno kolo \u00d850 x \u00d811 x 8 mm, gumijasti valj \u00d812 mm, 8 x brusni boben \u00d8 12,7 mm (K120); polirni spoj, medeninasto kolo, gobasto kolo, polirno kolo, gumijasti valj \u00d86mm, brusni boben \u00d8 6,3mm(K120), brusni disk \u00d820mm(K180); rezalno kolo \u00d824 (10xbraun; 20xschwarz); brusni cilinder rjava taljena glinica \u00d86x10mm, brusni sto\u017eec rjava taljena aluminijev oksid (\u00d810x6mm); brusna krogla rjava taljena aluminijev oksid (\u00d810mm); brusilni disk karborund (1x \u00d820x6mm, 1 x \u00d810&#215;6); brusilni cilinder aluminijev oksid (1x \u00d815x10mm, 1x\u00d810x13mm), kle\u0161\u010de (\u00d82,4 x \u00d84,4 x17mm), trn za rezalna in brusilna kolesa, zati\u010d za polstene plo\u0161\u010de, najlonska krta\u010da \u00d815&#215;9, krta\u010da iz nerjavnega jekla \u00d85&#215;27; najlonska krta\u010dna plo\u0161\u010da \u00d822; krta\u010dna plo\u0161\u010da iz nerjave\u010dega jekla \u00d822; rezbar za les \u00d82mm; diamantni rezbar \u00d82mm; adapter za bru\u0161enje (\u0161karje za \u017eivo mejo \/ veri\u017ena \u017eaga \/ rezila in orodja); disk iz filca (\u00d825mm, \u00d812mm, 3x\u00d89mm), odivni kamen, brusilna konica rjava taljena aluminijev oksid \u00d86x10mm, konica za rezbarjenje diamantov, vlo\u017eki za pilo za motorno \u017eago (\u00d84,5,6mm)<\/p><\/p>\n","protected":false},"featured_media":1989,"template":"","meta":[],"product_brand":[],"product_cat":[1066,1062],"product_tag":[],"class_list":{"0":"post-1988","1":"product","2":"type-product","3":"status-publish","4":"has-post-thumbnail","6":"product_cat-brusilniki-poliranje-brusenje","7":"product_cat-oprema-za-delavnice-delovne-mize-ponki","9":"first","10":"instock","11":"shipping-taxable","12":"purchasable","13":"product-type-simple"},"_links":{"self":[{"href":"https:\/\/www.depoles.com\/hr\/wp-json\/wp\/v2\/product\/1988","targetHints":{"allow":["GET"]}}],"collection":[{"href":"https:\/\/www.depoles.com\/hr\/wp-json\/wp\/v2\/product"}],"about":[{"href":"https:\/\/www.depoles.com\/hr\/wp-json\/wp\/v2\/types\/product"}],"wp:featuredmedia":[{"embeddable":true,"href":"https:\/\/www.depoles.com\/hr\/wp-json\/wp\/v2\/media\/1989"}],"wp:attachment":[{"href":"https:\/\/www.depoles.com\/hr\/wp-json\/wp\/v2\/media?parent=1988"}],"wp:term":[{"taxonomy":"product_brand","embeddable":true,"href":"https:\/\/www.depoles.com\/hr\/wp-json\/wp\/v2\/product_brand?post=1988"},{"taxonomy":"product_cat","embeddable":true,"href":"https:\/\/www.depoles.com\/hr\/wp-json\/wp\/v2\/product_cat?post=1988"},{"taxonomy":"product_tag","embeddable":true,"href":"https:\/\/www.depoles.com\/hr\/wp-json\/wp\/v2\/product_tag?post=1988"}],"curies":[{"name":"wp","href":"https:\/\/api.w.org\/{rel}","templated":true}]}}