{"id":2000,"date":"2021-11-02T12:49:44","date_gmt":"2021-11-02T11:49:44","guid":{"rendered":"https:\/\/nova.depoles.com\/trgovina\/povrsinski-brusilnik-fsm22man_400v\/"},"modified":"2025-12-17T23:23:21","modified_gmt":"2025-12-17T22:23:21","slug":"povrsinski-brusilnik-fsm22man_400v","status":"publish","type":"product","link":"https:\/\/www.depoles.com\/hr\/trgovina\/povrsinski-brusilnik-fsm22man_400v\/","title":{"rendered":"Povr\u0161inski brusilnik FSM22MAN_400V"},"content":{"rendered":"<p><strong>Tehni\u010dna specifikacija<\/strong><\/p>\n<ul>\n<li><strong>Motor<\/strong>\n<ul>\n<li>Mo\u010d motorja S1: 1500 W<\/li>\n<li>Napetost: 400 V \/ 50 Hz<\/li>\n<li>Hitrost: 2840 min\u207b\u00b9<\/li>\n<\/ul>\n<\/li>\n<li><strong>Dimenzije<\/strong>\n<ul>\n<li>Velikost mize: 480 x 200 mm<\/li>\n<li>Vi\u0161ina mize: 1000 mm<\/li>\n<li>Skupne dimenzije: 1600 x 1340 x 1730 mm<\/li>\n<\/ul>\n<\/li>\n<li><strong>Bru\u0161enje<\/strong>\n<ul>\n<li>Vnos: ro\u010dni<\/li>\n<\/ul>\n<\/li>\n<li><strong>Te\u017ea<\/strong>\n<ul>\n<li>Bruto te\u017ea: 990 kg<\/li>\n<li>Netto te\u017ea: 900 kg<\/li>\n<\/ul>\n<\/li>\n<li><strong>Pakiranje<\/strong>\n<ul>\n<li>\u0160irina: 1140 mm<\/li>\n<li>Dol\u017eina: 1385 mm<\/li>\n<li>Vi\u0161ina: 1970 mm<\/li>\n<\/ul>\n<\/li>\n<li><strong>Splo\u0161ni podatki<\/strong>\n<ul>\n<li>EAN koda: 9120058378454<\/li>\n<\/ul>\n<\/li>\n<\/ul>\n","protected":false},"excerpt":{"rendered":"<h3>Poudarki<\/h3>\n<ul>\n<li> ro\u010dni brusilni stroj s kompaktnimi dimenzijami in robustno zasnovo<\/li>\n<li> osnova stroja iz trdnega litega \u017eeleza za maksimalno togost in stabilnost<\/li>\n<li> magnetna vpenjalna vpenjalna glava (400 x 200 mm) za pritrditev obdelovancev prilo\u017eena (ro\u010dno aktiviranje)<\/li>\n<li> Namizni drsnik, zasnovan kot dvojna V-tirnica z jekleno kroglo<\/li>\n<li> opremljen z opremo za dovod hladilne teko\u010dine (\u010drpalka, rezervoar, dovodne cevi)<\/li>\n<li> \u010drpalka hladilne teko\u010dine: 40 W in 12l\/min<\/li>\n<li> naprava za nana\u0161anje neposredno na stroju za ponovno ostrenje brusilnega kolesa vklju\u010dena (vklju\u010dno z diamantom za obdelavo)<\/li>\n<li> ro\u010dni sistem centralnega mazanja za vsa vodila<\/li>\n<li> mo\u017eno bru\u0161enje obdelovanca do 480 x 200 x 400 mm<\/li>\n<li> 2-osni digitalni zaslon (domak brusilnega kamna in polo\u017eaj mize)<\/li>\n<\/ul>\n<p> <strong>Vklju\u010deno v dobavo:<\/strong> brusilni kolut (\u00d8200 x 13 mm, WA \/ 46), \u010drpalka hladilne teko\u010dine + rezervoar, naprave za uravnote\u017eenje brusilnega kolesa (gred, stojalo), orodje, 2-osni DRO, LED-svetloba<\/p><\/p>\n","protected":false},"featured_media":2001,"template":"","meta":[],"product_brand":[],"product_cat":[1054,1043],"product_tag":[],"class_list":{"0":"post-2000","1":"product","2":"type-product","3":"status-publish","4":"has-post-thumbnail","6":"product_cat-brusilniki-za-kovine","7":"product_cat-stroji-za-kovine","9":"first","10":"instock","11":"shipping-taxable","12":"purchasable","13":"product-type-simple"},"_links":{"self":[{"href":"https:\/\/www.depoles.com\/hr\/wp-json\/wp\/v2\/product\/2000","targetHints":{"allow":["GET"]}}],"collection":[{"href":"https:\/\/www.depoles.com\/hr\/wp-json\/wp\/v2\/product"}],"about":[{"href":"https:\/\/www.depoles.com\/hr\/wp-json\/wp\/v2\/types\/product"}],"wp:featuredmedia":[{"embeddable":true,"href":"https:\/\/www.depoles.com\/hr\/wp-json\/wp\/v2\/media\/2001"}],"wp:attachment":[{"href":"https:\/\/www.depoles.com\/hr\/wp-json\/wp\/v2\/media?parent=2000"}],"wp:term":[{"taxonomy":"product_brand","embeddable":true,"href":"https:\/\/www.depoles.com\/hr\/wp-json\/wp\/v2\/product_brand?post=2000"},{"taxonomy":"product_cat","embeddable":true,"href":"https:\/\/www.depoles.com\/hr\/wp-json\/wp\/v2\/product_cat?post=2000"},{"taxonomy":"product_tag","embeddable":true,"href":"https:\/\/www.depoles.com\/hr\/wp-json\/wp\/v2\/product_tag?post=2000"}],"curies":[{"name":"wp","href":"https:\/\/api.w.org\/{rel}","templated":true}]}}