{"id":2012,"date":"2021-11-02T12:49:27","date_gmt":"2021-11-02T11:49:27","guid":{"rendered":"https:\/\/nova.depoles.com\/trgovina\/kompaktna-razdelilna-omarica-ala2_230v\/"},"modified":"2026-02-12T13:34:49","modified_gmt":"2026-02-12T12:34:49","slug":"kompaktna-razdelilna-omarica-ala2_230v","status":"publish","type":"product","link":"https:\/\/www.depoles.com\/hr\/trgovina\/kompaktna-razdelilna-omarica-ala2_230v\/","title":{"rendered":"Kompaktna razdjelnica ALA2_230V"},"content":{"rendered":"<p><strong>Tehni\u010dna specifikacija<\/strong><\/p>\n<ul>\n<li><strong>Podatki o motorju<\/strong>\n<ul>\n<li>Napetost: 230V \/ 50Hz<\/li>\n<li>Dol\u017eina kabla: 4 m<\/li>\n<li>Razred naprave: IP 44<\/li>\n<\/ul>\n<\/li>\n<li><strong>Dimenzije<\/strong>\n<ul>\n<li>Skupne dimenzije (V x \u0160 x G): 195 x 80 x 65 mm<\/li>\n<\/ul>\n<\/li>\n<li><strong>Zbiralci prahu<\/strong>\n<ul>\n<li>Zakasnitev vklopa za su\u017eenjsko stikalo: 2-4 s<\/li>\n<li>Napajanje linije: 230V<\/li>\n<\/ul>\n<\/li>\n<li><strong>Te\u017ea<\/strong>\n<ul>\n<li>Bruto te\u017ea: 1,05 kg<\/li>\n<li>Netto te\u017ea: 0,93 kg<\/li>\n<\/ul>\n<\/li>\n<li><strong>Embala\u017ea<\/strong>\n<ul>\n<li>\u0160irina embala\u017ee: 190 mm<\/li>\n<li>Dol\u017eina embala\u017ee: 270 mm<\/li>\n<li>Vi\u0161ina embala\u017ee: 80 mm<\/li>\n<\/ul>\n<\/li>\n<li><strong>Splo\u0161ni podatki<\/strong>\n<ul>\n<li>EAN koda: 9120058378881<\/li>\n<\/ul>\n<\/li>\n<\/ul>\n","protected":false},"excerpt":{"rendered":"<h3>Opis izdelka<\/h3>\n<p>Kompaktna razdelilna omarica omogo\u010da priklju\u010ditev dveh 230V delovnih strojev z maksimalno nazivno mo\u010djo do 3680W (16A). Glavni stroj (master) upravlja vklop in izklop podrejenega stroja (slave) z nastavljivim \u010dasovnim zamikom.<\/p>\n<ul>\n<li>Priklju\u010ditev enega delovnega stroja na razdelilno omarico<\/li>\n<li>Podrejeni stroj se sprosti 2-4 sekunde po vklopu glavnega stroja<\/li>\n<li>Izklop podrejenega stroja 3-4 sekunde po izklopu glavnega stroja<\/li>\n<li>Napajalni kabel H07RN-F 3G1,5 mm\u00b2, dol\u017eine 4 m<\/li>\n<li>Vti\u010dnica master-slave s \u010dasovnim zamikom<\/li>\n<\/ul>\n","protected":false},"featured_media":2013,"template":"","meta":[],"product_brand":[],"product_cat":[1035,1012],"product_tag":[],"class_list":{"0":"post-2012","1":"product","2":"type-product","3":"status-publish","4":"has-post-thumbnail","6":"product_cat-sesalci","7":"product_cat-stroji-za-les","9":"first","10":"instock","11":"shipping-taxable","12":"purchasable","13":"product-type-simple"},"_links":{"self":[{"href":"https:\/\/www.depoles.com\/hr\/wp-json\/wp\/v2\/product\/2012","targetHints":{"allow":["GET"]}}],"collection":[{"href":"https:\/\/www.depoles.com\/hr\/wp-json\/wp\/v2\/product"}],"about":[{"href":"https:\/\/www.depoles.com\/hr\/wp-json\/wp\/v2\/types\/product"}],"wp:featuredmedia":[{"embeddable":true,"href":"https:\/\/www.depoles.com\/hr\/wp-json\/wp\/v2\/media\/2013"}],"wp:attachment":[{"href":"https:\/\/www.depoles.com\/hr\/wp-json\/wp\/v2\/media?parent=2012"}],"wp:term":[{"taxonomy":"product_brand","embeddable":true,"href":"https:\/\/www.depoles.com\/hr\/wp-json\/wp\/v2\/product_brand?post=2012"},{"taxonomy":"product_cat","embeddable":true,"href":"https:\/\/www.depoles.com\/hr\/wp-json\/wp\/v2\/product_cat?post=2012"},{"taxonomy":"product_tag","embeddable":true,"href":"https:\/\/www.depoles.com\/hr\/wp-json\/wp\/v2\/product_tag?post=2012"}],"curies":[{"name":"wp","href":"https:\/\/api.w.org\/{rel}","templated":true}]}}