{"id":2014,"date":"2021-11-02T12:49:24","date_gmt":"2021-11-02T11:49:24","guid":{"rendered":"https:\/\/nova.depoles.com\/trgovina\/miza-za-brusenje-lesa-ssat150h\/"},"modified":"2025-12-17T23:23:26","modified_gmt":"2025-12-17T22:23:26","slug":"miza-za-brusenje-lesa-ssat150h","status":"publish","type":"product","link":"https:\/\/www.depoles.com\/hr\/trgovina\/miza-za-brusenje-lesa-ssat150h\/","title":{"rendered":"Stol za bru\u0161enje drva SSAT150H"},"content":{"rendered":"<p><strong>Tehni\u010dni podatki:<\/strong><\/p>\n<ul>\n<li><strong>Dimenzije mize (\u0160 x D) v mm:<\/strong> 1440 x 800<\/li>\n<li><strong>Vi\u0161ina mize v mm:<\/strong> 760 &#8211; 1030<\/li>\n<li><strong>Skupne dimenzije (\u0160 x D x V) v mm:<\/strong> 1570 x 1050 x 760 &#8211; 1030<\/li>\n<li><strong>Nosilnost v kg:<\/strong> 200<\/li>\n<\/ul>\n<ul>\n<li><strong>Bruto te\u017ea v kg:<\/strong> 86<\/li>\n<li><strong>Netto te\u017ea v kg:<\/strong> 80<\/li>\n<\/ul>\n<ul>\n<li><strong>Dimenzije embala\u017ee (\u0160 x D x V) v mm:<\/strong> 1000 x 1490 x 330<\/li>\n<\/ul>\n<ul>\n<li><strong>EAN koda:<\/strong> 9120058378591<\/li>\n<\/ul>\n","protected":false},"excerpt":{"rendered":"<h3>Poudarki<\/h3>\n<ul>\n<li> po vi\u0161ini nastavljiva miza za bru\u0161enje lesa (760 &#8211; 1030 mm)<\/li>\n<li> maks. obremenitev do 200 kg<\/li>\n<li> Priklju\u010dek za zbiralnik prahu \u00d8100 mm za povezavo s sistemom za zbiranje prahu<\/li>\n<li> zahtevana zmogljivost zbiralnika prahu 1030 m\u00b3\/h<\/li>\n<li> opcijsko preklopna za bru\u0161enje kovin z ustreznim vlo\u017ekom za mizo za bru\u0161enje kovin<\/li>\n<\/ul>\n<p> <strong>vklju\u010deno v dobavo:<\/strong> izdelek z miznim vlo\u017ekom za bru\u0161enje lesa<\/p><\/p>\n","protected":false},"featured_media":2015,"template":"","meta":[],"product_brand":[],"product_cat":[1035,1012],"product_tag":[],"class_list":{"0":"post-2014","1":"product","2":"type-product","3":"status-publish","4":"has-post-thumbnail","6":"product_cat-sesalci","7":"product_cat-stroji-za-les","9":"first","10":"instock","11":"shipping-taxable","12":"purchasable","13":"product-type-simple"},"_links":{"self":[{"href":"https:\/\/www.depoles.com\/hr\/wp-json\/wp\/v2\/product\/2014","targetHints":{"allow":["GET"]}}],"collection":[{"href":"https:\/\/www.depoles.com\/hr\/wp-json\/wp\/v2\/product"}],"about":[{"href":"https:\/\/www.depoles.com\/hr\/wp-json\/wp\/v2\/types\/product"}],"wp:featuredmedia":[{"embeddable":true,"href":"https:\/\/www.depoles.com\/hr\/wp-json\/wp\/v2\/media\/2015"}],"wp:attachment":[{"href":"https:\/\/www.depoles.com\/hr\/wp-json\/wp\/v2\/media?parent=2014"}],"wp:term":[{"taxonomy":"product_brand","embeddable":true,"href":"https:\/\/www.depoles.com\/hr\/wp-json\/wp\/v2\/product_brand?post=2014"},{"taxonomy":"product_cat","embeddable":true,"href":"https:\/\/www.depoles.com\/hr\/wp-json\/wp\/v2\/product_cat?post=2014"},{"taxonomy":"product_tag","embeddable":true,"href":"https:\/\/www.depoles.com\/hr\/wp-json\/wp\/v2\/product_tag?post=2014"}],"curies":[{"name":"wp","href":"https:\/\/api.w.org\/{rel}","templated":true}]}}