{"id":2032,"date":"2021-11-02T12:49:03","date_gmt":"2021-11-02T11:49:03","guid":{"rendered":"https:\/\/nova.depoles.com\/trgovina\/komplet-brusilnih-plosc-1xk60-3xk80-3xk100-3xk120-st203set\/"},"modified":"2025-12-17T23:23:49","modified_gmt":"2025-12-17T22:23:49","slug":"komplet-brusilnih-plosc-1xk60-3xk80-3xk100-3xk120-st203set","status":"publish","type":"product","link":"https:\/\/www.depoles.com\/hr\/trgovina\/komplet-brusilnih-plosc-1xk60-3xk80-3xk100-3xk120-st203set\/","title":{"rendered":"Set brusnih plo\u010da 1xK60 3xK80 3xK100 3xK120 ST203SET"},"content":{"rendered":"<p><strong>Specifikacije izdelka<\/strong><\/p>\n<ul>\n<li><strong>Te\u017ea<\/strong>\n<ul>\n<li>Bruto te\u017ea: 0,20 kg<\/li>\n<li>Netto te\u017ea: 0,10 kg<\/li>\n<\/ul>\n<\/li>\n<li><strong>Pakiranje<\/strong>\n<ul>\n<li>\u0160irina pakiranja: 915 mm<\/li>\n<li>Dol\u017eina pakiranja: 100 mm<\/li>\n<li>Vi\u0161ina pakiranja: 10 mm<\/li>\n<\/ul>\n<\/li>\n<li><strong>Splo\u0161ni podatki<\/strong>\n<ul>\n<li>EAN koda: 9120058377280<\/li>\n<\/ul>\n<\/li>\n<\/ul>\n","protected":false},"excerpt":{"rendered":"<p>Specifikacije izdelka Te\u017ea Bruto te\u017ea: 0,20 kg Netto te\u017ea: 0,10 kg Pakiranje \u0160irina pakiranja: 915 mm Dol\u017eina pakiranja: 100 mm Vi\u0161ina pakiranja: 10 mm Splo\u0161ni podatki EAN koda: 9120058377280<\/p>\n","protected":false},"featured_media":2033,"template":"","meta":[],"product_brand":[],"product_cat":[1023,1012],"product_tag":[],"class_list":{"0":"post-2032","1":"product","2":"type-product","3":"status-publish","4":"has-post-thumbnail","6":"product_cat-brusilke","7":"product_cat-stroji-za-les","9":"first","10":"instock","11":"shipping-taxable","12":"purchasable","13":"product-type-simple"},"_links":{"self":[{"href":"https:\/\/www.depoles.com\/hr\/wp-json\/wp\/v2\/product\/2032","targetHints":{"allow":["GET"]}}],"collection":[{"href":"https:\/\/www.depoles.com\/hr\/wp-json\/wp\/v2\/product"}],"about":[{"href":"https:\/\/www.depoles.com\/hr\/wp-json\/wp\/v2\/types\/product"}],"wp:featuredmedia":[{"embeddable":true,"href":"https:\/\/www.depoles.com\/hr\/wp-json\/wp\/v2\/media\/2033"}],"wp:attachment":[{"href":"https:\/\/www.depoles.com\/hr\/wp-json\/wp\/v2\/media?parent=2032"}],"wp:term":[{"taxonomy":"product_brand","embeddable":true,"href":"https:\/\/www.depoles.com\/hr\/wp-json\/wp\/v2\/product_brand?post=2032"},{"taxonomy":"product_cat","embeddable":true,"href":"https:\/\/www.depoles.com\/hr\/wp-json\/wp\/v2\/product_cat?post=2032"},{"taxonomy":"product_tag","embeddable":true,"href":"https:\/\/www.depoles.com\/hr\/wp-json\/wp\/v2\/product_tag?post=2032"}],"curies":[{"name":"wp","href":"https:\/\/api.w.org\/{rel}","templated":true}]}}