{"id":2034,"date":"2021-11-02T12:48:56","date_gmt":"2021-11-02T11:48:56","guid":{"rendered":"https:\/\/nova.depoles.com\/trgovina\/drzalna-naprava-800-mm-spa800\/"},"modified":"2025-12-17T23:23:53","modified_gmt":"2025-12-17T22:23:53","slug":"drzalna-naprava-800-mm-spa800","status":"publish","type":"product","link":"https:\/\/www.depoles.com\/hr\/trgovina\/drzalna-naprava-800-mm-spa800\/","title":{"rendered":"Dr\u017ea\u010d 800 mm SPA800"},"content":{"rendered":"<p><strong>Tehni\u010dni podatki<\/strong><\/p>\n<ul>\n<li><strong>Dimenzije (mm):<\/strong> 800 x 95,5 x 172<\/li>\n<li><strong>Te\u017ea:<\/strong>\n<ul>\n<li>Bruto te\u017ea: 5,05 kg<\/li>\n<li>Netto te\u017ea: 4,45 kg<\/li>\n<\/ul>\n<\/li>\n<li><strong>Embala\u017ea (mm):<\/strong>\n<ul>\n<li>\u0160irina: 150<\/li>\n<li>Dol\u017eina: 940<\/li>\n<li>Vi\u0161ina: 145<\/li>\n<\/ul>\n<\/li>\n<li><strong>EAN koda:<\/strong> 9120058378249<\/li>\n<\/ul>\n","protected":false},"excerpt":{"rendered":"<h3>Poudarki<\/h3>\n<ul>\n<li> dr\u017eala za ve\u010djo varnost pri delu, npr. za rezkanje kratkih obdelovancev<\/li>\n<li> maks. vpenjalna dol\u017eina 545 mm<\/li>\n<li> min. vpenjalna dol\u017eina 15 mm<\/li>\n<li> velik ro\u010daj, nastavljive vpenjalne \u010deljusti s funkcijo vpenjanja za enostavno upravljanje<\/li>\n<li> lahka in stabilna ter varna konstrukcija zahvaljujo\u010d aluminiju<\/li>\n<\/ul>\n","protected":false},"featured_media":2035,"template":"","meta":[],"product_brand":[],"product_cat":[1032,1012],"product_tag":[],"class_list":{"0":"post-2034","1":"product","2":"type-product","3":"status-publish","4":"has-post-thumbnail","6":"product_cat-rezkarji-glodalice","7":"product_cat-stroji-za-les","9":"first","10":"instock","11":"shipping-taxable","12":"purchasable","13":"product-type-simple"},"_links":{"self":[{"href":"https:\/\/www.depoles.com\/hr\/wp-json\/wp\/v2\/product\/2034","targetHints":{"allow":["GET"]}}],"collection":[{"href":"https:\/\/www.depoles.com\/hr\/wp-json\/wp\/v2\/product"}],"about":[{"href":"https:\/\/www.depoles.com\/hr\/wp-json\/wp\/v2\/types\/product"}],"wp:featuredmedia":[{"embeddable":true,"href":"https:\/\/www.depoles.com\/hr\/wp-json\/wp\/v2\/media\/2035"}],"wp:attachment":[{"href":"https:\/\/www.depoles.com\/hr\/wp-json\/wp\/v2\/media?parent=2034"}],"wp:term":[{"taxonomy":"product_brand","embeddable":true,"href":"https:\/\/www.depoles.com\/hr\/wp-json\/wp\/v2\/product_brand?post=2034"},{"taxonomy":"product_cat","embeddable":true,"href":"https:\/\/www.depoles.com\/hr\/wp-json\/wp\/v2\/product_cat?post=2034"},{"taxonomy":"product_tag","embeddable":true,"href":"https:\/\/www.depoles.com\/hr\/wp-json\/wp\/v2\/product_tag?post=2034"}],"curies":[{"name":"wp","href":"https:\/\/api.w.org\/{rel}","templated":true}]}}