{"id":2079,"date":"2021-07-15T09:10:19","date_gmt":"2021-07-15T07:10:19","guid":{"rendered":"https:\/\/nova.depoles.com\/trgovina\/elektrodvig-spustdformatna-zaga-fz-300-el-robland\/"},"modified":"2021-07-15T09:10:19","modified_gmt":"2021-07-15T07:10:19","slug":"elektrodvig-spustdformatna-zaga-fz-300-el-robland","status":"publish","type":"product","link":"https:\/\/www.depoles.com\/hr\/trgovina\/elektrodvig-spustdformatna-zaga-fz-300-el-robland\/","title":{"rendered":"FORMATNA PILA FZ 300 EL ROBLAND"},"content":{"rendered":"","protected":false},"excerpt":{"rendered":"<p>&nbsp;<\/p>\n<ul>\n<li>ELEKTRO dvig \/spust in nagib \u017eagalnega agregata<\/li>\n<li>stroj namenjen za najzahtevnej\u0161ega uporabnika za obrt in industrijo<\/li>\n<li>VRHUNSKI alu formatni voz 2500\/3100\/\/3500 x 355 mm<\/li>\n<li>glavni motor 6Ks \/opcija 7,5Ks\/400V<\/li>\n<li class=\"p1\">Hitrost vrtenja glavne \u017eage 4000 obr\/mo\u017enost 3000 \/ 4000 \/ 5000<\/li>\n<li class=\"p1\">maks. premer \u017eage 315 mm\/Globina reza z \u017eago 315 mm<\/li>\n<li>predrezilo 120 mm\/1Ks (opcija)<\/li>\n<li class=\"p1\">Dol\u017eina reza Z ALU FORMATNIM VOZOM 2500 mm\/mo\u017enost 3100 mm<\/li>\n<li class=\"p1\">Dimenzije alu formatnega voza mize 2200 x 355 mm\/mo\u017enost 2800 x 355 mm)<\/li>\n<li class=\"p1\">\u0160irina reza 700 mm\/mo\u017enost 1000 mm \/ 1200 mm \/ 1350 mm)<\/li>\n<li class=\"p1\">Premer \u017eaginega lista 30 mm<\/li>\n<li class=\"p1\">Dimenzije \u017eagalne plo\u0161\u010de 985 x 710 mm<\/li>\n<li class=\"p1\">Mere podalj\u0161ka mize 710 x 645 mm<\/li>\n<li class=\"p1\">Dimenzije pre\u010dne mize 970 x 540 mm<\/li>\n<li class=\"p1\">Dol\u017eina pre\u010dnega vodila izvle\u010dno 1565 mm (teleskopsko do 2550 mm)+2 omejilca<\/li>\n<li class=\"p1\">Priklop\u00a0 za odsesavanje prahu 100 mm v okvirju + 60 mm na \u017eagi \/ 100 mm z zgornjim \u0161\u010ditom<\/li>\n<\/ul>\n<p>Za dodatne opcije strojev ROBLAND zahtevajte pismeno ponudbo na mail: <a href=\"mailto:info@depoles.com\">info@depoles.com<\/a><\/p>\n<p>OPCIJE: motorji 230V -MONOFAZ, elektro pomiki, X1 NC voden stroj , kapa na drogu<\/p>\n","protected":false},"featured_media":2080,"template":"","meta":[],"product_brand":[],"product_cat":[1025,1012],"product_tag":[314,335,353,377,386,712,768,776,918],"class_list":{"0":"post-2079","1":"product","2":"type-product","3":"status-publish","4":"has-post-thumbnail","6":"product_cat-formatne-zage","7":"product_cat-stroji-za-les","8":"product_tag-depoles","9":"product_tag-dvig","10":"product_tag-elektro","11":"product_tag-formatna","12":"product_tag-fz300","13":"product_tag-robland","14":"product_tag-soust","15":"product_tag-spust","16":"product_tag-zaga","18":"first","19":"onbackorder","20":"shipping-taxable","21":"product-type-simple"},"_links":{"self":[{"href":"https:\/\/www.depoles.com\/hr\/wp-json\/wp\/v2\/product\/2079","targetHints":{"allow":["GET"]}}],"collection":[{"href":"https:\/\/www.depoles.com\/hr\/wp-json\/wp\/v2\/product"}],"about":[{"href":"https:\/\/www.depoles.com\/hr\/wp-json\/wp\/v2\/types\/product"}],"wp:featuredmedia":[{"embeddable":true,"href":"https:\/\/www.depoles.com\/hr\/wp-json\/wp\/v2\/media\/2080"}],"wp:attachment":[{"href":"https:\/\/www.depoles.com\/hr\/wp-json\/wp\/v2\/media?parent=2079"}],"wp:term":[{"taxonomy":"product_brand","embeddable":true,"href":"https:\/\/www.depoles.com\/hr\/wp-json\/wp\/v2\/product_brand?post=2079"},{"taxonomy":"product_cat","embeddable":true,"href":"https:\/\/www.depoles.com\/hr\/wp-json\/wp\/v2\/product_cat?post=2079"},{"taxonomy":"product_tag","embeddable":true,"href":"https:\/\/www.depoles.com\/hr\/wp-json\/wp\/v2\/product_tag?post=2079"}],"curies":[{"name":"wp","href":"https:\/\/api.w.org\/{rel}","templated":true}]}}