{"id":2119,"date":"2021-05-03T12:45:08","date_gmt":"2021-05-03T10:45:08","guid":{"rendered":"https:\/\/nova.depoles.com\/trgovina\/sponke-40-mm-skatla-2500-kosov-t5040k40\/"},"modified":"2026-02-12T13:37:46","modified_gmt":"2026-02-12T12:37:46","slug":"sponke-40-mm-skatla-2500-kosov-t5040k40","status":"publish","type":"product","link":"https:\/\/www.depoles.com\/hr\/trgovina\/sponke-40-mm-skatla-2500-kosov-t5040k40\/","title":{"rendered":"Spajalice 40 mm kutija = 2500 komada T5040K40"},"content":{"rendered":"<p><strong>Tehni\u010dni podatki:<\/strong><\/p>\n<ul>\n<li><strong>Te\u017ea:<\/strong>\n<ul>\n<li>Netto te\u017ea: 1,50 kg<\/li>\n<li>Bruto te\u017ea: 1,75 kg<\/li>\n<\/ul>\n<\/li>\n<li><strong>Embala\u017ea:<\/strong>\n<ul>\n<li>Vi\u0161ina embala\u017ee: 135 mm<\/li>\n<li>\u0160irina embala\u017ee: 210 mm<\/li>\n<li>Dol\u017eina embala\u017ee: 260 mm<\/li>\n<\/ul>\n<\/li>\n<li><strong>Splo\u0161ni podatki:<\/strong>\n<ul>\n<li>EAN koda: 9120039907635<\/li>\n<\/ul>\n<\/li>\n<\/ul>\n","protected":false},"excerpt":{"rendered":"<p>Tehni\u010dni podatki: Te\u017ea: Netto te\u017ea: 1,50 kg Bruto te\u017ea: 1,75 kg Embala\u017ea: Vi\u0161ina embala\u017ee: 135 mm \u0160irina embala\u017ee: 210 mm Dol\u017eina embala\u017ee: 260 mm Splo\u0161ni podatki: EAN koda: 9120039907635<\/p>\n","protected":false},"featured_media":2120,"template":"","meta":[],"product_brand":[],"product_cat":[1062,1040],"product_tag":[],"class_list":{"0":"post-2119","1":"product","2":"type-product","3":"status-publish","4":"has-post-thumbnail","6":"product_cat-oprema-za-delavnice-delovne-mize-ponki","7":"product_cat-pnevmatika-zrak-pistole-zabijanje","9":"first","10":"instock","11":"shipping-taxable","12":"purchasable","13":"product-type-simple"},"_links":{"self":[{"href":"https:\/\/www.depoles.com\/hr\/wp-json\/wp\/v2\/product\/2119","targetHints":{"allow":["GET"]}}],"collection":[{"href":"https:\/\/www.depoles.com\/hr\/wp-json\/wp\/v2\/product"}],"about":[{"href":"https:\/\/www.depoles.com\/hr\/wp-json\/wp\/v2\/types\/product"}],"wp:featuredmedia":[{"embeddable":true,"href":"https:\/\/www.depoles.com\/hr\/wp-json\/wp\/v2\/media\/2120"}],"wp:attachment":[{"href":"https:\/\/www.depoles.com\/hr\/wp-json\/wp\/v2\/media?parent=2119"}],"wp:term":[{"taxonomy":"product_brand","embeddable":true,"href":"https:\/\/www.depoles.com\/hr\/wp-json\/wp\/v2\/product_brand?post=2119"},{"taxonomy":"product_cat","embeddable":true,"href":"https:\/\/www.depoles.com\/hr\/wp-json\/wp\/v2\/product_cat?post=2119"},{"taxonomy":"product_tag","embeddable":true,"href":"https:\/\/www.depoles.com\/hr\/wp-json\/wp\/v2\/product_tag?post=2119"}],"curies":[{"name":"wp","href":"https:\/\/api.w.org\/{rel}","templated":true}]}}