{"id":2123,"date":"2021-05-03T12:45:05","date_gmt":"2021-05-03T10:45:05","guid":{"rendered":"https:\/\/nova.depoles.com\/trgovina\/vijacni-zeblji-90-mm-33x90-mm-tn90cn90\/"},"modified":"2025-12-17T23:24:26","modified_gmt":"2025-12-17T22:24:26","slug":"vijacni-zeblji-90-mm-33x90-mm-tn90cn90","status":"publish","type":"product","link":"https:\/\/www.depoles.com\/hr\/trgovina\/vijacni-zeblji-90-mm-33x90-mm-tn90cn90\/","title":{"rendered":"Vijci za drvo 90 mm 3,3x90 mm TN90CN90"},"content":{"rendered":"<p><strong>Tehni\u010dni podatki<\/strong><\/p>\n<ul>\n<li><strong>Te\u017ea<\/strong>\n<ul>\n<li>Netto te\u017ea: 25,01 kg<\/li>\n<li>Bruto te\u017ea: 25,70 kg<\/li>\n<\/ul>\n<\/li>\n<li><strong>Pakiranje<\/strong>\n<ul>\n<li>Vi\u0161ina pakiranja: 180 mm<\/li>\n<li>\u0160irina pakiranja: 310 mm<\/li>\n<li>Dol\u017eina pakiranja: 460 mm<\/li>\n<\/ul>\n<\/li>\n<li><strong>Splo\u0161ni podatki<\/strong>\n<ul>\n<li>EAN koda: 9120039901879<\/li>\n<\/ul>\n<\/li>\n<\/ul>\n","protected":false},"excerpt":{"rendered":"<p>Tehni\u010dni podatki Te\u017ea Netto te\u017ea: 25,01 kg Bruto te\u017ea: 25,70 kg Pakiranje Vi\u0161ina pakiranja: 180 mm \u0160irina pakiranja: 310 mm Dol\u017eina pakiranja: 460 mm Splo\u0161ni podatki EAN koda: 9120039901879<\/p>\n","protected":false},"featured_media":2124,"template":"","meta":[],"product_brand":[],"product_cat":[1062,1040],"product_tag":[],"class_list":{"0":"post-2123","1":"product","2":"type-product","3":"status-publish","4":"has-post-thumbnail","6":"product_cat-oprema-za-delavnice-delovne-mize-ponki","7":"product_cat-pnevmatika-zrak-pistole-zabijanje","9":"first","10":"instock","11":"shipping-taxable","12":"purchasable","13":"product-type-simple"},"_links":{"self":[{"href":"https:\/\/www.depoles.com\/hr\/wp-json\/wp\/v2\/product\/2123","targetHints":{"allow":["GET"]}}],"collection":[{"href":"https:\/\/www.depoles.com\/hr\/wp-json\/wp\/v2\/product"}],"about":[{"href":"https:\/\/www.depoles.com\/hr\/wp-json\/wp\/v2\/types\/product"}],"wp:featuredmedia":[{"embeddable":true,"href":"https:\/\/www.depoles.com\/hr\/wp-json\/wp\/v2\/media\/2124"}],"wp:attachment":[{"href":"https:\/\/www.depoles.com\/hr\/wp-json\/wp\/v2\/media?parent=2123"}],"wp:term":[{"taxonomy":"product_brand","embeddable":true,"href":"https:\/\/www.depoles.com\/hr\/wp-json\/wp\/v2\/product_brand?post=2123"},{"taxonomy":"product_cat","embeddable":true,"href":"https:\/\/www.depoles.com\/hr\/wp-json\/wp\/v2\/product_cat?post=2123"},{"taxonomy":"product_tag","embeddable":true,"href":"https:\/\/www.depoles.com\/hr\/wp-json\/wp\/v2\/product_tag?post=2123"}],"curies":[{"name":"wp","href":"https:\/\/api.w.org\/{rel}","templated":true}]}}