{"id":2127,"date":"2021-05-03T12:45:00","date_gmt":"2021-05-03T10:45:00","guid":{"rendered":"https:\/\/nova.depoles.com\/trgovina\/kolut-za-zracno-cev-15m-lsr15hq\/"},"modified":"2026-02-12T13:48:43","modified_gmt":"2026-02-12T12:48:43","slug":"kolut-za-zracno-cev-15m-lsr15hq","status":"publish","type":"product","link":"https:\/\/www.depoles.com\/hr\/trgovina\/kolut-za-zracno-cev-15m-lsr15hq\/","title":{"rendered":"Kolut za zra\u010dnu cijev 15m LSR15HQ"},"content":{"rendered":"<p><strong>Specifikacije izdelka<\/strong><\/p>\n<ul>\n<li><strong>Kolut za cev<\/strong>\n<ul>\n<li>Dol\u017eina cevi: 15+1 m<\/li>\n<li>Vrsta sklopke: 1\/4\u00b4\u00b4<\/li>\n<li>Maksimalni tlak cevi: 20 bar<\/li>\n<li>Notranji premer cevi: 9,5 mm<\/li>\n<li>Material cevi: guma<\/li>\n<\/ul>\n<\/li>\n<li><strong>Te\u017ea<\/strong>\n<ul>\n<li>Netto te\u017ea: 9,50 kg<\/li>\n<li>Bruto te\u017ea: 11 kg<\/li>\n<\/ul>\n<\/li>\n<li><strong>Embala\u017ea<\/strong>\n<ul>\n<li>Vi\u0161ina embala\u017ee: 420 mm<\/li>\n<li>\u0160irina embala\u017ee: 185 mm<\/li>\n<li>Dol\u017eina embala\u017ee: 390 mm<\/li>\n<\/ul>\n<\/li>\n<li><strong>Splo\u0161ni podatki<\/strong>\n<ul>\n<li>EAN koda: 9120039909424<\/li>\n<\/ul>\n<\/li>\n<\/ul>\n","protected":false},"excerpt":{"rendered":"<p>Ta izdelek je primeren za pritrditev na steno ali strop in omogo\u010da enakomerno samodejno previjanje cevi. Zapah poskrbi, da se cev previja le, kadar \u017eelite, medtem ko funkcija Safe Lock nudi dodatno za\u0161\u010dito pred nenamernim previjanjem. Ohi\u0161je je izdelano iz trdne kovine, cev pa je dolga 15 metrov.<\/p>\n","protected":false},"featured_media":743,"template":"","meta":[],"product_brand":[],"product_cat":[1062,1040],"product_tag":[],"class_list":{"0":"post-2127","1":"product","2":"type-product","3":"status-publish","4":"has-post-thumbnail","6":"product_cat-oprema-za-delavnice-delovne-mize-ponki","7":"product_cat-pnevmatika-zrak-pistole-zabijanje","9":"first","10":"instock","11":"shipping-taxable","12":"purchasable","13":"product-type-simple"},"_links":{"self":[{"href":"https:\/\/www.depoles.com\/hr\/wp-json\/wp\/v2\/product\/2127","targetHints":{"allow":["GET"]}}],"collection":[{"href":"https:\/\/www.depoles.com\/hr\/wp-json\/wp\/v2\/product"}],"about":[{"href":"https:\/\/www.depoles.com\/hr\/wp-json\/wp\/v2\/types\/product"}],"wp:featuredmedia":[{"embeddable":true,"href":"https:\/\/www.depoles.com\/hr\/wp-json\/wp\/v2\/media\/743"}],"wp:attachment":[{"href":"https:\/\/www.depoles.com\/hr\/wp-json\/wp\/v2\/media?parent=2127"}],"wp:term":[{"taxonomy":"product_brand","embeddable":true,"href":"https:\/\/www.depoles.com\/hr\/wp-json\/wp\/v2\/product_brand?post=2127"},{"taxonomy":"product_cat","embeddable":true,"href":"https:\/\/www.depoles.com\/hr\/wp-json\/wp\/v2\/product_cat?post=2127"},{"taxonomy":"product_tag","embeddable":true,"href":"https:\/\/www.depoles.com\/hr\/wp-json\/wp\/v2\/product_tag?post=2127"}],"curies":[{"name":"wp","href":"https:\/\/api.w.org\/{rel}","templated":true}]}}