{"id":2128,"date":"2021-05-03T12:44:57","date_gmt":"2021-05-03T10:44:57","guid":{"rendered":"https:\/\/nova.depoles.com\/trgovina\/kolut-za-zracno-cev-10m-lsr10hq\/"},"modified":"2026-02-12T13:41:42","modified_gmt":"2026-02-12T12:41:42","slug":"kolut-za-zracno-cev-10m-lsr10hq","status":"publish","type":"product","link":"https:\/\/www.depoles.com\/hr\/trgovina\/kolut-za-zracno-cev-10m-lsr10hq\/","title":{"rendered":"Kolut za zra\u010dnu cijev 10m LSR10HQ"},"content":{"rendered":"<p><strong>Specifikacija izdelka<\/strong><\/p>\n<ul>\n<li><strong>Kolut za cev<\/strong><\/li>\n<ul>\n<li>Dol\u017eina cevi: 10+1 m<\/li>\n<li>Tip sklopke: 1\/4&#8243;<\/li>\n<li>Maksimalni tlak cevi: 20 bar<\/li>\n<li>Notranji premer cevi: 9,5 mm (3\/8&#8243;)<\/li>\n<li>Material cevi: guma<\/li>\n<\/ul>\n<li><strong>Te\u017ea<\/strong><\/li>\n<ul>\n<li>Netto te\u017ea: 6,20 kg<\/li>\n<li>Bruto te\u017ea: 8 kg<\/li>\n<\/ul>\n<li><strong>Embala\u017ea<\/strong><\/li>\n<ul>\n<li>Vi\u0161ina embala\u017ee: 385 mm<\/li>\n<li>\u0160irina embala\u017ee: 160 mm<\/li>\n<li>Dol\u017eina embala\u017ee: 340 mm<\/li>\n<\/ul>\n<li><strong>Splo\u0161ni podatki<\/strong><\/li>\n<ul>\n<li>EAN koda: 9120039909417<\/li>\n<\/ul>\n<\/ul>\n","protected":false},"excerpt":{"rendered":"<p>Ta izdelek je primeren za pritrditev na steno ali strop in omogo\u010da enakomerno samodejno previjanje cevi. Zapah poskrbi, da se cev previja le takrat, ko \u017eelite, funkcija Safe Lock pa nudi dodatno za\u0161\u010dito pred nenamernim previjanjem. Izdelek ima trdno kovinsko ohi\u0161je in vklju\u010duje 10 metrov dolgo cev.<\/p>\n","protected":false},"featured_media":2129,"template":"","meta":[],"product_brand":[],"product_cat":[1062,1040],"product_tag":[],"class_list":{"0":"post-2128","1":"product","2":"type-product","3":"status-publish","4":"has-post-thumbnail","6":"product_cat-oprema-za-delavnice-delovne-mize-ponki","7":"product_cat-pnevmatika-zrak-pistole-zabijanje","9":"first","10":"instock","11":"shipping-taxable","12":"purchasable","13":"product-type-simple"},"_links":{"self":[{"href":"https:\/\/www.depoles.com\/hr\/wp-json\/wp\/v2\/product\/2128","targetHints":{"allow":["GET"]}}],"collection":[{"href":"https:\/\/www.depoles.com\/hr\/wp-json\/wp\/v2\/product"}],"about":[{"href":"https:\/\/www.depoles.com\/hr\/wp-json\/wp\/v2\/types\/product"}],"wp:featuredmedia":[{"embeddable":true,"href":"https:\/\/www.depoles.com\/hr\/wp-json\/wp\/v2\/media\/2129"}],"wp:attachment":[{"href":"https:\/\/www.depoles.com\/hr\/wp-json\/wp\/v2\/media?parent=2128"}],"wp:term":[{"taxonomy":"product_brand","embeddable":true,"href":"https:\/\/www.depoles.com\/hr\/wp-json\/wp\/v2\/product_brand?post=2128"},{"taxonomy":"product_cat","embeddable":true,"href":"https:\/\/www.depoles.com\/hr\/wp-json\/wp\/v2\/product_cat?post=2128"},{"taxonomy":"product_tag","embeddable":true,"href":"https:\/\/www.depoles.com\/hr\/wp-json\/wp\/v2\/product_tag?post=2128"}],"curies":[{"name":"wp","href":"https:\/\/api.w.org\/{rel}","templated":true}]}}