{"id":2130,"date":"2021-05-03T12:44:56","date_gmt":"2021-05-03T10:44:56","guid":{"rendered":"https:\/\/nova.depoles.com\/trgovina\/kolut-za-zracno-cev-lsr15air\/"},"modified":"2026-02-12T13:41:12","modified_gmt":"2026-02-12T12:41:12","slug":"kolut-za-zracno-cev-lsr15air","status":"publish","type":"product","link":"https:\/\/www.depoles.com\/hr\/trgovina\/kolut-za-zracno-cev-lsr15air\/","title":{"rendered":"Kolut za zra\u010dni crijevo LSR15AIR"},"content":{"rendered":"<p><strong>Tehni\u010dni podatki<\/strong><\/p>\n<ul>\n<li><strong>Dimenzije (v mm):<\/strong> 402 x 163 x 324<\/li>\n<li><strong>Material cevi:<\/strong> PVC<\/li>\n<li><strong>Dol\u017eina cevi (v m):<\/strong> 15 + 1,5<\/li>\n<li><strong>Notranji premer cevi (v mm):<\/strong> 9,5 (3\/8&#8243;)<\/li>\n<li><strong>Maksimalni tlak cevi (v bar):<\/strong> 17<\/li>\n<li><strong>Vrsta sklopke:<\/strong> 2 x 1\/4 &#8220;<\/li>\n<li><strong>Bruto te\u017ea (v kg):<\/strong> 4,90<\/li>\n<li><strong>Netto te\u017ea (v kg):<\/strong> 4,35<\/li>\n<li><strong>Dimenzije embala\u017ee (v mm):<\/strong>\n<ul>\n<li>\u0160irina: 180<\/li>\n<li>Dol\u017eina: 375<\/li>\n<li>Vi\u0161ina: 330<\/li>\n<\/ul>\n<\/li>\n<li><strong>EAN koda:<\/strong> 9120058378751<\/li>\n<\/ul>\n","protected":false},"excerpt":{"rendered":"<h3>Poudarki izdelka<\/h3>\n<p>Ta izdelek vklju\u010duje stenski monta\u017eni sklop in ima zgoraj postavljen ro\u010daj za enostavno prena\u0161anje cevi. Funkcijo samodejnega previjanja lahko aktivirate z rahlim potegom cevi. Poseben zvit vodilni sistem omogo\u010da nemoteno uporabo.<\/p>\n<ul>\n<li>Stenski monta\u017eni sklop<\/li>\n<li>Zgoraj postavljen ro\u010daj za prena\u0161anje cevi<\/li>\n<li>Samodejno previjanje z rahlim potegom cevi<\/li>\n<li>Poseben zvit vodilni sistem<\/li>\n<li>15 m + 1,5 m PVC cev<\/li>\n<li>Ohi\u0161je odporno na vremenske vplive<\/li>\n<\/ul>\n<p><strong>Vklju\u010deno v dobavo:<\/strong> monta\u017ea na steno, 2 kosa hitrih parov<\/p>\n","protected":false},"featured_media":2131,"template":"","meta":[],"product_brand":[],"product_cat":[1062,1040],"product_tag":[],"class_list":{"0":"post-2130","1":"product","2":"type-product","3":"status-publish","4":"has-post-thumbnail","6":"product_cat-oprema-za-delavnice-delovne-mize-ponki","7":"product_cat-pnevmatika-zrak-pistole-zabijanje","9":"first","10":"instock","11":"shipping-taxable","12":"purchasable","13":"product-type-simple"},"_links":{"self":[{"href":"https:\/\/www.depoles.com\/hr\/wp-json\/wp\/v2\/product\/2130","targetHints":{"allow":["GET"]}}],"collection":[{"href":"https:\/\/www.depoles.com\/hr\/wp-json\/wp\/v2\/product"}],"about":[{"href":"https:\/\/www.depoles.com\/hr\/wp-json\/wp\/v2\/types\/product"}],"wp:featuredmedia":[{"embeddable":true,"href":"https:\/\/www.depoles.com\/hr\/wp-json\/wp\/v2\/media\/2131"}],"wp:attachment":[{"href":"https:\/\/www.depoles.com\/hr\/wp-json\/wp\/v2\/media?parent=2130"}],"wp:term":[{"taxonomy":"product_brand","embeddable":true,"href":"https:\/\/www.depoles.com\/hr\/wp-json\/wp\/v2\/product_brand?post=2130"},{"taxonomy":"product_cat","embeddable":true,"href":"https:\/\/www.depoles.com\/hr\/wp-json\/wp\/v2\/product_cat?post=2130"},{"taxonomy":"product_tag","embeddable":true,"href":"https:\/\/www.depoles.com\/hr\/wp-json\/wp\/v2\/product_tag?post=2130"}],"curies":[{"name":"wp","href":"https:\/\/api.w.org\/{rel}","templated":true}]}}