{"id":2136,"date":"2021-05-03T12:44:51","date_gmt":"2021-05-03T10:44:51","guid":{"rendered":"https:\/\/nova.depoles.com\/trgovina\/servisna-vticnica-25t-rwh250hybrid\/"},"modified":"2025-12-17T23:24:39","modified_gmt":"2025-12-17T22:24:39","slug":"servisna-vticnica-25t-rwh250hybrid","status":"publish","type":"product","link":"https:\/\/www.depoles.com\/hr\/trgovina\/servisna-vticnica-25t-rwh250hybrid\/","title":{"rendered":"Servisna uti\u010dnica 2,5t RWH250HYBRID"},"content":{"rendered":"<table>\n<tbody>\n<tr>\n<th colspan=\"2\">Dimenzije<\/th>\n<\/tr>\n<tr>\n<td>Skupne dimenzije (mm)<\/td>\n<td>660 x 300 x 160<\/td>\n<\/tr>\n<tr>\n<td>Dvi\u017ena mo\u010d (kg)<\/td>\n<td>2500<\/td>\n<\/tr>\n<tr>\n<td>Razpon hoda (mm)<\/td>\n<td>102 &#8211; 470<\/td>\n<\/tr>\n<tr>\n<td>Premer valja (mm)<\/td>\n<td>\u00d8 60 x 39 \/ \u00d8 45 x 24<\/td>\n<\/tr>\n<tr>\n<th colspan=\"2\">Te\u017ea<\/th>\n<\/tr>\n<tr>\n<td>Bruto te\u017ea (kg)<\/td>\n<td>27,50<\/td>\n<\/tr>\n<tr>\n<td>Netto te\u017ea (kg)<\/td>\n<td>25<\/td>\n<\/tr>\n<tr>\n<th colspan=\"2\">Pakiranje<\/th>\n<\/tr>\n<tr>\n<td>\u0160irina pakiranja (mm)<\/td>\n<td>350<\/td>\n<\/tr>\n<tr>\n<td>Dol\u017eina pakiranja (mm)<\/td>\n<td>720<\/td>\n<\/tr>\n<tr>\n<td>Vi\u0161ina pakiranja (mm)<\/td>\n<td>180<\/td>\n<\/tr>\n<tr>\n<th colspan=\"2\">Splo\u0161ni podatki<\/th>\n<\/tr>\n<tr>\n<td>EAN koda<\/td>\n<td>9120058378683<\/td>\n<\/tr>\n<\/tbody>\n<\/table>\n","protected":false},"excerpt":{"rendered":"<h3>Poudarki<\/h3>\n<ul>\n<li> servisni priklju\u010dek ustreza vrhunski obdelavi in visokim varnostnim standardom<\/li>\n<li> ustreza kakovosti delavnice<\/li>\n<li> profesionalna gumijasta blazinica na nosilni plo\u0161\u010di<\/li>\n<li> mo\u010dna skupna vloga podalj\u0161a \u017eivljenjsko dobo<\/li>\n<li> ro\u010daji na obeh straneh<\/li>\n<li> valovita ro\u010dica za zapiranje in odpiranje hidravli\u010dnega ventila<\/li>\n<li> prenos mo\u010di na ventil skozi kardanski zglob<\/li>\n<li> pritrditev ro\u010dice s pi\u0161\u010daljo in nazob\u010danim vijakom v pritrdilnem elementu<\/li>\n<li> funkcija hitrega dviga (dvojna \u010drpalka)<\/li>\n<li> kombinacija alu in jeklenih materialov (hibrid)<\/li>\n<\/ul>\n","protected":false},"featured_media":16744,"template":"","meta":[],"product_brand":[],"product_cat":[1062,1065],"product_tag":[],"class_list":{"0":"post-2136","1":"product","2":"type-product","3":"status-publish","4":"has-post-thumbnail","6":"product_cat-oprema-za-delavnice-delovne-mize-ponki","7":"product_cat-transportne-naprave","9":"first","10":"instock","11":"shipping-taxable","12":"purchasable","13":"product-type-simple"},"_links":{"self":[{"href":"https:\/\/www.depoles.com\/hr\/wp-json\/wp\/v2\/product\/2136","targetHints":{"allow":["GET"]}}],"collection":[{"href":"https:\/\/www.depoles.com\/hr\/wp-json\/wp\/v2\/product"}],"about":[{"href":"https:\/\/www.depoles.com\/hr\/wp-json\/wp\/v2\/types\/product"}],"wp:featuredmedia":[{"embeddable":true,"href":"https:\/\/www.depoles.com\/hr\/wp-json\/"}],"wp:attachment":[{"href":"https:\/\/www.depoles.com\/hr\/wp-json\/wp\/v2\/media?parent=2136"}],"wp:term":[{"taxonomy":"product_brand","embeddable":true,"href":"https:\/\/www.depoles.com\/hr\/wp-json\/wp\/v2\/product_brand?post=2136"},{"taxonomy":"product_cat","embeddable":true,"href":"https:\/\/www.depoles.com\/hr\/wp-json\/wp\/v2\/product_cat?post=2136"},{"taxonomy":"product_tag","embeddable":true,"href":"https:\/\/www.depoles.com\/hr\/wp-json\/wp\/v2\/product_tag?post=2136"}],"curies":[{"name":"wp","href":"https:\/\/api.w.org\/{rel}","templated":true}]}}