{"id":2137,"date":"2021-05-03T12:44:49","date_gmt":"2021-05-03T10:44:49","guid":{"rendered":"https:\/\/nova.depoles.com\/trgovina\/servisna-vticnica-30t-rwh300\/"},"modified":"2025-12-17T23:24:42","modified_gmt":"2025-12-17T22:24:42","slug":"servisna-vticnica-30t-rwh300","status":"publish","type":"product","link":"https:\/\/www.depoles.com\/hr\/trgovina\/servisna-vticnica-30t-rwh300\/","title":{"rendered":"Servisna uti\u010dnica 3,0t RWH300"},"content":{"rendered":"<p><strong>Specifikacije izdelka<\/strong><\/p>\n<ul>\n<li><strong>Dimenzije (mm):<\/strong> 680 x 335 x 163<\/li>\n<li><strong>Dvigalna mo\u010d (kg):<\/strong> 3000<\/li>\n<li><strong>Razpon hoda (mm):<\/strong> 133 &#8211; 467<\/li>\n<li><strong>Premer valja (mm):<\/strong> \u00d883 x 50 \/ \u00d865 x 25<\/li>\n<li><strong>Bruto te\u017ea (kg):<\/strong> 33,50<\/li>\n<li><strong>Netto te\u017ea (kg):<\/strong> 31,50<\/li>\n<li><strong>Dimenzije embala\u017ee (mm):<\/strong>\n<ul>\n<li>\u0160irina: 388<\/li>\n<li>Dol\u017eina: 773<\/li>\n<li>Vi\u0161ina: 190<\/li>\n<\/ul>\n<\/li>\n<li><strong>EAN koda:<\/strong> 9120058378690<\/li>\n<\/ul>\n","protected":false},"excerpt":{"rendered":"<h3>Poudarki<\/h3>\n<ul>\n<li> servisni priklju\u010dek ustreza vrhunski obdelavi in visokim varnostnim standardom<\/li>\n<li> ustreza kakovosti delavnice<\/li>\n<li> profesionalna gumijasta blazinica na nosilni plo\u0161\u010di<\/li>\n<li> mo\u010dna skupna vloga podalj\u0161a \u017eivljenjsko dobo<\/li>\n<li> valovita ro\u010dica za zapiranje in odpiranje hidravli\u010dnega ventila<\/li>\n<li> prenos mo\u010di na ventil skozi kardanski zglob<\/li>\n<li> pritrditev ro\u010dice s pi\u0161\u010daljo in nazob\u010danim vijakom v pritrdilnem elementu<\/li>\n<li> funkcija hitrega dviga (dvojna \u010drpalka)<\/li>\n<\/ul>\n","protected":false},"featured_media":16740,"template":"","meta":[],"product_brand":[],"product_cat":[1062,1065],"product_tag":[],"class_list":{"0":"post-2137","1":"product","2":"type-product","3":"status-publish","4":"has-post-thumbnail","6":"product_cat-oprema-za-delavnice-delovne-mize-ponki","7":"product_cat-transportne-naprave","9":"first","10":"instock","11":"shipping-taxable","12":"purchasable","13":"product-type-simple"},"_links":{"self":[{"href":"https:\/\/www.depoles.com\/hr\/wp-json\/wp\/v2\/product\/2137","targetHints":{"allow":["GET"]}}],"collection":[{"href":"https:\/\/www.depoles.com\/hr\/wp-json\/wp\/v2\/product"}],"about":[{"href":"https:\/\/www.depoles.com\/hr\/wp-json\/wp\/v2\/types\/product"}],"wp:featuredmedia":[{"embeddable":true,"href":"https:\/\/www.depoles.com\/hr\/wp-json\/"}],"wp:attachment":[{"href":"https:\/\/www.depoles.com\/hr\/wp-json\/wp\/v2\/media?parent=2137"}],"wp:term":[{"taxonomy":"product_brand","embeddable":true,"href":"https:\/\/www.depoles.com\/hr\/wp-json\/wp\/v2\/product_brand?post=2137"},{"taxonomy":"product_cat","embeddable":true,"href":"https:\/\/www.depoles.com\/hr\/wp-json\/wp\/v2\/product_cat?post=2137"},{"taxonomy":"product_tag","embeddable":true,"href":"https:\/\/www.depoles.com\/hr\/wp-json\/wp\/v2\/product_tag?post=2137"}],"curies":[{"name":"wp","href":"https:\/\/api.w.org\/{rel}","templated":true}]}}