{"id":2140,"date":"2021-05-03T12:44:47","date_gmt":"2021-05-03T10:44:47","guid":{"rendered":"https:\/\/nova.depoles.com\/trgovina\/servisna-vticnica-40t-rwh400\/"},"modified":"2025-12-17T23:24:48","modified_gmt":"2025-12-17T22:24:48","slug":"servisna-vticnica-40t-rwh400","status":"publish","type":"product","link":"https:\/\/www.depoles.com\/hr\/trgovina\/servisna-vticnica-40t-rwh400\/","title":{"rendered":"Servisna uti\u010dnica 4,0t RWH400"},"content":{"rendered":"<table>\n<tbody>\n<tr>\n<th colspan=\"2\">Dimenzije<\/th>\n<\/tr>\n<tr>\n<td>Skupne dimenzije (v mm)<\/td>\n<td>765 x 360 x 170<\/td>\n<\/tr>\n<tr>\n<td>Dvi\u017ena mo\u010d (v kg)<\/td>\n<td>4000<\/td>\n<\/tr>\n<tr>\n<td>Razpon hoda (v mm)<\/td>\n<td>105 &#8211; 515<\/td>\n<\/tr>\n<tr>\n<td>Premer kola (v mm)<\/td>\n<td>\u00d883 x 50 \/ \u00d865 x 30<\/td>\n<\/tr>\n<tr>\n<th colspan=\"2\">Te\u017ea<\/th>\n<\/tr>\n<tr>\n<td>Bruto te\u017ea (v kg)<\/td>\n<td>47,35<\/td>\n<\/tr>\n<tr>\n<td>Netto te\u017ea (v kg)<\/td>\n<td>45,50<\/td>\n<\/tr>\n<tr>\n<th colspan=\"2\">Embala\u017ea<\/th>\n<\/tr>\n<tr>\n<td>\u0160irina embala\u017ee (v mm)<\/td>\n<td>415<\/td>\n<\/tr>\n<tr>\n<td>Dol\u017eina embala\u017ee (v mm)<\/td>\n<td>840<\/td>\n<\/tr>\n<tr>\n<td>Vi\u0161ina embala\u017ee (v mm)<\/td>\n<td>195<\/td>\n<\/tr>\n<tr>\n<th colspan=\"2\">Splo\u0161ni podatki<\/th>\n<\/tr>\n<tr>\n<td>EAN koda<\/td>\n<td>9120058378706<\/td>\n<\/tr>\n<\/tbody>\n<\/table>\n","protected":false},"excerpt":{"rendered":"<h3>Poudarki<\/h3>\n<ul>\n<li> servisni priklju\u010dek ustreza vrhunski obdelavi in visokim varnostnim standardom<\/li>\n<li> ustreza kakovosti delavnice<\/li>\n<li> profesionalna gumijasta blazinica na nosilni plo\u0161\u010di<\/li>\n<li> mo\u010dna skupna vloga podalj\u0161a \u017eivljenjsko dobo<\/li>\n<li> valovita ro\u010dica za zapiranje in odpiranje hidravli\u010dnega ventila<\/li>\n<li> prenos mo\u010di na ventil skozi kardanski zglob<\/li>\n<li> pritrditev ro\u010dice s pi\u0161\u010daljo in nazob\u010danim vijakom v pritrdilnem elementu<\/li>\n<li> funkcija hitrega dviga (dvojna \u010drpalka)<\/li>\n<\/ul>\n","protected":false},"featured_media":2141,"template":"","meta":[],"product_brand":[],"product_cat":[1062,1065],"product_tag":[],"class_list":{"0":"post-2140","1":"product","2":"type-product","3":"status-publish","4":"has-post-thumbnail","6":"product_cat-oprema-za-delavnice-delovne-mize-ponki","7":"product_cat-transportne-naprave","9":"first","10":"instock","11":"shipping-taxable","12":"purchasable","13":"product-type-simple"},"_links":{"self":[{"href":"https:\/\/www.depoles.com\/hr\/wp-json\/wp\/v2\/product\/2140","targetHints":{"allow":["GET"]}}],"collection":[{"href":"https:\/\/www.depoles.com\/hr\/wp-json\/wp\/v2\/product"}],"about":[{"href":"https:\/\/www.depoles.com\/hr\/wp-json\/wp\/v2\/types\/product"}],"wp:featuredmedia":[{"embeddable":true,"href":"https:\/\/www.depoles.com\/hr\/wp-json\/wp\/v2\/media\/2141"}],"wp:attachment":[{"href":"https:\/\/www.depoles.com\/hr\/wp-json\/wp\/v2\/media?parent=2140"}],"wp:term":[{"taxonomy":"product_brand","embeddable":true,"href":"https:\/\/www.depoles.com\/hr\/wp-json\/wp\/v2\/product_brand?post=2140"},{"taxonomy":"product_cat","embeddable":true,"href":"https:\/\/www.depoles.com\/hr\/wp-json\/wp\/v2\/product_cat?post=2140"},{"taxonomy":"product_tag","embeddable":true,"href":"https:\/\/www.depoles.com\/hr\/wp-json\/wp\/v2\/product_tag?post=2140"}],"curies":[{"name":"wp","href":"https:\/\/api.w.org\/{rel}","templated":true}]}}