{"id":2144,"date":"2021-05-03T12:44:44","date_gmt":"2021-05-03T10:44:44","guid":{"rendered":"https:\/\/nova.depoles.com\/trgovina\/stojalo-ab1085pro\/"},"modified":"2026-02-12T13:50:35","modified_gmt":"2026-02-12T12:50:35","slug":"stojalo-ab1085pro","status":"publish","type":"product","link":"https:\/\/www.depoles.com\/hr\/trgovina\/stojalo-ab1085pro\/","title":{"rendered":"STOJKA\/STOJALO AB1085PRO"},"content":{"rendered":"<p><strong>Tehni\u010dni podatki:<\/strong><\/p>\n<ul>\n<li><strong>Nosilnost:<\/strong> 590 kg<\/li>\n<li><strong>Te\u017ea:<\/strong>\n<ul>\n<li>Bruto te\u017ea: 10,40 kg<\/li>\n<li>Netto te\u017ea: 9,30 kg<\/li>\n<\/ul>\n<\/li>\n<li><strong>Dimenzije embala\u017ee (mm):<\/strong>\n<ul>\n<li>\u0160irina: 150 mm<\/li>\n<li>Dol\u017eina: 1172 mm<\/li>\n<li>Vi\u0161ina: 180 mm<\/li>\n<\/ul>\n<\/li>\n<li><strong>Splo\u0161ni podatki:<\/strong>\n<ul>\n<li>EAN koda: 9120058378539<\/li>\n<li>\u0160tevilka artikla: 2544<\/li>\n<\/ul>\n<\/li>\n<\/ul>\n","protected":false},"excerpt":{"rendered":"<h2>STOJKA\/STOJALO AB 1085 PRO<\/h2>\n<ul>\n<li>noge s stabilnim stojalom na vseh povr\u0161inah<\/li>\n<li>enostavno ga zlo\u017eite in preva\u017eate zaradi zlo\u017eljivih nog in ro\u010daja.<\/li>\n<li>Noge lahko v celoti polo\u017eite v ohi\u0161je.<\/li>\n<li>mere izdelka &#8211; odprti polo\u017eaj: 1085 x 632 x 618-820 mm, mere izdelka zaprti polo\u017eaj: 1085 x 146 x 76 mm<\/li>\n<li>9 vi\u0161inski polo\u017eaj v obmo\u010dju 618-820mm po izbiri<\/li>\n<li>S kombinacijo dveh \u017eag lahko dobimo stabilno delovno povr\u0161ino. (Dodatni material ni vklju\u010den, npr. Delovna plo\u0161\u010da)<\/li>\n<li>maks. obremenitev 590 kg na \u017eaganje<\/li>\n<\/ul>\n","protected":false},"featured_media":2145,"template":"","meta":[],"product_brand":[],"product_cat":[1042,1062],"product_tag":[],"class_list":{"0":"post-2144","1":"product","2":"type-product","3":"status-publish","4":"has-post-thumbnail","6":"product_cat-elektro-omarica-razdelilec","7":"product_cat-oprema-za-delavnice-delovne-mize-ponki","9":"first","10":"instock","11":"shipping-taxable","12":"purchasable","13":"product-type-simple"},"_links":{"self":[{"href":"https:\/\/www.depoles.com\/hr\/wp-json\/wp\/v2\/product\/2144","targetHints":{"allow":["GET"]}}],"collection":[{"href":"https:\/\/www.depoles.com\/hr\/wp-json\/wp\/v2\/product"}],"about":[{"href":"https:\/\/www.depoles.com\/hr\/wp-json\/wp\/v2\/types\/product"}],"wp:featuredmedia":[{"embeddable":true,"href":"https:\/\/www.depoles.com\/hr\/wp-json\/wp\/v2\/media\/2145"}],"wp:attachment":[{"href":"https:\/\/www.depoles.com\/hr\/wp-json\/wp\/v2\/media?parent=2144"}],"wp:term":[{"taxonomy":"product_brand","embeddable":true,"href":"https:\/\/www.depoles.com\/hr\/wp-json\/wp\/v2\/product_brand?post=2144"},{"taxonomy":"product_cat","embeddable":true,"href":"https:\/\/www.depoles.com\/hr\/wp-json\/wp\/v2\/product_cat?post=2144"},{"taxonomy":"product_tag","embeddable":true,"href":"https:\/\/www.depoles.com\/hr\/wp-json\/wp\/v2\/product_tag?post=2144"}],"curies":[{"name":"wp","href":"https:\/\/api.w.org\/{rel}","templated":true}]}}