{"id":2149,"date":"2021-05-03T12:44:42","date_gmt":"2021-05-03T10:44:42","guid":{"rendered":"https:\/\/nova.depoles.com\/trgovina\/brusilna-masa-bela-ca-380g-nts250past\/"},"modified":"2026-02-12T13:51:21","modified_gmt":"2026-02-12T12:51:21","slug":"brusilna-masa-bela-ca-380g-nts250past","status":"publish","type":"product","link":"https:\/\/www.depoles.com\/hr\/trgovina\/brusilna-masa-bela-ca-380g-nts250past\/","title":{"rendered":"Bela brusna masa cca. 380g NTS250PAST"},"content":{"rendered":"<p><strong>Tehni\u010dni podatki<\/strong><\/p>\n<ul>\n<li><strong>Te\u017ea<\/strong>\n<ul>\n<li>Bruto te\u017ea: 450 kg<\/li>\n<li>Netto te\u017ea: 380 kg<\/li>\n<\/ul>\n<\/li>\n<li><strong>Embala\u017ea<\/strong>\n<ul>\n<li>\u0160irina embala\u017ee: 190 mm<\/li>\n<li>Dol\u017eina embala\u017ee: 140 mm<\/li>\n<li>Vi\u0161ina embala\u017ee: 240 mm<\/li>\n<\/ul>\n<\/li>\n<li><strong>Splo\u0161ni podatki<\/strong>\n<ul>\n<li>EAN koda: 9120058376009<\/li>\n<\/ul>\n<\/li>\n<\/ul>\n","protected":false},"excerpt":{"rendered":"<p>Pasta za poliranje in bru\u0161enje, namenjena za\u0161\u010diti usnjenega brusilnega kolesa ter doseganju popolnih rezultatov bru\u0161enja.<\/p>\n","protected":false},"featured_media":2150,"template":"","meta":[],"product_brand":[],"product_cat":[1066,1062],"product_tag":[],"class_list":{"0":"post-2149","1":"product","2":"type-product","3":"status-publish","4":"has-post-thumbnail","6":"product_cat-brusilniki-poliranje-brusenje","7":"product_cat-oprema-za-delavnice-delovne-mize-ponki","9":"first","10":"instock","11":"shipping-taxable","12":"purchasable","13":"product-type-simple"},"_links":{"self":[{"href":"https:\/\/www.depoles.com\/hr\/wp-json\/wp\/v2\/product\/2149","targetHints":{"allow":["GET"]}}],"collection":[{"href":"https:\/\/www.depoles.com\/hr\/wp-json\/wp\/v2\/product"}],"about":[{"href":"https:\/\/www.depoles.com\/hr\/wp-json\/wp\/v2\/types\/product"}],"wp:featuredmedia":[{"embeddable":true,"href":"https:\/\/www.depoles.com\/hr\/wp-json\/wp\/v2\/media\/2150"}],"wp:attachment":[{"href":"https:\/\/www.depoles.com\/hr\/wp-json\/wp\/v2\/media?parent=2149"}],"wp:term":[{"taxonomy":"product_brand","embeddable":true,"href":"https:\/\/www.depoles.com\/hr\/wp-json\/wp\/v2\/product_brand?post=2149"},{"taxonomy":"product_cat","embeddable":true,"href":"https:\/\/www.depoles.com\/hr\/wp-json\/wp\/v2\/product_cat?post=2149"},{"taxonomy":"product_tag","embeddable":true,"href":"https:\/\/www.depoles.com\/hr\/wp-json\/wp\/v2\/product_tag?post=2149"}],"curies":[{"name":"wp","href":"https:\/\/api.w.org\/{rel}","templated":true}]}}