{"id":2151,"date":"2021-05-03T12:44:27","date_gmt":"2021-05-03T10:44:27","guid":{"rendered":"https:\/\/nova.depoles.com\/trgovina\/elektricni-brusilnik-svedrov-3-13mm-bsg13e_230v\/"},"modified":"2026-03-06T14:00:23","modified_gmt":"2026-03-06T13:00:23","slug":"elektricni-brusilnik-svedrov-3-13mm-bsg13e_230v","status":"publish","type":"product","link":"https:\/\/www.depoles.com\/hr\/trgovina\/elektricni-brusilnik-svedrov-3-13mm-bsg13e_230v\/","title":{"rendered":"Elektri\u010dna brusilica za burgije 3-13mm BSG13E_230V"},"content":{"rendered":"<p><strong>Specifikacija izdelka<\/strong><\/p>\n<table>\n<tbody>\n<tr>\n<th colspan=\"2\">Podatki o motorju<\/th>\n<\/tr>\n<tr>\n<td>Mo\u010d motorja S1 (W)<\/td>\n<td>80<\/td>\n<\/tr>\n<tr>\n<td>Hitrost (min\u207b\u00b9)<\/td>\n<td>4200<\/td>\n<\/tr>\n<tr>\n<td>Napetost<\/td>\n<td>230V \/ 50Hz<\/td>\n<\/tr>\n<tr>\n<th colspan=\"2\">Bru\u0161enje<\/th>\n<\/tr>\n<tr>\n<td>Premer svedra (mm)<\/td>\n<td>3-13<\/td>\n<\/tr>\n<tr>\n<th colspan=\"2\">Te\u017ea<\/th>\n<\/tr>\n<tr>\n<td>Netto te\u017ea (kg)<\/td>\n<td>2,40<\/td>\n<\/tr>\n<tr>\n<td>Bruto te\u017ea (kg)<\/td>\n<td>2,95<\/td>\n<\/tr>\n<tr>\n<th colspan=\"2\">Embala\u017ea<\/th>\n<\/tr>\n<tr>\n<td>Vi\u0161ina embala\u017ee (mm)<\/td>\n<td>165<\/td>\n<\/tr>\n<tr>\n<td>\u0160irina embala\u017ee (mm)<\/td>\n<td>190<\/td>\n<\/tr>\n<tr>\n<td>Dol\u017eina embala\u017ee (mm)<\/td>\n<td>230<\/td>\n<\/tr>\n<tr>\n<th colspan=\"2\">Splo\u0161ni podatki<\/th>\n<\/tr>\n<tr>\n<td>EAN koda<\/td>\n<td>9120039909431<\/td>\n<\/tr>\n<\/tbody>\n<\/table>\n","protected":false},"excerpt":{"rendered":"<h3>Poudarki izdelka<\/h3>\n<p>Orodje za ostrenje svedrov HSS omogo\u010da hitro in enostavno ponovno ostrenje va\u0161ih svedrov v samo treh korakih. Primerno je za razli\u010dne vrste in velikosti svedrov, vklju\u010dno s samocentri\u010dnimi razdeljenimi to\u010dkami. Orodje omogo\u010da avtomatsko bru\u0161enje konic z odmi\u010dnim diskom ter enostavno menjavo ostrih obro\u010dev, kar zagotavlja dolgo \u017eivljenjsko dobo in hitro menjavo.<\/p>\n<ul>\n<li>Obnovi dolgo\u010dasne svedre HSS kot nove v 3 preprostih korakih<\/li>\n<li>Izostri najbolj priljubljene vrste in velikosti svedrov<\/li>\n<li>Podpira samocentriranje razdeljenih to\u010dk<\/li>\n<li>Enostavno upravljanje z omejenim ostrenjem<\/li>\n<li>Avtomatsko bru\u0161enje geometrije konic z odmi\u010dnim diskom<\/li>\n<li>Preprosta menjava ostrih obro\u010dev<\/li>\n<li>Diamantna ostrina za hitro menjavo in dolgo \u017eivljenjsko dobo<\/li>\n<li>Standardni kot bru\u0161enja: 118\u00b0<\/li>\n<\/ul>\n<p><strong>Vklju\u010deno v dobavo:<\/strong> diamantni disk (zrno 150), vpenjalna glava<\/p>\n","protected":false},"featured_media":2152,"template":"","meta":[],"product_brand":[],"product_cat":[1066,1062],"product_tag":[],"class_list":{"0":"post-2151","1":"product","2":"type-product","3":"status-publish","4":"has-post-thumbnail","6":"product_cat-brusilniki-poliranje-brusenje","7":"product_cat-oprema-za-delavnice-delovne-mize-ponki","9":"first","10":"instock","11":"shipping-taxable","12":"purchasable","13":"product-type-simple"},"_links":{"self":[{"href":"https:\/\/www.depoles.com\/hr\/wp-json\/wp\/v2\/product\/2151","targetHints":{"allow":["GET"]}}],"collection":[{"href":"https:\/\/www.depoles.com\/hr\/wp-json\/wp\/v2\/product"}],"about":[{"href":"https:\/\/www.depoles.com\/hr\/wp-json\/wp\/v2\/types\/product"}],"wp:featuredmedia":[{"embeddable":true,"href":"https:\/\/www.depoles.com\/hr\/wp-json\/wp\/v2\/media\/2152"}],"wp:attachment":[{"href":"https:\/\/www.depoles.com\/hr\/wp-json\/wp\/v2\/media?parent=2151"}],"wp:term":[{"taxonomy":"product_brand","embeddable":true,"href":"https:\/\/www.depoles.com\/hr\/wp-json\/wp\/v2\/product_brand?post=2151"},{"taxonomy":"product_cat","embeddable":true,"href":"https:\/\/www.depoles.com\/hr\/wp-json\/wp\/v2\/product_cat?post=2151"},{"taxonomy":"product_tag","embeddable":true,"href":"https:\/\/www.depoles.com\/hr\/wp-json\/wp\/v2\/product_tag?post=2151"}],"curies":[{"name":"wp","href":"https:\/\/api.w.org\/{rel}","templated":true}]}}