{"id":2157,"date":"2021-05-03T12:44:25","date_gmt":"2021-05-03T10:44:25","guid":{"rendered":"https:\/\/nova.depoles.com\/trgovina\/vrecka-za-prah-mabs1500ss\/"},"modified":"2025-12-17T23:24:51","modified_gmt":"2025-12-17T22:24:51","slug":"vrecka-za-prah-mabs1500ss","status":"publish","type":"product","link":"https:\/\/www.depoles.com\/hr\/trgovina\/vrecka-za-prah-mabs1500ss\/","title":{"rendered":"Vre\u0107ica za pra\u0161inu MABS1500SS"},"content":{"rendered":"<p><strong>Tehni\u010dni podatki:<\/strong><\/p>\n<table>\n<tr>\n<th>Lastnost<\/th>\n<th>Vrednost<\/th>\n<\/tr>\n<tr>\n<td>Bruto te\u017ea (kg)<\/td>\n<td>0,27<\/td>\n<\/tr>\n<tr>\n<td>Netto te\u017ea (kg)<\/td>\n<td>0,27<\/td>\n<\/tr>\n<tr>\n<td>\u0160irina embala\u017ee (mm)<\/td>\n<td>150<\/td>\n<\/tr>\n<tr>\n<td>Dol\u017eina embala\u017ee (mm)<\/td>\n<td>200<\/td>\n<\/tr>\n<tr>\n<td>Vi\u0161ina embala\u017ee (mm)<\/td>\n<td>20<\/td>\n<\/tr>\n<\/table>\n","protected":false},"excerpt":{"rendered":"<h3>Poudarki<\/h3>\n<p><p> vre\u010da za prah, primerna za na\u0161 MABS1500<\/p><\/p>\n","protected":false},"featured_media":2158,"template":"","meta":[],"product_brand":[],"product_cat":[1057,1043],"product_tag":[],"class_list":{"0":"post-2157","1":"product","2":"type-product","3":"status-publish","4":"has-post-thumbnail","6":"product_cat-sesalci-za-kovine","7":"product_cat-stroji-za-kovine","9":"first","10":"instock","11":"shipping-taxable","12":"purchasable","13":"product-type-simple"},"_links":{"self":[{"href":"https:\/\/www.depoles.com\/hr\/wp-json\/wp\/v2\/product\/2157","targetHints":{"allow":["GET"]}}],"collection":[{"href":"https:\/\/www.depoles.com\/hr\/wp-json\/wp\/v2\/product"}],"about":[{"href":"https:\/\/www.depoles.com\/hr\/wp-json\/wp\/v2\/types\/product"}],"wp:featuredmedia":[{"embeddable":true,"href":"https:\/\/www.depoles.com\/hr\/wp-json\/wp\/v2\/media\/2158"}],"wp:attachment":[{"href":"https:\/\/www.depoles.com\/hr\/wp-json\/wp\/v2\/media?parent=2157"}],"wp:term":[{"taxonomy":"product_brand","embeddable":true,"href":"https:\/\/www.depoles.com\/hr\/wp-json\/wp\/v2\/product_brand?post=2157"},{"taxonomy":"product_cat","embeddable":true,"href":"https:\/\/www.depoles.com\/hr\/wp-json\/wp\/v2\/product_cat?post=2157"},{"taxonomy":"product_tag","embeddable":true,"href":"https:\/\/www.depoles.com\/hr\/wp-json\/wp\/v2\/product_tag?post=2157"}],"curies":[{"name":"wp","href":"https:\/\/api.w.org\/{rel}","templated":true}]}}