{"id":2159,"date":"2021-05-03T12:44:19","date_gmt":"2021-05-03T10:44:19","guid":{"rendered":"https:\/\/nova.depoles.com\/trgovina\/zaga-za-hlode-bbs350_230v\/"},"modified":"2025-12-17T14:55:02","modified_gmt":"2025-12-17T13:55:02","slug":"zaga-za-hlode-bbs350_230v","status":"publish","type":"product","link":"https:\/\/www.depoles.com\/hr\/trgovina\/zaga-za-hlode-bbs350_230v\/","title":{"rendered":"TRA\u010cNA PILA ZA DRVA BBS350_230V"},"content":{"rendered":"<p><strong>Tehni\u010dni podatki<\/strong><\/p>\n<table>\n<tbody>\n<tr>\n<th colspan=\"2\">Te\u017ea<\/th>\n<\/tr>\n<tr>\n<td>Bruto te\u017ea (kg)<\/td>\n<td>210<\/td>\n<\/tr>\n<tr>\n<td>Netto te\u017ea (kg)<\/td>\n<td>170<\/td>\n<\/tr>\n<tr>\n<th colspan=\"2\">Pakiranje<\/th>\n<\/tr>\n<tr>\n<td>\u0160irina pakiranja (mm)<\/td>\n<td>645<\/td>\n<\/tr>\n<tr>\n<td>Dol\u017eina pakiranja (mm)<\/td>\n<td>1.365<\/td>\n<\/tr>\n<tr>\n<td>Vi\u0161ina pakiranja (mm)<\/td>\n<td>1.150<\/td>\n<\/tr>\n<tr>\n<th colspan=\"2\">Splo\u0161ni podatki<\/th>\n<\/tr>\n<tr>\n<td>EAN koda<\/td>\n<td>9120058378492<\/td>\n<\/tr>\n<\/tbody>\n<\/table>\n","protected":false},"excerpt":{"rendered":"<p>BBS350 je zasnovan izklju\u010dno za rezanje mehkega, trdega, suhega, surovega ali zamrznjenega lesa ali lesenih prizm.<\/p>\n<ul>\n<li>vse vrste lesa lahko re\u017eemo z istim trakom<\/li>\n<li>dol\u017eina reza je odvisna od \u0161tevila odsekov, ki se \u0161irijo<\/li>\n<li>maks. dol\u017eina reza (standardni model) 2,4 m<\/li>\n<li>trdna in brez sukanja konstrukcija<\/li>\n<li>nizka raven potrebnega vzdr\u017eevanja<\/li>\n<li>enostavno rokovanje<\/li>\n<li>masivno pogonsko kolo iz litega \u017eeleza<\/li>\n<li>natan\u010dno vodilo<\/li>\n<li>ekscentri\u010dni sistem objemk<\/li>\n<li>ro\u010dno nastavljanje vi\u0161ine (debeline)<\/li>\n<li>krma za ro\u010dno rezanje<\/li>\n<li>\u017dagin list iz ogljikovega jekla 4TPI<\/li>\n<li>CEE vti\u010d 3-polni, 230 V, 16A<\/li>\n<\/ul>\n","protected":false},"featured_media":2160,"template":"","meta":[],"product_brand":[],"product_cat":[1012,1013],"product_tag":[143,215,314,429,441,632,837,849,918],"class_list":{"0":"post-2159","1":"product","2":"type-product","3":"status-publish","4":"has-post-thumbnail","6":"product_cat-stroji-za-les","7":"product_cat-tracna-zaga-za-hlodovino-bbs","8":"product_tag-143","9":"product_tag-bbs","10":"product_tag-depoles","11":"product_tag-hlodovino","12":"product_tag-holzmann","13":"product_tag-pila","14":"product_tag-tracna","15":"product_tag-trupce","16":"product_tag-zaga","18":"first","19":"instock","20":"shipping-taxable","21":"purchasable","22":"product-type-simple"},"_links":{"self":[{"href":"https:\/\/www.depoles.com\/hr\/wp-json\/wp\/v2\/product\/2159","targetHints":{"allow":["GET"]}}],"collection":[{"href":"https:\/\/www.depoles.com\/hr\/wp-json\/wp\/v2\/product"}],"about":[{"href":"https:\/\/www.depoles.com\/hr\/wp-json\/wp\/v2\/types\/product"}],"wp:featuredmedia":[{"embeddable":true,"href":"https:\/\/www.depoles.com\/hr\/wp-json\/wp\/v2\/media\/2160"}],"wp:attachment":[{"href":"https:\/\/www.depoles.com\/hr\/wp-json\/wp\/v2\/media?parent=2159"}],"wp:term":[{"taxonomy":"product_brand","embeddable":true,"href":"https:\/\/www.depoles.com\/hr\/wp-json\/wp\/v2\/product_brand?post=2159"},{"taxonomy":"product_cat","embeddable":true,"href":"https:\/\/www.depoles.com\/hr\/wp-json\/wp\/v2\/product_cat?post=2159"},{"taxonomy":"product_tag","embeddable":true,"href":"https:\/\/www.depoles.com\/hr\/wp-json\/wp\/v2\/product_tag?post=2159"}],"curies":[{"name":"wp","href":"https:\/\/api.w.org\/{rel}","templated":true}]}}