{"id":2179,"date":"2021-05-03T12:43:58","date_gmt":"2021-05-03T10:43:58","guid":{"rendered":"https:\/\/nova.depoles.com\/trgovina\/lepilka-kam215epsk_400v\/"},"modified":"2025-12-17T14:55:49","modified_gmt":"2025-12-17T13:55:49","slug":"lepilka-kam215epsk_400v","status":"publish","type":"product","link":"https:\/\/www.depoles.com\/hr\/trgovina\/lepilka-kam215epsk_400v\/","title":{"rendered":"LJEPLJIVA PI\u0160TOLJ KAM215EPSK_400V"},"content":{"rendered":"<p><strong>Tehni\u010dne specifikacije:<\/strong><\/p>\n<ul>\n<li><strong>Podatki o motorju:<\/strong>\n<ul>\n<li>Napetost: 400V \/ 50Hz<\/li>\n<li>Hitrost dovajanja: max. 13 m\/min<\/li>\n<\/ul>\n<\/li>\n<li><strong>Dimenzije obdelovanca:<\/strong>\n<ul>\n<li>Minimalna dol\u017eina obdelovanca: 120 mm<\/li>\n<li>Minimalna \u0161irina obdelovanca: 80 mm<\/li>\n<li>Minimalna debelina obdelovanca: 10 mm<\/li>\n<li>Maksimalna debelina obdelovanca: 50 mm<\/li>\n<\/ul>\n<\/li>\n<li><strong>Obrobno lepljenje:<\/strong>\n<ul>\n<li>\u0160irina roba: 15-55 mm<\/li>\n<li>Debelina roba: 0,4 &#8211; 3 mm<\/li>\n<li>Zahtevani zra\u010dni tlak: 6 bar<\/li>\n<\/ul>\n<\/li>\n<li><strong>Te\u017ea:<\/strong>\n<ul>\n<li>Bruto te\u017ea: 1.150 kg<\/li>\n<li>Netto te\u017ea: 1.020 kg<\/li>\n<\/ul>\n<\/li>\n<li><strong>Pakiranje:<\/strong>\n<ul>\n<li>\u0160irina pakiranja: 770 mm<\/li>\n<li>Dol\u017eina pakiranja: 3.760 mm<\/li>\n<li>Vi\u0161ina pakiranja: 1.620 mm<\/li>\n<\/ul>\n<\/li>\n<li><strong>Splo\u0161ni podatki:<\/strong>\n<ul>\n<li>EAN koda: 9120058378089<\/li>\n<\/ul>\n<\/li>\n<\/ul>\n","protected":false},"excerpt":{"rendered":"<h3>Uveljavljeni KAM215EPS z enoto za vogalne obrobe<\/h3>\n<p>Ta enostranski avtomatski robni stroj z zaslonom na dotik omogo\u010da natan\u010dno in u\u010dinkovito obdelavo robov. Pona\u0161a se z naslednjimi lastnostmi:<\/p>\n<ul>\n<li>Posoda za lepilo z regulacijo ogrevanja in neposredno dovajanje lepila na ravne obdelovance<\/li>\n<li>Enota \u017eage za rezanje robnega traku, opremljena z dvema motorjema (0,35 kW, 12.000 min\u207b\u00b9) za sprednjo in zadnjo stran<\/li>\n<li>Dvojna obrezovalna enota za obrezovanje previsa roba (zgornja in spodnja stran) z mo\u017enostjo rezanja naravnost ali s polmerom 2 mm (motor 0,75 kW, 18.000 min\u207b\u00b9)<\/li>\n<li>Kotna obloga z dvojno obrezovalno enoto za spodnji in zgornji kot obdelovanca (motor 0,3 kW)<\/li>\n<li>R-strgalna enota za zgornjo in spodnjo stran<\/li>\n<li>Enota za poliranje (zgornja in spodnja stran) z mo\u010djo 0,18 kW in hitrostjo 1400 min\u207b\u00b9<\/li>\n<li>Tla\u010dni valji zagotavljajo optimalno povezavo med laminatom in obdelovancem<\/li>\n<li>Samodejno in konstantno podajanje plo\u0161\u010de preko veri\u017enega transporterja z mo\u010dnim motorjem<\/li>\n<li>Elektronska nastavitev temperature lepljenja na zaslonu na dotik<\/li>\n<li>Miza za podporo robnega pasu<\/li>\n<\/ul>\n<p><strong>Vklju\u010deno v dobavo:<\/strong> 2x \u017eagin list (\u00f8104x\u00f822&#215;3 \/ 2.2 30T), 2x polirni disk (\u00f8150 mm), 2x rezila, 2x rezalniki za dvojno rezkalno enoto ter 2x rezalniki za vogalne obrobe.<\/p>\n","protected":false},"featured_media":2180,"template":"","meta":[],"product_brand":[],"product_cat":[1033,1012],"product_tag":[],"class_list":{"0":"post-2179","1":"product","2":"type-product","3":"status-publish","4":"has-post-thumbnail","6":"product_cat-robne-lepilke","7":"product_cat-stroji-za-les","9":"first","10":"instock","11":"shipping-taxable","12":"purchasable","13":"product-type-simple"},"_links":{"self":[{"href":"https:\/\/www.depoles.com\/hr\/wp-json\/wp\/v2\/product\/2179","targetHints":{"allow":["GET"]}}],"collection":[{"href":"https:\/\/www.depoles.com\/hr\/wp-json\/wp\/v2\/product"}],"about":[{"href":"https:\/\/www.depoles.com\/hr\/wp-json\/wp\/v2\/types\/product"}],"wp:featuredmedia":[{"embeddable":true,"href":"https:\/\/www.depoles.com\/hr\/wp-json\/wp\/v2\/media\/2180"}],"wp:attachment":[{"href":"https:\/\/www.depoles.com\/hr\/wp-json\/wp\/v2\/media?parent=2179"}],"wp:term":[{"taxonomy":"product_brand","embeddable":true,"href":"https:\/\/www.depoles.com\/hr\/wp-json\/wp\/v2\/product_brand?post=2179"},{"taxonomy":"product_cat","embeddable":true,"href":"https:\/\/www.depoles.com\/hr\/wp-json\/wp\/v2\/product_cat?post=2179"},{"taxonomy":"product_tag","embeddable":true,"href":"https:\/\/www.depoles.com\/hr\/wp-json\/wp\/v2\/product_tag?post=2179"}],"curies":[{"name":"wp","href":"https:\/\/api.w.org\/{rel}","templated":true}]}}