{"id":2185,"date":"2021-05-03T12:43:56","date_gmt":"2021-05-03T10:43:56","guid":{"rendered":"https:\/\/nova.depoles.com\/trgovina\/filter-zelo-drobnih-delcev-absff850\/"},"modified":"2026-02-12T13:45:32","modified_gmt":"2026-02-12T12:45:32","slug":"filter-zelo-drobnih-delcev-absff850","status":"publish","type":"product","link":"https:\/\/www.depoles.com\/hr\/trgovina\/filter-zelo-drobnih-delcev-absff850\/","title":{"rendered":"Filter vrlo sitnih \u010destica ABSFF850"},"content":{"rendered":"<p><strong>Specifikacije izdelka<\/strong><\/p>\n<ul>\n<li><strong>Dimenzije (Dx\u0160xV):<\/strong> 350 x 300 x 640 mm<\/li>\n<li><strong>Te\u017ea:<\/strong>\n<ul>\n<li>Bruto te\u017ea: 4,80 kg<\/li>\n<li>Neto te\u017ea: 4 kg<\/li>\n<\/ul>\n<\/li>\n<li><strong>Embala\u017ea:<\/strong>\n<ul>\n<li>\u0160irina embala\u017ee: 300 mm<\/li>\n<li>Dol\u017eina embala\u017ee: 300 mm<\/li>\n<li>Vi\u0161ina embala\u017ee: 650 mm<\/li>\n<\/ul>\n<\/li>\n<li><strong>Splo\u0161ni podatki:<\/strong>\n<ul>\n<li>EAN koda: 9120058378508<\/li>\n<\/ul>\n<\/li>\n<\/ul>\n","protected":false},"excerpt":{"rendered":"<h3>Opis izdelka<\/h3>\n<p>Kartu\u0161ni filter, primeren za model ABS850, vklju\u010duje ro\u010dni sistem za odpra\u0161evanje. Dimenzije filtra so \u00d8 270 x 600 mm.<\/p>\n<ul>\n<li>Kartu\u0161ni filter za ABS850<\/li>\n<li>Ro\u010dni sistem za odpra\u0161evanje<\/li>\n<li>Dimenzija filtra: \u00d8 270 x 600 mm<\/li>\n<\/ul>\n<p><strong>Vklju\u010deno v dobavo:<\/strong> vre\u010dka za zbiranje prahu, pritrdilni material<\/p>\n","protected":false},"featured_media":2186,"template":"","meta":[],"product_brand":[],"product_cat":[1035,1012],"product_tag":[],"class_list":{"0":"post-2185","1":"product","2":"type-product","3":"status-publish","4":"has-post-thumbnail","6":"product_cat-sesalci","7":"product_cat-stroji-za-les","9":"first","10":"instock","11":"shipping-taxable","12":"purchasable","13":"product-type-simple"},"_links":{"self":[{"href":"https:\/\/www.depoles.com\/hr\/wp-json\/wp\/v2\/product\/2185","targetHints":{"allow":["GET"]}}],"collection":[{"href":"https:\/\/www.depoles.com\/hr\/wp-json\/wp\/v2\/product"}],"about":[{"href":"https:\/\/www.depoles.com\/hr\/wp-json\/wp\/v2\/types\/product"}],"wp:featuredmedia":[{"embeddable":true,"href":"https:\/\/www.depoles.com\/hr\/wp-json\/wp\/v2\/media\/2186"}],"wp:attachment":[{"href":"https:\/\/www.depoles.com\/hr\/wp-json\/wp\/v2\/media?parent=2185"}],"wp:term":[{"taxonomy":"product_brand","embeddable":true,"href":"https:\/\/www.depoles.com\/hr\/wp-json\/wp\/v2\/product_brand?post=2185"},{"taxonomy":"product_cat","embeddable":true,"href":"https:\/\/www.depoles.com\/hr\/wp-json\/wp\/v2\/product_cat?post=2185"},{"taxonomy":"product_tag","embeddable":true,"href":"https:\/\/www.depoles.com\/hr\/wp-json\/wp\/v2\/product_tag?post=2185"}],"curies":[{"name":"wp","href":"https:\/\/api.w.org\/{rel}","templated":true}]}}