{"id":2190,"date":"2021-05-03T12:43:51","date_gmt":"2021-05-03T10:43:51","guid":{"rendered":"https:\/\/nova.depoles.com\/trgovina\/filter-zelo-drobnih-delcev-absff2uni\/"},"modified":"2026-02-12T13:50:49","modified_gmt":"2026-02-12T12:50:49","slug":"filter-zelo-drobnih-delcev-absff2uni","status":"publish","type":"product","link":"https:\/\/www.depoles.com\/hr\/trgovina\/filter-zelo-drobnih-delcev-absff2uni\/","title":{"rendered":"Filter za vrlo fine \u010destice ABSFF2UNI"},"content":{"rendered":"<p><strong>Tehni\u010dni podatki<\/strong><\/p>\n<ul>\n<li><strong>Te\u017ea<\/strong>\n<ul>\n<li>Bruto te\u017ea: 13 kg<\/li>\n<li>Netto te\u017ea: 10 kg<\/li>\n<\/ul>\n<\/li>\n<li><strong>Embala\u017ea<\/strong>\n<ul>\n<li>\u0160irina embala\u017ee: 560 mm<\/li>\n<li>Dol\u017eina embala\u017ee: 730 mm<\/li>\n<li>Vi\u0161ina embala\u017ee: 560 mm<\/li>\n<\/ul>\n<\/li>\n<li><strong>Splo\u0161ni podatki<\/strong>\n<ul>\n<li>EAN koda: 9120058378867<\/li>\n<\/ul>\n<\/li>\n<\/ul>\n","protected":false},"excerpt":{"rendered":"<p>Za\u0161\u010ditite svoje zdravje z uporabo kartu\u0161nega filtra, ki znatno zmanj\u0161a emisije. Filter ima hitrost filtracije 1 \u00b5m in je zdru\u017eljiv z modeli ABS3000SE ter ABS5000SE.<\/p>\n","protected":false},"featured_media":2191,"template":"","meta":[],"product_brand":[],"product_cat":[1035,1012],"product_tag":[],"class_list":{"0":"post-2190","1":"product","2":"type-product","3":"status-publish","4":"has-post-thumbnail","6":"product_cat-sesalci","7":"product_cat-stroji-za-les","9":"first","10":"instock","11":"shipping-taxable","12":"purchasable","13":"product-type-simple"},"_links":{"self":[{"href":"https:\/\/www.depoles.com\/hr\/wp-json\/wp\/v2\/product\/2190","targetHints":{"allow":["GET"]}}],"collection":[{"href":"https:\/\/www.depoles.com\/hr\/wp-json\/wp\/v2\/product"}],"about":[{"href":"https:\/\/www.depoles.com\/hr\/wp-json\/wp\/v2\/types\/product"}],"wp:featuredmedia":[{"embeddable":true,"href":"https:\/\/www.depoles.com\/hr\/wp-json\/wp\/v2\/media\/2191"}],"wp:attachment":[{"href":"https:\/\/www.depoles.com\/hr\/wp-json\/wp\/v2\/media?parent=2190"}],"wp:term":[{"taxonomy":"product_brand","embeddable":true,"href":"https:\/\/www.depoles.com\/hr\/wp-json\/wp\/v2\/product_brand?post=2190"},{"taxonomy":"product_cat","embeddable":true,"href":"https:\/\/www.depoles.com\/hr\/wp-json\/wp\/v2\/product_cat?post=2190"},{"taxonomy":"product_tag","embeddable":true,"href":"https:\/\/www.depoles.com\/hr\/wp-json\/wp\/v2\/product_tag?post=2190"}],"curies":[{"name":"wp","href":"https:\/\/api.w.org\/{rel}","templated":true}]}}