{"id":2192,"date":"2021-05-03T12:43:48","date_gmt":"2021-05-03T10:43:48","guid":{"rendered":"https:\/\/nova.depoles.com\/trgovina\/kopirna-struznica-za-kopiranje-lesa-dbk1500_400v\/"},"modified":"2025-12-17T23:25:14","modified_gmt":"2025-12-17T22:25:14","slug":"kopirna-struznica-za-kopiranje-lesa-dbk1500_400v","status":"publish","type":"product","link":"https:\/\/www.depoles.com\/hr\/trgovina\/kopirna-struznica-za-kopiranje-lesa-dbk1500_400v\/","title":{"rendered":"Kopirni tokarski stroj za obradu drva DBK1500_400V"},"content":{"rendered":"<p><strong>Tehni\u010dni podatki<\/strong><\/p>\n<ul>\n<li><strong>Motor<\/strong>\n<ul>\n<li>Mo\u010d motorja S6: 1500 W<\/li>\n<li>Mo\u010d motorja S1: 1100 W<\/li>\n<li>Napetost: 400 V<\/li>\n<\/ul>\n<\/li>\n<li><strong>Stru\u017enice<\/strong>\n<ul>\n<li>Glavno vreteno: M33<\/li>\n<li>Repno vreteno: MK2\/MT2<\/li>\n<li>Hitrost vretena (min-1): 2800 \/ 1950 \/ 1000 \/ 500<\/li>\n<li>Maksimalna dol\u017eina kopije: 1300 mm<\/li>\n<li>Maksimalna globina kopije: 50 mm<\/li>\n<li>Vi\u0161ina kopirnega centra: 65 mm<\/li>\n<li>Hod tulca repnega vretena: 100 mm<\/li>\n<li>Razdalja med centri: 1500 mm<\/li>\n<li>Vi\u0161ina centra: 220 mm<\/li>\n<\/ul>\n<\/li>\n<li><strong>Te\u017ea<\/strong>\n<ul>\n<li>Netto te\u017ea: 210 kg<\/li>\n<li>Bruto te\u017ea: 236 kg<\/li>\n<\/ul>\n<\/li>\n<li><strong>Embalaza<\/strong>\n<ul>\n<li>Vi\u0161ina embala\u017ee: 1230 mm<\/li>\n<li>\u0160irina embala\u017ee: 490 mm<\/li>\n<li>Dol\u017eina embala\u017ee: 2320 mm<\/li>\n<\/ul>\n<\/li>\n<li><strong>Splo\u0161ni podatki<\/strong>\n<ul>\n<li>EAN koda: 9120039902005<\/li>\n<\/ul>\n<\/li>\n<\/ul>\n","protected":false},"excerpt":{"rendered":"<h3> Poudarki <\/h3>\n<ul>\n<li> trdno in torzijsko odporno jekleno kopi\u010denje <\/li>\n<li> enostavno ro\u010dno upravljanje z ekscentri\u010dnim vpenjalnim sistemom <\/li>\n<li> trden rep zalog z dvojnim vodilnim sistemom <\/li>\n<li> repni rep z M33 in MT2 <\/li>\n<li> dolg po\u010ditek orodja s hitrim sistemom vpenjanja in brezstopenjsko nastavitvijo vi\u0161ine <\/li>\n<li> razli\u010dna dodatna oprema vklju\u010dena v dostavo <\/li>\n<\/ul>\n<p> <strong>vklju\u010deno v dobavo:<\/strong> obrazna plo\u0161\u010da 220 mm, vija\u010dna vpenjalna palica, vpenjalna vpenjalna glava 40 mm, vpenjalna glava 3-16 mm, vrtnica B16-MT2, re\u0161ilni center MT2, po\u010ditek orodja, stabilen po\u010ditek, naprava za kopiranje <\/p><\/p>\n","protected":false},"featured_media":2193,"template":"","meta":[],"product_brand":[],"product_cat":[1012,1037],"product_tag":[],"class_list":{"0":"post-2192","1":"product","2":"type-product","3":"status-publish","4":"has-post-thumbnail","6":"product_cat-stroji-za-les","7":"product_cat-struznice-za-les","9":"first","10":"instock","11":"shipping-taxable","12":"purchasable","13":"product-type-simple"},"_links":{"self":[{"href":"https:\/\/www.depoles.com\/hr\/wp-json\/wp\/v2\/product\/2192","targetHints":{"allow":["GET"]}}],"collection":[{"href":"https:\/\/www.depoles.com\/hr\/wp-json\/wp\/v2\/product"}],"about":[{"href":"https:\/\/www.depoles.com\/hr\/wp-json\/wp\/v2\/types\/product"}],"wp:featuredmedia":[{"embeddable":true,"href":"https:\/\/www.depoles.com\/hr\/wp-json\/wp\/v2\/media\/2193"}],"wp:attachment":[{"href":"https:\/\/www.depoles.com\/hr\/wp-json\/wp\/v2\/media?parent=2192"}],"wp:term":[{"taxonomy":"product_brand","embeddable":true,"href":"https:\/\/www.depoles.com\/hr\/wp-json\/wp\/v2\/product_brand?post=2192"},{"taxonomy":"product_cat","embeddable":true,"href":"https:\/\/www.depoles.com\/hr\/wp-json\/wp\/v2\/product_cat?post=2192"},{"taxonomy":"product_tag","embeddable":true,"href":"https:\/\/www.depoles.com\/hr\/wp-json\/wp\/v2\/product_tag?post=2192"}],"curies":[{"name":"wp","href":"https:\/\/api.w.org\/{rel}","templated":true}]}}