{"id":2200,"date":"2021-05-03T12:43:41","date_gmt":"2021-05-03T10:43:41","guid":{"rendered":"https:\/\/nova.depoles.com\/trgovina\/lamelka-keksarca-pj100a_230v\/"},"modified":"2026-02-15T19:33:12","modified_gmt":"2026-02-15T18:33:12","slug":"lamelka-keksarca-pj100a_230v","status":"publish","type":"product","link":"https:\/\/www.depoles.com\/hr\/trgovina\/lamelka-keksarca-pj100a_230v\/","title":{"rendered":"LAMELKA\/KEKSARICA PJ100A_230V"},"content":{"rendered":"<p><strong>Tehni\u010dne specifikacije<\/strong><\/p>\n<ul>\n<li><strong>Podatki o motorju<\/strong>\n<ul>\n<li>Mo\u010d motorja S1: 900 W<\/li>\n<li>Napajalna napetost: 230 V<\/li>\n<\/ul>\n<\/li>\n<li><strong>Dimenzije<\/strong>\n<ul>\n<li>Celotne dimenzije (D x \u0160 x V): 380 x 150 x 160 mm<\/li>\n<\/ul>\n<\/li>\n<li><strong>Razli\u010dni stroji<\/strong>\n<ul>\n<li>Premer: \u00d8100 mm<\/li>\n<\/ul>\n<\/li>\n<li><strong>Te\u017ea<\/strong>\n<ul>\n<li>Net Te\u017ea: 3,30 kg<\/li>\n<li>Bruto Te\u017ea: 4 kg<\/li>\n<\/ul>\n<\/li>\n<li><strong>Pakiranje<\/strong>\n<ul>\n<li>Vi\u0161ina pakiranja: 200 mm<\/li>\n<li>\u0160irina pakiranja: 160 mm<\/li>\n<li>Dol\u017eina pakiranja: 420 mm<\/li>\n<\/ul>\n<\/li>\n<li><strong>Splo\u0161ni podatki<\/strong>\n<ul>\n<li>EAN koda: 9120039904177<\/li>\n<\/ul>\n<\/li>\n<\/ul>\n","protected":false},"excerpt":{"rendered":"<h3>PROFI LAMELKA<\/h3>\n<ul>\n<li>maks. globina reza: 19 mm<\/li>\n<li>sekalnik iz volframovega karbida (\u00f8100 x \u00f8 22 x 4 mm; 6T)<\/li>\n<li>primeren za izdelavo lesenih spojev<\/li>\n<li>dostavljeno v priro\u010dni sinteti\u010dni \u0161katli<\/li>\n<\/ul>\n","protected":false},"featured_media":2201,"template":"","meta":[],"product_brand":[],"product_cat":[1032,1012],"product_tag":[],"class_list":{"0":"post-2200","1":"product","2":"type-product","3":"status-publish","4":"has-post-thumbnail","6":"product_cat-rezkarji-glodalice","7":"product_cat-stroji-za-les","9":"first","10":"instock","11":"shipping-taxable","12":"purchasable","13":"product-type-simple"},"_links":{"self":[{"href":"https:\/\/www.depoles.com\/hr\/wp-json\/wp\/v2\/product\/2200","targetHints":{"allow":["GET"]}}],"collection":[{"href":"https:\/\/www.depoles.com\/hr\/wp-json\/wp\/v2\/product"}],"about":[{"href":"https:\/\/www.depoles.com\/hr\/wp-json\/wp\/v2\/types\/product"}],"wp:featuredmedia":[{"embeddable":true,"href":"https:\/\/www.depoles.com\/hr\/wp-json\/wp\/v2\/media\/2201"}],"wp:attachment":[{"href":"https:\/\/www.depoles.com\/hr\/wp-json\/wp\/v2\/media?parent=2200"}],"wp:term":[{"taxonomy":"product_brand","embeddable":true,"href":"https:\/\/www.depoles.com\/hr\/wp-json\/wp\/v2\/product_brand?post=2200"},{"taxonomy":"product_cat","embeddable":true,"href":"https:\/\/www.depoles.com\/hr\/wp-json\/wp\/v2\/product_cat?post=2200"},{"taxonomy":"product_tag","embeddable":true,"href":"https:\/\/www.depoles.com\/hr\/wp-json\/wp\/v2\/product_tag?post=2200"}],"curies":[{"name":"wp","href":"https:\/\/api.w.org\/{rel}","templated":true}]}}