{"id":2216,"date":"2020-11-08T15:19:41","date_gmt":"2020-11-08T14:19:41","guid":{"rendered":"https:\/\/nova.depoles.com\/trgovina\/kovinska-tracna-zaga-bs320top_400v\/"},"modified":"2026-02-12T13:53:26","modified_gmt":"2026-02-12T12:53:26","slug":"kovinska-tracna-zaga-bs320top_400v","status":"publish","type":"product","link":"https:\/\/www.depoles.com\/hr\/trgovina\/kovinska-tracna-zaga-bs320top_400v\/","title":{"rendered":"TRA\u010cNA PILA ZA METAL BS 320 TOP 400V"},"content":{"rendered":"<p><strong>Tehni\u010dni podatki<\/strong><\/p>\n<table>\n<tr>\n<th colspan=\"2\">Podatki o motorju<\/th>\n<\/tr>\n<tr>\n<td>Mo\u010d motorja S1 v W<\/td>\n<td>1100 (1) \/ 1500 (2)<\/td>\n<\/tr>\n<tr>\n<td>Napon<\/td>\n<td>400 V \/ 50 Hz<\/td>\n<\/tr>\n<tr>\n<th colspan=\"2\">Dimenzije<\/th>\n<\/tr>\n<tr>\n<td>Skupne dimenzije (\u0160 x G x V) v mm<\/td>\n<td>2000 x 1500 x 1900<\/td>\n<\/tr>\n<tr>\n<th colspan=\"2\">Rezanje<\/th>\n<\/tr>\n<tr>\n<td>Rezanje okroglih profilov \u00d8 90\u00b0 v mm<\/td>\n<td>245<\/td>\n<\/tr>\n<tr>\n<td>Rezanje okroglih profilov \u00d8 45\u00b0 v mm<\/td>\n<td>190<\/td>\n<\/tr>\n<tr>\n<td>Rezanje okroglih profilov \u00d8 60\u00b0 v mm<\/td>\n<td>140<\/td>\n<\/tr>\n<tr>\n<td>Rezanje okroglih profilov \u00d8 -45\u00b0 v mm<\/td>\n<td>190<\/td>\n<\/tr>\n<tr>\n<td>Rezanje profilov (dol\u017eina x vi\u0161ina) 90\u00b0 v mm<\/td>\n<td>320 x 195 (245 x 245)<\/td>\n<\/tr>\n<tr>\n<td>Rezanje profilov (dol\u017eina x vi\u0161ina) 45\u00b0 v mm<\/td>\n<td>180 x 140 (155 x 155)<\/td>\n<\/tr>\n<tr>\n<td>Rezanje profilov (dol\u017eina x vi\u0161ina) 60\u00b0 v mm<\/td>\n<td>140 x 125<\/td>\n<\/tr>\n<tr>\n<td>Rezanje profilov (dol\u017eina x vi\u0161ina) -45\u00b0 v mm<\/td>\n<td>200 x 140 (155 x 155)<\/td>\n<\/tr>\n<tr>\n<th colspan=\"2\">Tra\u010dne \u017eage<\/th>\n<\/tr>\n<tr>\n<td>Tra\u010dna \u017eaga v mm<\/td>\n<td>2680 x 27 x 0,9<\/td>\n<\/tr>\n<tr>\n<td>Hitrost tra\u010dne \u017eage v m\/min<\/td>\n<td>35 \/ 70<\/td>\n<\/tr>\n<tr>\n<td>Premer vztrajnika v mm<\/td>\n<td>300<\/td>\n<\/tr>\n<tr>\n<th colspan=\"2\">Raven glasnosti in vibracije<\/th>\n<\/tr>\n<tr>\n<td>Raven zvo\u010dne mo\u010di v dB(A)<\/td>\n<td>88,3<\/td>\n<\/tr>\n<tr>\n<td>Raven zvo\u010dnega tlaka v dB(A)<\/td>\n<td>75,7<\/td>\n<\/tr>\n<tr>\n<th colspan=\"2\">Te\u017ea<\/th>\n<\/tr>\n<tr>\n<td>Bruto te\u017ea v kg<\/td>\n<td>384<\/td>\n<\/tr>\n<tr>\n<td>Netto te\u017ea v kg<\/td>\n<td>320<\/td>\n<\/tr>\n<tr>\n<th colspan=\"2\">Embala\u017ea<\/th>\n<\/tr>\n<tr>\n<td>\u0160irina embala\u017ee v mm<\/td>\n<td>805<\/td>\n<\/tr>\n<tr>\n<td>Dol\u017eina embala\u017ee v mm<\/td>\n<td>1600<\/td>\n<\/tr>\n<tr>\n<td>Vi\u0161ina embala\u017ee v mm<\/td>\n<td>955<\/td>\n<\/tr>\n<tr>\n<th colspan=\"2\">Splo\u0161ni podatki<\/th>\n<\/tr>\n<tr>\n<td>EAN koda<\/td>\n<td>9120058378362<\/td>\n<\/tr>\n<\/table>\n","protected":false},"excerpt":{"rendered":"<h3>BS 320 TOP 400V<\/h3>\n<ul>\n<li>vrhunska tra\u010dna \u017eaga z zobni\u0161kim prenosom za obrt in industrijo<\/li>\n<li>natan\u010dna kovinska tra\u010dna \u017eaga v te\u017eki izvedbi<\/li>\n<li>zmogljiv dvostopenjski pogon v zasnovi zobnikov<\/li>\n<li>Nastavitev kota rezanja: L: 0-45 \u00b0, R: 0-60<\/li>\n<li>Spu\u0161\u010danje roke \u017eage izbirno samodejno ali ro\u010dno<\/li>\n<li>po kon\u010danem rezu samodejni izklop s kon\u010dnim stikalom<\/li>\n<li>robusten prime\u017e (vi\u0161ina povr\u0161ine do tal = 950 mm)<\/li>\n<li>hidravli\u010dni cilinder za brezstopenjsko nastavljivo hitrost spu\u0161\u010danja<\/li>\n<li>Dvostopenjsko stikalo hitrosti pasu \u017eage (35m \/ min; 70m \/ min)<\/li>\n<li>Manometer za prikaz napetosti \u017eaginega lista<\/li>\n<li>Strojno stojalo z vrati in polico ter rezervoarjem za hladilno teko\u010dino (15 l) in \u010drpalko za hladilno sredstvo (45 W)<\/li>\n<\/ul>\n<p><strong>Vklju\u010deno v dobavo<\/strong> : List \u017eage 2680 x 27 x 0,9 mm; Vti\u010d CEE<\/p>\n","protected":false},"featured_media":2217,"template":"","meta":[],"product_brand":[],"product_cat":[1043,1060],"product_tag":[],"class_list":{"0":"post-2216","1":"product","2":"type-product","3":"status-publish","4":"has-post-thumbnail","6":"product_cat-stroji-za-kovine","7":"product_cat-tracne-zage-za-kovino","9":"first","10":"instock","11":"shipping-taxable","12":"purchasable","13":"product-type-simple"},"_links":{"self":[{"href":"https:\/\/www.depoles.com\/hr\/wp-json\/wp\/v2\/product\/2216","targetHints":{"allow":["GET"]}}],"collection":[{"href":"https:\/\/www.depoles.com\/hr\/wp-json\/wp\/v2\/product"}],"about":[{"href":"https:\/\/www.depoles.com\/hr\/wp-json\/wp\/v2\/types\/product"}],"wp:featuredmedia":[{"embeddable":true,"href":"https:\/\/www.depoles.com\/hr\/wp-json\/wp\/v2\/media\/2217"}],"wp:attachment":[{"href":"https:\/\/www.depoles.com\/hr\/wp-json\/wp\/v2\/media?parent=2216"}],"wp:term":[{"taxonomy":"product_brand","embeddable":true,"href":"https:\/\/www.depoles.com\/hr\/wp-json\/wp\/v2\/product_brand?post=2216"},{"taxonomy":"product_cat","embeddable":true,"href":"https:\/\/www.depoles.com\/hr\/wp-json\/wp\/v2\/product_cat?post=2216"},{"taxonomy":"product_tag","embeddable":true,"href":"https:\/\/www.depoles.com\/hr\/wp-json\/wp\/v2\/product_tag?post=2216"}],"curies":[{"name":"wp","href":"https:\/\/api.w.org\/{rel}","templated":true}]}}