{"id":2220,"date":"2020-11-08T15:19:38","date_gmt":"2020-11-08T14:19:38","guid":{"rendered":"https:\/\/nova.depoles.com\/trgovina\/brusni-kamen-za-ms7000-ms7000st\/"},"modified":"2025-12-17T23:25:33","modified_gmt":"2025-12-17T22:25:33","slug":"brusni-kamen-za-ms7000-ms7000st","status":"publish","type":"product","link":"https:\/\/www.depoles.com\/hr\/trgovina\/brusni-kamen-za-ms7000-ms7000st\/","title":{"rendered":"O\u0161tra\u010d za MS7000 MS7000ST"},"content":{"rendered":"<p><strong>Tehni\u010dni podatki:<\/strong><\/p>\n<ul>\n<li><strong>Te\u017ea:<\/strong>\n<ul>\n<li>Net te\u017ea: 0,25 kg<\/li>\n<li>Bruto te\u017ea: 0,30 kg<\/li>\n<\/ul>\n<\/li>\n<li><strong>Embala\u017ea:<\/strong>\n<ul>\n<li>Vi\u0161ina embala\u017ee: 80 mm<\/li>\n<li>\u0160irina embala\u017ee: 100 mm<\/li>\n<li>Dol\u017eina embala\u017ee: 100 mm<\/li>\n<\/ul>\n<\/li>\n<li><strong>Splo\u0161ni podatki:<\/strong>\n<ul>\n<li>EAN koda: 9120039908564<\/li>\n<\/ul>\n<\/li>\n<\/ul>\n","protected":false},"excerpt":{"rendered":"<p>Tehni\u010dni podatki: Te\u017ea: Net te\u017ea: 0,25 kg Bruto te\u017ea: 0,30 kg Embala\u017ea: Vi\u0161ina embala\u017ee: 80 mm \u0160irina embala\u017ee: 100 mm Dol\u017eina embala\u017ee: 100 mm Splo\u0161ni podatki: EAN koda: 9120039908564<\/p>\n","protected":false},"featured_media":2221,"template":"","meta":[],"product_brand":[],"product_cat":[1066,1062],"product_tag":[],"class_list":{"0":"post-2220","1":"product","2":"type-product","3":"status-publish","4":"has-post-thumbnail","6":"product_cat-brusilniki-poliranje-brusenje","7":"product_cat-oprema-za-delavnice-delovne-mize-ponki","9":"first","10":"instock","11":"shipping-taxable","12":"purchasable","13":"product-type-simple"},"_links":{"self":[{"href":"https:\/\/www.depoles.com\/hr\/wp-json\/wp\/v2\/product\/2220","targetHints":{"allow":["GET"]}}],"collection":[{"href":"https:\/\/www.depoles.com\/hr\/wp-json\/wp\/v2\/product"}],"about":[{"href":"https:\/\/www.depoles.com\/hr\/wp-json\/wp\/v2\/types\/product"}],"wp:featuredmedia":[{"embeddable":true,"href":"https:\/\/www.depoles.com\/hr\/wp-json\/wp\/v2\/media\/2221"}],"wp:attachment":[{"href":"https:\/\/www.depoles.com\/hr\/wp-json\/wp\/v2\/media?parent=2220"}],"wp:term":[{"taxonomy":"product_brand","embeddable":true,"href":"https:\/\/www.depoles.com\/hr\/wp-json\/wp\/v2\/product_brand?post=2220"},{"taxonomy":"product_cat","embeddable":true,"href":"https:\/\/www.depoles.com\/hr\/wp-json\/wp\/v2\/product_cat?post=2220"},{"taxonomy":"product_tag","embeddable":true,"href":"https:\/\/www.depoles.com\/hr\/wp-json\/wp\/v2\/product_tag?post=2220"}],"curies":[{"name":"wp","href":"https:\/\/api.w.org\/{rel}","templated":true}]}}