{"id":2224,"date":"2020-11-08T15:19:35","date_gmt":"2020-11-08T14:19:35","guid":{"rendered":"https:\/\/nova.depoles.com\/trgovina\/disk-za-poliranje-krpe-150x25x16mm-dsm150psl\/"},"modified":"2025-12-17T23:25:42","modified_gmt":"2025-12-17T22:25:42","slug":"disk-za-poliranje-krpe-150x25x16mm-dsm150psl","status":"publish","type":"product","link":"https:\/\/www.depoles.com\/hr\/trgovina\/disk-za-poliranje-krpe-150x25x16mm-dsm150psl\/","title":{"rendered":"Disk za poliranje krpe 150x25x16mm DSM150PSL"},"content":{"rendered":"<p><strong>Specifikacija izdelka<\/strong><\/p>\n<table>\n<tbody>\n<tr>\n<th colspan=\"2\">Te\u017ea<\/th>\n<\/tr>\n<tr>\n<td>Net Te\u017ea (kg)<\/td>\n<td>0,30<\/td>\n<\/tr>\n<tr>\n<td>Bruto Te\u017ea (kg)<\/td>\n<td>0,50<\/td>\n<\/tr>\n<tr>\n<th colspan=\"2\">Embala\u017ea<\/th>\n<\/tr>\n<tr>\n<td>Vi\u0161ina embala\u017ee (mm)<\/td>\n<td>0<\/td>\n<\/tr>\n<tr>\n<td>\u0160irina embala\u017ee (mm)<\/td>\n<td>0<\/td>\n<\/tr>\n<tr>\n<td>Dol\u017eina embala\u017ee (mm)<\/td>\n<td>0<\/td>\n<\/tr>\n<tr>\n<th colspan=\"2\">Splo\u0161ni podatki<\/th>\n<\/tr>\n<tr>\n<td>EAN koda<\/td>\n<td>9120058374333<\/td>\n<\/tr>\n<\/tbody>\n<\/table>\n","protected":false},"excerpt":{"rendered":"<p>Specifikacija izdelka Te\u017ea Net Te\u017ea (kg) 0,30 Bruto Te\u017ea (kg) 0,50 Embala\u017ea Vi\u0161ina embala\u017ee (mm) 0 \u0160irina embala\u017ee (mm) 0 Dol\u017eina embala\u017ee (mm) 0 Splo\u0161ni podatki EAN koda 9120058374333<\/p>\n","protected":false},"featured_media":2225,"template":"","meta":[],"product_brand":[],"product_cat":[1066,1062],"product_tag":[],"class_list":{"0":"post-2224","1":"product","2":"type-product","3":"status-publish","4":"has-post-thumbnail","6":"product_cat-brusilniki-poliranje-brusenje","7":"product_cat-oprema-za-delavnice-delovne-mize-ponki","9":"first","10":"instock","11":"shipping-taxable","12":"purchasable","13":"product-type-simple"},"_links":{"self":[{"href":"https:\/\/www.depoles.com\/hr\/wp-json\/wp\/v2\/product\/2224","targetHints":{"allow":["GET"]}}],"collection":[{"href":"https:\/\/www.depoles.com\/hr\/wp-json\/wp\/v2\/product"}],"about":[{"href":"https:\/\/www.depoles.com\/hr\/wp-json\/wp\/v2\/types\/product"}],"wp:featuredmedia":[{"embeddable":true,"href":"https:\/\/www.depoles.com\/hr\/wp-json\/wp\/v2\/media\/2225"}],"wp:attachment":[{"href":"https:\/\/www.depoles.com\/hr\/wp-json\/wp\/v2\/media?parent=2224"}],"wp:term":[{"taxonomy":"product_brand","embeddable":true,"href":"https:\/\/www.depoles.com\/hr\/wp-json\/wp\/v2\/product_brand?post=2224"},{"taxonomy":"product_cat","embeddable":true,"href":"https:\/\/www.depoles.com\/hr\/wp-json\/wp\/v2\/product_cat?post=2224"},{"taxonomy":"product_tag","embeddable":true,"href":"https:\/\/www.depoles.com\/hr\/wp-json\/wp\/v2\/product_tag?post=2224"}],"curies":[{"name":"wp","href":"https:\/\/api.w.org\/{rel}","templated":true}]}}