{"id":2238,"date":"2020-11-08T15:19:18","date_gmt":"2020-11-08T14:19:18","guid":{"rendered":"https:\/\/nova.depoles.com\/trgovina\/elektricni-paletni-vilicar-hub15flex_48v\/"},"modified":"2026-02-12T13:50:32","modified_gmt":"2026-02-12T12:50:32","slug":"elektricni-paletni-vilicar-hub15flex_48v","status":"publish","type":"product","link":"https:\/\/www.depoles.com\/hr\/trgovina\/elektricni-paletni-vilicar-hub15flex_48v\/","title":{"rendered":"ELEKTRI\u010cNI PALETNI VILI\u010cAR HUB15FLEX_48V"},"content":{"rendered":"<p><strong>Tehni\u010dne specifikacije<\/strong><\/p>\n<ul>\n<li><strong>Motor<\/strong>\n<ul>\n<li>Mo\u010d motorja S1: 750 \/ 500 W<\/li>\n<\/ul>\n<\/li>\n<li><strong>Baterija<\/strong>\n<ul>\n<li>Napetost baterije: 48 V<\/li>\n<li>Kapaciteta baterije: 480 Wh<\/li>\n<li>Trajanje baterije: pribli\u017eno 3 h<\/li>\n<li>\u010cas polnjenja: pribli\u017eno 5 h<\/li>\n<\/ul>\n<\/li>\n<li><strong>Dimenzije in zmogljivosti<\/strong>\n<ul>\n<li>Dvignilna mo\u010d: 1500 kg<\/li>\n<li>Maksimalna vi\u0161ina vilic: 195 mm<\/li>\n<li>Minimalna vi\u0161ina vilic: 85 mm<\/li>\n<li>Dimenzije vilic: 1150 x 550 mm<\/li>\n<li>Hod: 110 mm<\/li>\n<\/ul>\n<\/li>\n<li><strong>Te\u017ea<\/strong>\n<ul>\n<li>Bruto te\u017ea: 126 kg<\/li>\n<li>Netto te\u017ea: 125 kg<\/li>\n<\/ul>\n<\/li>\n<li><strong>Embala\u017ea<\/strong>\n<ul>\n<li>\u0160irina embala\u017ee: 800 mm<\/li>\n<li>Dol\u017eina embala\u017ee: 1.400 mm<\/li>\n<li>Vi\u0161ina embala\u017ee: 670 mm<\/li>\n<\/ul>\n<\/li>\n<li><strong>Splo\u0161ni podatki<\/strong>\n<ul>\n<li>EAN koda: 9120058378478<\/li>\n<\/ul>\n<\/li>\n<\/ul>\n","protected":false},"excerpt":{"rendered":"<h6>pla\u010dila mo\u017ena na oborke takoj\/LEANPAY in vse kartice<\/h6>\n<ul>\n<li>izjemen pripomo\u010dek za vsako skladi\u0161\u010de te\u017ekega tovora , prevoznike toora za enostavno in lahko razkledanje tovornjakov, trgovine, skladi\u0161\u010de palet in zabojev&#8230;<\/li>\n<li>\u0161e nikoli niste delalai z primiki tezkega tovora tako enostavno kot sedaj<\/li>\n<li>vili\u010dar je popolnoma standardnih dimenzij , kot so ro\u010dni<\/li>\n<li>popolnoma elektri\u010dni paletni vili\u010dar<\/li>\n<li>POMIK NAPREJ\/NAZAJ ELEKTRI\u010cNI<\/li>\n<li>DVIG\/SPUST LEKTRI\u010cNI<\/li>\n<li>prikaz stanje in napolnjenosti baterije na monitorji<\/li>\n<li>sirena<\/li>\n<li>(pogonski motor 750W, dvi\u017eni motor 500W)<\/li>\n<li>hitrost vo\u017enje do 4km \/ h<\/li>\n<li>Li-Ion baterija z 10Ah \/ 48V<\/li>\n<li>indikator stanja baterije v%<\/li>\n<li>\u0161irina vilic 160mm<\/li>\n<li>polmer obra\u010danja 1, 35m<\/li>\n<li>izbira novega na\u010dina po\u010dasne \/ hitre potovalne hitrosti<\/li>\n<\/ul>\n<p><strong>vklju\u010deno v dobavo:<\/strong> baterija, polnilnik<\/p>\n<p>https:\/\/www.youtube.com\/watch?v=Ssy9JcWiLYc<\/p>\n","protected":false},"featured_media":2239,"template":"","meta":[],"product_brand":[],"product_cat":[1062,1065],"product_tag":[108,314,441,450,621,873,874],"class_list":{"0":"post-2238","1":"product","2":"type-product","3":"status-publish","4":"has-post-thumbnail","6":"product_cat-oprema-za-delavnice-delovne-mize-ponki","7":"product_cat-transportne-naprave","8":"product_tag-15flex","9":"product_tag-depoles","10":"product_tag-holzmann","11":"product_tag-hub","12":"product_tag-paletni","13":"product_tag-vilicar","14":"product_tag-viljuskar","16":"first","17":"instock","18":"shipping-taxable","19":"purchasable","20":"product-type-simple"},"_links":{"self":[{"href":"https:\/\/www.depoles.com\/hr\/wp-json\/wp\/v2\/product\/2238","targetHints":{"allow":["GET"]}}],"collection":[{"href":"https:\/\/www.depoles.com\/hr\/wp-json\/wp\/v2\/product"}],"about":[{"href":"https:\/\/www.depoles.com\/hr\/wp-json\/wp\/v2\/types\/product"}],"wp:featuredmedia":[{"embeddable":true,"href":"https:\/\/www.depoles.com\/hr\/wp-json\/wp\/v2\/media\/2239"}],"wp:attachment":[{"href":"https:\/\/www.depoles.com\/hr\/wp-json\/wp\/v2\/media?parent=2238"}],"wp:term":[{"taxonomy":"product_brand","embeddable":true,"href":"https:\/\/www.depoles.com\/hr\/wp-json\/wp\/v2\/product_brand?post=2238"},{"taxonomy":"product_cat","embeddable":true,"href":"https:\/\/www.depoles.com\/hr\/wp-json\/wp\/v2\/product_cat?post=2238"},{"taxonomy":"product_tag","embeddable":true,"href":"https:\/\/www.depoles.com\/hr\/wp-json\/wp\/v2\/product_tag?post=2238"}],"curies":[{"name":"wp","href":"https:\/\/api.w.org\/{rel}","templated":true}]}}