{"id":2245,"date":"2020-09-02T11:11:37","date_gmt":"2020-09-02T09:11:37","guid":{"rendered":"https:\/\/nova.depoles.com\/trgovina\/set-2-rocni-stroj-za-krtacenje-holmann-sm100-230v-setkrtaca-nylon-hv80\/"},"modified":"2026-03-30T16:38:05","modified_gmt":"2026-03-30T14:38:05","slug":"set-2-rocni-stroj-za-krtacenje-holmann-sm100-230v-setkrtaca-nylon-hv80","status":"publish","type":"product","link":"https:\/\/www.depoles.com\/hr\/trgovina\/set-2-rocni-stroj-za-krtacenje-holmann-sm100-230v-setkrtaca-nylon-hv80\/","title":{"rendered":"SET 2 RU\u010cNA MA\u0160INA ZA \u010cI\u0160\u0106ENJE HOLMANN SM100 230V\/SET+\u010cETKA NYLON HV80"},"content":{"rendered":"<h3>tehni\u010dni podatki<\/h3>\n<div class=\"row groupRow\">\n<div class=\"zusatzInfo\">\n<div class=\"col-sm-6 col-xs-6\">\n<div class=\"border-bottom-dotted\"><strong>motor data<\/strong><\/div>\n<\/div>\n<div class=\"clearfix\"><\/div>\n<\/div>\n<\/div>\n<div class=\"row\">\n<div class=\"zusatzInfo\">\n<div class=\"col-sm-6 col-xs-6\">\n<div class=\"border-bottom-dotted\">motor power s1 in W<\/div>\n<\/div>\n<div class=\"col-sm-6 col-xs-6\">\n<div class=\"border-bottom-dotted\">800<\/div>\n<\/div>\n<div class=\"clearfix\"><\/div>\n<\/div>\n<\/div>\n<div class=\"row\">\n<div class=\"zusatzInfo\">\n<div class=\"col-sm-6 col-xs-6\">\n<div class=\"border-bottom-dotted\">speed in min-1<\/div>\n<\/div>\n<div class=\"col-sm-6 col-xs-6\">\n<div class=\"border-bottom-dotted\">700 &#8211; 3000<\/div>\n<\/div>\n<div class=\"clearfix\"><\/div>\n<\/div>\n<\/div>\n<div class=\"row\">\n<div class=\"zusatzInfo\">\n<div class=\"col-sm-6 col-xs-6\">\n<div class=\"border-bottom-dotted\">voltage<\/div>\n<\/div>\n<div class=\"col-sm-6 col-xs-6\">\n<div class=\"border-bottom-dotted\">230V \/ 50Hz<\/div>\n<\/div>\n<div class=\"clearfix\"><\/div>\n<\/div>\n<\/div>\n<div class=\"row groupRow\">\n<div class=\"zusatzInfo\">\n<div class=\"col-sm-6 col-xs-6\">\n<div class=\"border-bottom-dotted\"><strong>grinding<\/strong><\/div>\n<\/div>\n<div class=\"clearfix\"><\/div>\n<\/div>\n<\/div>\n<div class=\"row\">\n<div class=\"zusatzInfo\">\n<div class=\"col-sm-6 col-xs-6\">\n<div class=\"border-bottom-dotted\">max. sanding width in mm<\/div>\n<\/div>\n<div class=\"col-sm-6 col-xs-6\">\n<div class=\"border-bottom-dotted\">100<\/div>\n<\/div>\n<div class=\"clearfix\"><\/div>\n<\/div>\n<\/div>\n<div class=\"row groupRow\">\n<div class=\"zusatzInfo\">\n<div class=\"col-sm-6 col-xs-6\">\n<div class=\"border-bottom-dotted\"><strong>weight<\/strong><\/div>\n<\/div>\n<div class=\"clearfix\"><\/div>\n<\/div>\n<\/div>\n<div class=\"row\">\n<div class=\"zusatzInfo\">\n<div class=\"col-sm-6 col-xs-6\">\n<div class=\"border-bottom-dotted\">gross weight in kg<\/div>\n<\/div>\n<div class=\"col-sm-6 col-xs-6\">\n<div class=\"border-bottom-dotted\">4.20<\/div>\n<\/div>\n<div class=\"clearfix\"><\/div>\n<\/div>\n<\/div>\n<div class=\"row\">\n<div class=\"zusatzInfo\">\n<div class=\"col-sm-6 col-xs-6\">\n<div class=\"border-bottom-dotted\">net weight in kg<\/div>\n<\/div>\n<div class=\"col-sm-6 col-xs-6\">\n<div class=\"border-bottom-dotted\">3.50<\/div>\n<\/div>\n<div class=\"clearfix\"><\/div>\n<\/div>\n<\/div>\n<div class=\"row groupRow\">\n<div class=\"zusatzInfo\">\n<div class=\"col-sm-6 col-xs-6\">\n<div class=\"border-bottom-dotted\"><strong>packaging<\/strong><\/div>\n<\/div>\n<div class=\"clearfix\"><\/div>\n<\/div>\n<\/div>\n<div class=\"row\">\n<div class=\"zusatzInfo\">\n<div class=\"col-sm-6 col-xs-6\">\n<div class=\"border-bottom-dotted\">packaging length in mm<\/div>\n<\/div>\n<div class=\"col-sm-6 col-xs-6\">\n<div class=\"border-bottom-dotted\">435<\/div>\n<\/div>\n<div class=\"clearfix\"><\/div>\n<\/div>\n<\/div>\n<div class=\"row\">\n<div class=\"zusatzInfo\">\n<div class=\"col-sm-6 col-xs-6\">\n<div class=\"border-bottom-dotted\">packaging width in mm<\/div>\n<\/div>\n<div class=\"col-sm-6 col-xs-6\">\n<div class=\"border-bottom-dotted\">210<\/div>\n<\/div>\n<div class=\"clearfix\"><\/div>\n<\/div>\n<\/div>\n<div class=\"row\">\n<div class=\"zusatzInfo\">\n<div class=\"col-sm-6 col-xs-6\">\n<div class=\"border-bottom-dotted\">packaging height in mm<\/div>\n<\/div>\n<div class=\"col-sm-6 col-xs-6\">\n<div class=\"border-bottom-dotted\">140<\/div>\n<\/div>\n<div class=\"clearfix\"><\/div>\n<\/div>\n<\/div>\n<div class=\"row groupRow\">\n<div class=\"zusatzInfo\">\n<div class=\"col-sm-6 col-xs-6\">\n<div class=\"border-bottom-dotted\"><strong>general data<\/strong><\/div>\n<\/div>\n<div class=\"clearfix\"><\/div>\n<\/div>\n<\/div>\n<div class=\"row\">\n<div class=\"zusatzInfo\">\n<div class=\"col-sm-6 col-xs-6\">\n<div class=\"border-bottom-dotted\">EAN code<\/div>\n<\/div>\n<div class=\"col-sm-6 col-xs-6\">\n<div class=\"border-bottom-dotted\">9120058371752<\/div>\n<\/div>\n<div class=\"clearfix\"><\/div>\n<\/div>\n<\/div>\n","protected":false},"excerpt":{"rendered":"<h5><span style=\"color: #ff0000\">SET 2\u00a0 SM100+HV80 KRTA\u010cA NYLON \/<span style=\"color: #008000\">NA ZALOGI\/VELJA DO PRODAJE<\/span><\/span><\/h5>\n<h5>NARO\u010cILA\/PLA\u010cILA\/NA OBORKE DO 12.000\u20ac \/LEANPAY\/SPREJEMAO VSE KARTICE<\/h5>\n<ul>\n<li>SET 2 v kompletu s krta\u010do K 80 <strong>NYLON<\/strong><\/li>\n<li>namenski sroj za krta\u010denje lesa in povr\u0161in ro\u010dno<\/li>\n<li>nastavljiva hitrost<\/li>\n<li>Upravljanje z dvema rokama omogo\u010da enakomerno delo<\/li>\n<li>Enostaven stroj za uporabnika in delo<\/li>\n<\/ul>\n<p><strong>vklju\u010deno v dobavo<\/strong> : krta\u010da NYLON K 80 , polirno kolo \u00d8120 \u00d7 100 mm, mehko<\/p>\n","protected":false},"featured_media":2246,"template":"","meta":[],"product_brand":[],"product_cat":[1054,1022,1034,1043,1012],"product_tag":[441,522,523,533,585,649,725,730,741,760],"class_list":{"0":"post-2245","1":"product","2":"type-product","3":"status-publish","4":"has-post-thumbnail","6":"product_cat-brusilniki-za-kovine","7":"product_cat-elektricni-rocni-stroji-orodja","8":"product_cat-rocno-orodje","9":"product_cat-stroji-za-kovine","10":"product_cat-stroji-za-les","11":"product_tag-holzmann","12":"product_tag-krtacenje","13":"product_tag-krtacni","14":"product_tag-les","15":"product_tag-naylon","16":"product_tag-poliranje","17":"product_tag-rustikal","18":"product_tag-scetkanje","19":"product_tag-set1","20":"product_tag-sm100","22":"first","23":"instock","24":"shipping-taxable","25":"purchasable","26":"product-type-simple"},"_links":{"self":[{"href":"https:\/\/www.depoles.com\/hr\/wp-json\/wp\/v2\/product\/2245","targetHints":{"allow":["GET"]}}],"collection":[{"href":"https:\/\/www.depoles.com\/hr\/wp-json\/wp\/v2\/product"}],"about":[{"href":"https:\/\/www.depoles.com\/hr\/wp-json\/wp\/v2\/types\/product"}],"wp:featuredmedia":[{"embeddable":true,"href":"https:\/\/www.depoles.com\/hr\/wp-json\/wp\/v2\/media\/2246"}],"wp:attachment":[{"href":"https:\/\/www.depoles.com\/hr\/wp-json\/wp\/v2\/media?parent=2245"}],"wp:term":[{"taxonomy":"product_brand","embeddable":true,"href":"https:\/\/www.depoles.com\/hr\/wp-json\/wp\/v2\/product_brand?post=2245"},{"taxonomy":"product_cat","embeddable":true,"href":"https:\/\/www.depoles.com\/hr\/wp-json\/wp\/v2\/product_cat?post=2245"},{"taxonomy":"product_tag","embeddable":true,"href":"https:\/\/www.depoles.com\/hr\/wp-json\/wp\/v2\/product_tag?post=2245"}],"curies":[{"name":"wp","href":"https:\/\/api.w.org\/{rel}","templated":true}]}}