{"id":2259,"date":"2020-08-20T16:25:20","date_gmt":"2020-08-20T14:25:20","guid":{"rendered":"https:\/\/nova.depoles.com\/trgovina\/formatna-zaga-holzmann-ts315f1600_230v\/"},"modified":"2026-02-12T13:52:03","modified_gmt":"2026-02-12T12:52:03","slug":"formatna-zaga-holzmann-ts315f1600_230v","status":"publish","type":"product","link":"https:\/\/www.depoles.com\/hr\/trgovina\/formatna-zaga-holzmann-ts315f1600_230v\/","title":{"rendered":"FORMATNA PILA HOLZMANN TS315F1600_230V"},"content":{"rendered":"<p><strong>Tehni\u010dni podatki<\/strong><\/p>\n<ul>\n<li><strong>Motor<\/strong>\n<ul>\n<li>Mo\u010d motorja S1: 2200 W<\/li>\n<li>Mo\u010d motorja S6: 3100 W<\/li>\n<li>Napetost: 230 V \/ 50 Hz<\/li>\n<\/ul>\n<\/li>\n<li><strong>Dimenzije<\/strong>\n<ul>\n<li>Velikost mize: 800 x 365 mm<\/li>\n<li>Vi\u0161ina mize: 850 mm<\/li>\n<li>Raz\u0161iritev mize: 350 x 365 mm<\/li>\n<li>Raz\u0161iritev \u0161irine mize: 800 x 540 mm<\/li>\n<li>Drsna miza: 238 x 1600 mm<\/li>\n<li>Sesalni priklju\u010dek: 100 mm<\/li>\n<li>Skupne dimenzije: 3000 x 3200 x 1200 mm<\/li>\n<\/ul>\n<\/li>\n<li><strong>Rezanje<\/strong>\n<ul>\n<li>Maksimalna vi\u0161ina rezanja pri 90\u00b0: 100 mm<\/li>\n<li>Maksimalna vi\u0161ina rezanja pri 45\u00b0: 70 mm<\/li>\n<li>Maksimalna dol\u017eina obrezovanja: 1400 mm<\/li>\n<\/ul>\n<\/li>\n<li><strong>Kro\u017ene \u017eage<\/strong>\n<ul>\n<li>Premer \u017eaginega lista: 315 mm (30 mm)<\/li>\n<li>Hitrost \u017eaginega lista: 4000 vrt.\/min<\/li>\n<\/ul>\n<\/li>\n<li><strong>Raven hrupa in vibracij<\/strong>\n<ul>\n<li>Raven zvo\u010dne mo\u010di: 103 dB(A)<\/li>\n<li>Raven zvo\u010dnega tlaka: 89,5 dB(A)<\/li>\n<\/ul>\n<\/li>\n<li><strong>Te\u017ea<\/strong>\n<ul>\n<li>Bruto te\u017ea: 187 kg<\/li>\n<li>Netto te\u017ea: 152 kg<\/li>\n<\/ul>\n<\/li>\n<li><strong>Embal\u017ea\u017ea<\/strong>\n<ul>\n<li>\u0160irina pakiranja: 750 mm<\/li>\n<li>Dol\u017eina pakiranja: 855 mm<\/li>\n<li>Vi\u0161ina pakiranja: 945 mm<\/li>\n<\/ul>\n<\/li>\n<li><strong>Splo\u0161ni podatki<\/strong>\n<ul>\n<li>EAN koda: 9120058378294<\/li>\n<\/ul>\n<\/li>\n<\/ul>\n","protected":false},"excerpt":{"rendered":"<h3>Poudarki izdelka<\/h3>\n<ul>\n<li>Vi\u0161insko in kotno nastavljiva \u017eaga<\/li>\n<li>Gladko teko\u010da drsna miza iz aluminija dol\u017eine 1600 mm z zunanjo mizo in podporni valj<\/li>\n<li>List \u017eage z \u00d8315 mm za rezanje do vi\u0161ine 100 mm<\/li>\n<li>Trdna in natan\u010dno vodena rip ograja<\/li>\n<li>Trda siva miza iz litega \u017eeleza za dolgo \u017eivljenjsko dobo<\/li>\n<li>Raz\u0161iritev mize za ve\u010djo podporo materialu<\/li>\n<\/ul>\n<p><strong>Vklju\u010deno v dobavo:<\/strong> TCT kro\u017ena \u017eaga, mizica za prekrivanje, prerezana ograja, rip ograja, robnik, obdelovalec, potisna palica in drsni les.<\/p>\n","protected":false},"featured_media":2260,"template":"","meta":[],"product_brand":[],"product_cat":[1025,1012],"product_tag":[],"class_list":{"0":"post-2259","1":"product","2":"type-product","3":"status-publish","4":"has-post-thumbnail","6":"product_cat-formatne-zage","7":"product_cat-stroji-za-les","9":"first","10":"instock","11":"shipping-taxable","12":"purchasable","13":"product-type-simple"},"_links":{"self":[{"href":"https:\/\/www.depoles.com\/hr\/wp-json\/wp\/v2\/product\/2259","targetHints":{"allow":["GET"]}}],"collection":[{"href":"https:\/\/www.depoles.com\/hr\/wp-json\/wp\/v2\/product"}],"about":[{"href":"https:\/\/www.depoles.com\/hr\/wp-json\/wp\/v2\/types\/product"}],"wp:featuredmedia":[{"embeddable":true,"href":"https:\/\/www.depoles.com\/hr\/wp-json\/wp\/v2\/media\/2260"}],"wp:attachment":[{"href":"https:\/\/www.depoles.com\/hr\/wp-json\/wp\/v2\/media?parent=2259"}],"wp:term":[{"taxonomy":"product_brand","embeddable":true,"href":"https:\/\/www.depoles.com\/hr\/wp-json\/wp\/v2\/product_brand?post=2259"},{"taxonomy":"product_cat","embeddable":true,"href":"https:\/\/www.depoles.com\/hr\/wp-json\/wp\/v2\/product_cat?post=2259"},{"taxonomy":"product_tag","embeddable":true,"href":"https:\/\/www.depoles.com\/hr\/wp-json\/wp\/v2\/product_tag?post=2259"}],"curies":[{"name":"wp","href":"https:\/\/api.w.org\/{rel}","templated":true}]}}