{"id":2261,"date":"2020-08-20T16:24:54","date_gmt":"2020-08-20T14:24:54","guid":{"rendered":"https:\/\/nova.depoles.com\/trgovina\/20-filtrska-vrecka-10006272\/"},"modified":"2026-02-12T13:37:39","modified_gmt":"2026-02-12T12:37:39","slug":"20-filtrska-vrecka-10006272","status":"publish","type":"product","link":"https:\/\/www.depoles.com\/hr\/trgovina\/20-filtrska-vrecka-10006272\/","title":{"rendered":"# 20 filter vre\u0107ica 10006272"},"content":{"rendered":"<p><strong>Tehni\u010dni podatki:<\/strong><\/p>\n<ul>\n<li><strong>Bruto te\u017ea:<\/strong> 0,05 kg<\/li>\n<li><strong>Netto te\u017ea:<\/strong> 0,04 kg<\/li>\n<li><strong>Dimenzije embala\u017ee:<\/strong><\/li>\n<ul>\n<li>\u0160irina: 0 mm<\/li>\n<li>Dol\u017eina: 0 mm<\/li>\n<li>Vi\u0161ina: 0 mm<\/li>\n<\/ul>\n<\/ul>\n","protected":false},"excerpt":{"rendered":"<p>Tehni\u010dni podatki: Bruto te\u017ea: 0,05 kg Netto te\u017ea: 0,04 kg Dimenzije embala\u017ee: \u0160irina: 0 mm Dol\u017eina: 0 mm Vi\u0161ina: 0 mm<\/p>\n","protected":false},"featured_media":2262,"template":"","meta":[],"product_brand":[],"product_cat":[1035,1012],"product_tag":[],"class_list":{"0":"post-2261","1":"product","2":"type-product","3":"status-publish","4":"has-post-thumbnail","6":"product_cat-sesalci","7":"product_cat-stroji-za-les","9":"first","10":"instock","11":"shipping-taxable","12":"purchasable","13":"product-type-simple"},"_links":{"self":[{"href":"https:\/\/www.depoles.com\/hr\/wp-json\/wp\/v2\/product\/2261","targetHints":{"allow":["GET"]}}],"collection":[{"href":"https:\/\/www.depoles.com\/hr\/wp-json\/wp\/v2\/product"}],"about":[{"href":"https:\/\/www.depoles.com\/hr\/wp-json\/wp\/v2\/types\/product"}],"wp:featuredmedia":[{"embeddable":true,"href":"https:\/\/www.depoles.com\/hr\/wp-json\/wp\/v2\/media\/2262"}],"wp:attachment":[{"href":"https:\/\/www.depoles.com\/hr\/wp-json\/wp\/v2\/media?parent=2261"}],"wp:term":[{"taxonomy":"product_brand","embeddable":true,"href":"https:\/\/www.depoles.com\/hr\/wp-json\/wp\/v2\/product_brand?post=2261"},{"taxonomy":"product_cat","embeddable":true,"href":"https:\/\/www.depoles.com\/hr\/wp-json\/wp\/v2\/product_cat?post=2261"},{"taxonomy":"product_tag","embeddable":true,"href":"https:\/\/www.depoles.com\/hr\/wp-json\/wp\/v2\/product_tag?post=2261"}],"curies":[{"name":"wp","href":"https:\/\/api.w.org\/{rel}","templated":true}]}}