{"id":2263,"date":"2020-08-20T16:24:53","date_gmt":"2020-08-20T14:24:53","guid":{"rendered":"https:\/\/nova.depoles.com\/trgovina\/20filterska-torba-10006265\/"},"modified":"2025-12-17T23:25:49","modified_gmt":"2025-12-17T22:25:49","slug":"20filterska-torba-10006265","status":"publish","type":"product","link":"https:\/\/www.depoles.com\/hr\/trgovina\/20filterska-torba-10006265\/","title":{"rendered":"# Torba s 20 filtera 10006265"},"content":{"rendered":"<p><strong>Tehni\u010dni podatki:<\/strong><\/p>\n<ul>\n<li><strong>Te\u017ea:<\/strong>\n<ul>\n<li>Bruto te\u017ea: 0,05 kg<\/li>\n<li>Netto te\u017ea: 0,04 kg<\/li>\n<\/ul>\n<\/li>\n<li><strong>Embala\u017ea:<\/strong>\n<ul>\n<li>\u0160irina embala\u017ee: 0 mm<\/li>\n<li>Dol\u017eina embala\u017ee: 0 mm<\/li>\n<li>Vi\u0161ina embala\u017ee: 0 mm<\/li>\n<\/ul>\n<\/li>\n<\/ul>\n","protected":false},"excerpt":{"rendered":"<h3> Poudarki <\/h3>\n<ul>\n<li> Na glavne vti\u010dnice je mogo\u010de priklju\u010diti do 2 stroja <\/li>\n<li> Po vklopu stroja se zbiralnik prahu samodejno vklopi po 2-4 sekundah <\/li>\n<li> Zbiralnik prahu \u0161e naprej deluje 3-4 sekunde po izklopu stroja za odstranjevanje preostalega prahu <\/li>\n<\/ul>\n","protected":false},"featured_media":2264,"template":"","meta":[],"product_brand":[],"product_cat":[1035,1012],"product_tag":[],"class_list":{"0":"post-2263","1":"product","2":"type-product","3":"status-publish","4":"has-post-thumbnail","6":"product_cat-sesalci","7":"product_cat-stroji-za-les","9":"first","10":"instock","11":"shipping-taxable","12":"purchasable","13":"product-type-simple"},"_links":{"self":[{"href":"https:\/\/www.depoles.com\/hr\/wp-json\/wp\/v2\/product\/2263","targetHints":{"allow":["GET"]}}],"collection":[{"href":"https:\/\/www.depoles.com\/hr\/wp-json\/wp\/v2\/product"}],"about":[{"href":"https:\/\/www.depoles.com\/hr\/wp-json\/wp\/v2\/types\/product"}],"wp:featuredmedia":[{"embeddable":true,"href":"https:\/\/www.depoles.com\/hr\/wp-json\/wp\/v2\/media\/2264"}],"wp:attachment":[{"href":"https:\/\/www.depoles.com\/hr\/wp-json\/wp\/v2\/media?parent=2263"}],"wp:term":[{"taxonomy":"product_brand","embeddable":true,"href":"https:\/\/www.depoles.com\/hr\/wp-json\/wp\/v2\/product_brand?post=2263"},{"taxonomy":"product_cat","embeddable":true,"href":"https:\/\/www.depoles.com\/hr\/wp-json\/wp\/v2\/product_cat?post=2263"},{"taxonomy":"product_tag","embeddable":true,"href":"https:\/\/www.depoles.com\/hr\/wp-json\/wp\/v2\/product_tag?post=2263"}],"curies":[{"name":"wp","href":"https:\/\/api.w.org\/{rel}","templated":true}]}}