{"id":2267,"date":"2020-08-20T16:24:38","date_gmt":"2020-08-20T14:24:38","guid":{"rendered":"https:\/\/nova.depoles.com\/trgovina\/tracna-zaga-bbs-550-smart-g-bencin-za-hlodovino\/"},"modified":"2026-02-12T13:51:29","modified_gmt":"2026-02-12T12:51:29","slug":"tracna-zaga-bbs-550-smart-g-bencin-za-hlodovino","status":"publish","type":"product","link":"https:\/\/www.depoles.com\/hr\/trgovina\/tracna-zaga-bbs-550-smart-g-bencin-za-hlodovino\/","title":{"rendered":"TRA\u010cNA PILA BBS 550 SMART-G BENZIN za trupce"},"content":{"rendered":"<p><strong>Tehni\u010dni podatki<\/strong><\/p>\n<ul>\n<li><strong>Motor:<\/strong>\n<ul>\n<li>Mo\u010d motorja S1: 8200 W<\/li>\n<li>Tip motorja: Loncin G390F<\/li>\n<li>Prostornina: 389 ccm<\/li>\n<li>Vrsta goriva: ROZ 95 (EN228)<\/li>\n<li>Kapaciteta rezervoarja: 6,5 l<\/li>\n<\/ul>\n<\/li>\n<li><strong>Dimenzije:<\/strong>\n<ul>\n<li>Celotne dimenzije: 4260 x 1780 x 1700 mm<\/li>\n<\/ul>\n<\/li>\n<li><strong>Dimenzije obdelovanca:<\/strong>\n<ul>\n<li>Minimalna dol\u017eina obdelovanca: 1050 mm<\/li>\n<\/ul>\n<\/li>\n<li><strong>Tra\u010dne \u017eage:<\/strong>\n<ul>\n<li>Tra\u010dna \u017eaga: 3658 x 32 x 1,1 mm<\/li>\n<li>Hitrost tra\u010dne \u017eage: 1200 m\/min<\/li>\n<li>Maksimalna vi\u0161ina rezila: 105 mm<\/li>\n<li>Premer kolesa tra\u010dne \u017eage: \u00d8 475 mm<\/li>\n<li>Maksimalni premer hloda: \u00d8 550 mm<\/li>\n<li>Maksimalna odprtina med vodili rezila: 530 mm<\/li>\n<li>Dol\u017eina vodilne proge: 2 m<\/li>\n<li>Debelina reza (kerf): 1,5 &#8211; 2,2 mm<\/li>\n<\/ul>\n<\/li>\n<li><strong>Raven hrupa in vibracije:<\/strong>\n<ul>\n<li>Nivo zvo\u010dne mo\u010di: 98 dB(A)<\/li>\n<li>Nivo zvo\u010dnega tlaka: 89 dB(A)<\/li>\n<\/ul>\n<\/li>\n<li><strong>Te\u017ea:<\/strong>\n<ul>\n<li>Bruto te\u017ea: 407 kg<\/li>\n<li>Netto te\u017ea: 355 kg<\/li>\n<\/ul>\n<\/li>\n<li><strong>Embala\u017ea:<\/strong>\n<ul>\n<li>\u0160irina embala\u017ee: 630 mm<\/li>\n<li>Dol\u017eina embala\u017ee: 2170 mm<\/li>\n<li>Vi\u0161ina embala\u017ee: 860 mm<\/li>\n<\/ul>\n<\/li>\n<li><strong>Splo\u0161ni podatki:<\/strong>\n<ul>\n<li>EAN koda: 9120058378270<\/li>\n<\/ul>\n<\/li>\n<\/ul>\n","protected":false},"excerpt":{"rendered":"<h5>Uredimo pla\u010dilo na obroke takoj do 15000\u20ac tuidi za SP in DOO<\/h5>\n<p>Stroj je namenjen za rezanje mehkega, trdega, suhega, surovega ali zamrznjenega lesa ali lesenih prizem z dol\u017einami glede na konstrukcijo stroja.<\/p>\n<ul>\n<li>ta razli\u010dica je opremljena z zmogljivim bencinskim motorjem za neelektri\u010dno delovanje in ve\u010d neodvisnosti na mestu namestitve (brez povezave z elektri\u010dnim omre\u017ejem)<\/li>\n<li>dol\u017eina reza je odvisna od \u0161tevila raz\u0161irjenih sekcij<\/li>\n<li>vse vrste lesa se lahko re\u017eejo z istim trakom.<\/li>\n<li>trdna in brez zasuka<\/li>\n<li>nizka raven potrebnega vzdr\u017eevanja<\/li>\n<li>enostavno rokovanje<\/li>\n<li>masivno pogonsko kolo iz litega \u017eeleza<\/li>\n<li>natan\u010den vodnik<\/li>\n<li>ekscentri\u010dni sistem vpenjanja<\/li>\n<li>ro\u010dna nastavitev vi\u0161ine (debeline)<\/li>\n<li>ro\u010dno rezanje krme<\/li>\n<\/ul>\n<h6><span style=\"color: #ff0000\"><strong>DOPLA\u010cILO<\/strong>:<\/span><br \/>\nTra\u010dnica\/podalj\u0161ek BBS 550 = 650\u20ac<br \/>\nDodaten list 3552 x 32 x 0,9 mm T22= 79\u20ac<\/h6>\n<h6><strong>Vklju\u010deno v dostavo<\/strong> : 1x \u017eagalni trak<\/h6>\n","protected":false},"featured_media":2268,"template":"","meta":[],"product_brand":[],"product_cat":[1012,1013],"product_tag":[216,219,314,388,441,632,761,838,849],"class_list":{"0":"post-2267","1":"product","2":"type-product","3":"status-publish","4":"has-post-thumbnail","6":"product_cat-stroji-za-les","7":"product_cat-tracna-zaga-za-hlodovino-bbs","8":"product_tag-bbs550","9":"product_tag-bencin","10":"product_tag-depoles","11":"product_tag-g","12":"product_tag-holzmann","13":"product_tag-pila","14":"product_tag-smart","15":"product_tag-tracna-hlodovino","16":"product_tag-trupce","18":"first","19":"instock","20":"shipping-taxable","21":"purchasable","22":"product-type-simple"},"_links":{"self":[{"href":"https:\/\/www.depoles.com\/hr\/wp-json\/wp\/v2\/product\/2267","targetHints":{"allow":["GET"]}}],"collection":[{"href":"https:\/\/www.depoles.com\/hr\/wp-json\/wp\/v2\/product"}],"about":[{"href":"https:\/\/www.depoles.com\/hr\/wp-json\/wp\/v2\/types\/product"}],"wp:featuredmedia":[{"embeddable":true,"href":"https:\/\/www.depoles.com\/hr\/wp-json\/wp\/v2\/media\/2268"}],"wp:attachment":[{"href":"https:\/\/www.depoles.com\/hr\/wp-json\/wp\/v2\/media?parent=2267"}],"wp:term":[{"taxonomy":"product_brand","embeddable":true,"href":"https:\/\/www.depoles.com\/hr\/wp-json\/wp\/v2\/product_brand?post=2267"},{"taxonomy":"product_cat","embeddable":true,"href":"https:\/\/www.depoles.com\/hr\/wp-json\/wp\/v2\/product_cat?post=2267"},{"taxonomy":"product_tag","embeddable":true,"href":"https:\/\/www.depoles.com\/hr\/wp-json\/wp\/v2\/product_tag?post=2267"}],"curies":[{"name":"wp","href":"https:\/\/api.w.org\/{rel}","templated":true}]}}