{"id":2274,"date":"2020-08-20T16:24:36","date_gmt":"2020-08-20T14:24:36","guid":{"rendered":"https:\/\/nova.depoles.com\/trgovina\/list-tracne-zage-3212x32x09mm-tpi1-t22mm-bsb550b32\/"},"modified":"2026-02-12T13:46:20","modified_gmt":"2026-02-12T12:46:20","slug":"list-tracne-zage-3212x32x09mm-tpi1-t22mm-bsb550b32","status":"publish","type":"product","link":"https:\/\/www.depoles.com\/hr\/trgovina\/list-tracne-zage-3212x32x09mm-tpi1-t22mm-bsb550b32\/","title":{"rendered":"List tra\u010dne pile 3212x32x0,9mm (TPI1) T22mm BSB550B32"},"content":{"rendered":"<p><strong>Tehni\u010dni podatki:<\/strong><\/p>\n<table>\n<tbody>\n<tr>\n<th colspan=\"2\">Te\u017ea<\/th>\n<\/tr>\n<tr>\n<td>Bruto te\u017ea (kg)<\/td>\n<td>0,56<\/td>\n<\/tr>\n<tr>\n<td>Netto te\u017ea (kg)<\/td>\n<td>0,54<\/td>\n<\/tr>\n<tr>\n<th colspan=\"2\">Pakiranje<\/th>\n<\/tr>\n<tr>\n<td>\u0160irina pakiranja (mm)<\/td>\n<td>500<\/td>\n<\/tr>\n<tr>\n<td>Dol\u017eina pakiranja (mm)<\/td>\n<td>900<\/td>\n<\/tr>\n<tr>\n<td>Vi\u0161ina pakiranja (mm)<\/td>\n<td>180<\/td>\n<\/tr>\n<tr>\n<th colspan=\"2\">Splo\u0161ni podatki<\/th>\n<\/tr>\n<tr>\n<td>EAN koda<\/td>\n<td>9120058377754<\/td>\n<\/tr>\n<\/tbody>\n<\/table>\n","protected":false},"excerpt":{"rendered":"<p>Tehni\u010dni podatki: Te\u017ea Bruto te\u017ea (kg) 0,56 Netto te\u017ea (kg) 0,54 Pakiranje \u0160irina pakiranja (mm) 500 Dol\u017eina pakiranja (mm) 900 Vi\u0161ina pakiranja (mm) 180 Splo\u0161ni podatki EAN koda 9120058377754<\/p>\n","protected":false},"featured_media":2275,"template":"","meta":[],"product_brand":[],"product_cat":[1012,1013],"product_tag":[],"class_list":{"0":"post-2274","1":"product","2":"type-product","3":"status-publish","4":"has-post-thumbnail","6":"product_cat-stroji-za-les","7":"product_cat-tracna-zaga-za-hlodovino-bbs","9":"first","10":"instock","11":"shipping-taxable","12":"purchasable","13":"product-type-simple"},"_links":{"self":[{"href":"https:\/\/www.depoles.com\/hr\/wp-json\/wp\/v2\/product\/2274","targetHints":{"allow":["GET"]}}],"collection":[{"href":"https:\/\/www.depoles.com\/hr\/wp-json\/wp\/v2\/product"}],"about":[{"href":"https:\/\/www.depoles.com\/hr\/wp-json\/wp\/v2\/types\/product"}],"wp:featuredmedia":[{"embeddable":true,"href":"https:\/\/www.depoles.com\/hr\/wp-json\/wp\/v2\/media\/2275"}],"wp:attachment":[{"href":"https:\/\/www.depoles.com\/hr\/wp-json\/wp\/v2\/media?parent=2274"}],"wp:term":[{"taxonomy":"product_brand","embeddable":true,"href":"https:\/\/www.depoles.com\/hr\/wp-json\/wp\/v2\/product_brand?post=2274"},{"taxonomy":"product_cat","embeddable":true,"href":"https:\/\/www.depoles.com\/hr\/wp-json\/wp\/v2\/product_cat?post=2274"},{"taxonomy":"product_tag","embeddable":true,"href":"https:\/\/www.depoles.com\/hr\/wp-json\/wp\/v2\/product_tag?post=2274"}],"curies":[{"name":"wp","href":"https:\/\/api.w.org\/{rel}","templated":true}]}}