{"id":2278,"date":"2020-08-20T16:24:33","date_gmt":"2020-08-20T14:24:33","guid":{"rendered":"https:\/\/nova.depoles.com\/trgovina\/list-tracne-zage-3652x32x09mm-tpi1-22mm-bsb550smartb32\/"},"modified":"2026-04-15T11:46:04","modified_gmt":"2026-04-15T09:46:04","slug":"list-tracne-zage-3652x32x09mm-tpi1-22mm-bsb550smartb32","status":"publish","type":"product","link":"https:\/\/www.depoles.com\/hr\/trgovina\/list-tracne-zage-3652x32x09mm-tpi1-22mm-bsb550smartb32\/","title":{"rendered":"List tra\u010dne pile 3652x32x0,9mm TPI1 (22mm) BSB550SMARTB32"},"content":{"rendered":"<p><strong>Tehni\u010dni podatki:<\/strong><\/p>\n<table>\n<tbody>\n<tr>\n<th>Te\u017ea<\/th>\n<td><\/td>\n<\/tr>\n<tr>\n<td>Bruto te\u017ea (kg)<\/td>\n<td>0,50<\/td>\n<\/tr>\n<tr>\n<td>Netto te\u017ea (kg)<\/td>\n<td>0,40<\/td>\n<\/tr>\n<tr>\n<th>Embala\u017ea<\/th>\n<td><\/td>\n<\/tr>\n<tr>\n<td>\u0160irina embala\u017ee (mm)<\/td>\n<td>500<\/td>\n<\/tr>\n<tr>\n<td>Dol\u017eina embala\u017ee (mm)<\/td>\n<td>900<\/td>\n<\/tr>\n<tr>\n<td>Vi\u0161ina embala\u017ee (mm)<\/td>\n<td>180<\/td>\n<\/tr>\n<tr>\n<th>Splo\u0161ni podatki<\/th>\n<td><\/td>\n<\/tr>\n<tr>\n<td>EAN koda<\/td>\n<td>9120058377693<\/td>\n<\/tr>\n<\/tbody>\n<\/table>\n","protected":false},"excerpt":{"rendered":"<p>Tehni\u010dni podatki: Te\u017ea Bruto te\u017ea (kg) 0,50 Netto te\u017ea (kg) 0,40 Embala\u017ea \u0160irina embala\u017ee (mm) 500 Dol\u017eina embala\u017ee (mm) 900 Vi\u0161ina embala\u017ee (mm) 180 Splo\u0161ni podatki EAN koda 9120058377693<\/p>\n","protected":false},"featured_media":2279,"template":"","meta":[],"product_brand":[],"product_cat":[1012,1013],"product_tag":[215,541,761],"class_list":{"0":"post-2278","1":"product","2":"type-product","3":"status-publish","4":"has-post-thumbnail","6":"product_cat-stroji-za-les","7":"product_cat-tracna-zaga-za-hlodovino-bbs","8":"product_tag-bbs","9":"product_tag-list","10":"product_tag-smart","12":"first","13":"instock","14":"shipping-taxable","15":"purchasable","16":"product-type-simple"},"_links":{"self":[{"href":"https:\/\/www.depoles.com\/hr\/wp-json\/wp\/v2\/product\/2278","targetHints":{"allow":["GET"]}}],"collection":[{"href":"https:\/\/www.depoles.com\/hr\/wp-json\/wp\/v2\/product"}],"about":[{"href":"https:\/\/www.depoles.com\/hr\/wp-json\/wp\/v2\/types\/product"}],"wp:featuredmedia":[{"embeddable":true,"href":"https:\/\/www.depoles.com\/hr\/wp-json\/wp\/v2\/media\/2279"}],"wp:attachment":[{"href":"https:\/\/www.depoles.com\/hr\/wp-json\/wp\/v2\/media?parent=2278"}],"wp:term":[{"taxonomy":"product_brand","embeddable":true,"href":"https:\/\/www.depoles.com\/hr\/wp-json\/wp\/v2\/product_brand?post=2278"},{"taxonomy":"product_cat","embeddable":true,"href":"https:\/\/www.depoles.com\/hr\/wp-json\/wp\/v2\/product_cat?post=2278"},{"taxonomy":"product_tag","embeddable":true,"href":"https:\/\/www.depoles.com\/hr\/wp-json\/wp\/v2\/product_tag?post=2278"}],"curies":[{"name":"wp","href":"https:\/\/api.w.org\/{rel}","templated":true}]}}